{"id":19268,"date":"2024-04-12T11:55:08","date_gmt":"2024-04-12T09:55:08","guid":{"rendered":"https:\/\/www.gess365.com\/?post_type=product&#038;p=19268"},"modified":"2026-04-11T00:52:11","modified_gmt":"2026-04-10T22:52:11","slug":"gess-neo-chi-machine","status":"publish","type":"product","link":"https:\/\/www.gess365.com\/ru\/shop\/full-body-massagers-gess\/gess-neo-chi-machine\/","title":{"rendered":"\u041c\u0430\u0441\u0441\u0430\u0436\u0435\u0440 \u0434\u043b\u044f \u0441\u043f\u0438\u043d\u044b GESS NEO Chi Machine, \u0441\u0438\u043d\u0438\u0439"},"content":{"rendered":"<h2>GESS NEO Swing Massager &#8211; \u0427\u0438 \u043c\u0430\u0448\u0438\u043d\u0430 \u0434\u043b\u044f \u043c\u0430\u0441\u0441\u0430\u0436\u0430 \u043f\u043e\u0437\u0432\u043e\u043d\u043e\u0447\u043d\u0438\u043a\u0430 \u0438 \u0441\u043f\u0438\u043d\u044b, \u0442\u0435\u0440\u0430\u043f\u0438\u0438 \u043e\u0441\u0442\u0435\u043e\u0445\u043e\u043d\u0434\u0440\u043e\u0437\u0430, \u043c\u043d\u043e\u0433\u043e\u0444\u0443\u043d\u043a\u0446\u0438\u043e\u043d\u0430\u043b\u044c\u043d\u044b\u0439 \u0432\u0438\u0442\u0430\u043b\u0438\u0437\u0430\u0442\u043e\u0440 \u0434\u043b\u044f \u0432\u0430\u0448\u0435\u0433\u043e \u0437\u0434\u043e\u0440\u043e\u0432\u044c\u044f<\/h2>\n<p><strong>\u041c\u043e\u0434\u0435\u043b\u044c<\/strong>: GESS-222<\/p>\n<p>\u041e\u0442\u043a\u0440\u043e\u0439\u0442\u0435 \u0434\u043b\u044f \u0441\u0435\u0431\u044f \u0430\u043f\u043f\u0430\u0440\u0430\u0442 <strong>GESS NEO Chi,<\/strong> \u043f\u0440\u043e\u0444\u0435\u0441\u0441\u0438\u043e\u043d\u0430\u043b\u044c\u043d\u044b\u0439 \u043c\u0430\u0441\u0441\u0430\u0436\u0435\u0440, \u043a\u043e\u0442\u043e\u0440\u044b\u0439 \u0437\u043d\u0430\u0447\u0438\u0442\u0435\u043b\u044c\u043d\u043e \u0443\u043b\u0443\u0447\u0448\u0438\u0442 \u0432\u0430\u0448\u0435 \u0437\u0434\u043e\u0440\u043e\u0432\u044c\u0435 \u0438 \u0441\u0430\u043c\u043e\u0447\u0443\u0432\u0441\u0442\u0432\u0438\u0435. \u0418\u0441\u043f\u043e\u043b\u044c\u0437\u0443\u044f \u0442\u0435\u0445\u043d\u043e\u043b\u043e\u0433\u0438\u044e \u043a\u0430\u0447\u0430\u044e\u0449\u0435\u0433\u043e \u043c\u0430\u0441\u0441\u0430\u0436\u0430, \u0430\u043f\u043f\u0430\u0440\u0430\u0442 \u0427\u0438 \u043f\u0435\u0440\u0435\u0434\u0430\u0435\u0442 \u0432\u043e\u043b\u043d\u043e\u043e\u0431\u0440\u0430\u0437\u043d\u044b\u0435 \u0434\u0432\u0438\u0436\u0435\u043d\u0438\u044f \u043e\u0442 \u043d\u043e\u0433 \u043a \u043f\u043e\u0437\u0432\u043e\u043d\u043e\u0447\u043d\u0438\u043a\u0443 \u0438 \u0432\u0441\u0435\u043c\u0443 \u0442\u0435\u043b\u0443. \u0420\u0430\u0441\u0441\u043b\u0430\u0431\u043b\u044f\u044e\u0449\u0438\u0439, \u043c\u0430\u0441\u0441\u0438\u0440\u0443\u044e\u0449\u0438\u0439 \u0438 \u0441\u0442\u0438\u043c\u0443\u043b\u0438\u0440\u0443\u044e\u0449\u0438\u0439 \u044d\u0444\u0444\u0435\u043a\u0442 \u0443\u0441\u0438\u043b\u0438\u0432\u0430\u0435\u0442 \u043a\u0440\u043e\u0432\u043e\u043e\u0431\u0440\u0430\u0449\u0435\u043d\u0438\u0435, \u043f\u043e\u0432\u044b\u0448\u0430\u0435\u0442 \u0443\u0440\u043e\u0432\u0435\u043d\u044c \u043a\u0438\u0441\u043b\u043e\u0440\u043e\u0434\u0430 \u0432 \u043a\u0440\u043e\u0432\u0438 \u0438 \u0441\u043d\u0438\u0436\u0430\u0435\u0442 \u0443\u0442\u043e\u043c\u043b\u044f\u0435\u043c\u043e\u0441\u0442\u044c. \u0418\u0434\u0435\u0430\u043b\u044c\u043d\u043e \u043f\u043e\u0434\u0445\u043e\u0434\u0438\u0442 \u0434\u043b\u044f \u043b\u0435\u0447\u0435\u043d\u0438\u044f \u043e\u0441\u0442\u0435\u043e\u0445\u043e\u043d\u0434\u0440\u043e\u0437\u0430, \u0441\u0442\u0430\u0431\u0438\u043b\u0438\u0437\u0430\u0446\u0438\u0438 \u043f\u043e\u0437\u0432\u043e\u043d\u043e\u0447\u043d\u0438\u043a\u0430 \u0438 \u043e\u0431\u043b\u0435\u0433\u0447\u0435\u043d\u0438\u044f \u0431\u043e\u043b\u0435\u0439 \u0432 \u0441\u043f\u0438\u043d\u0435.<\/p>\n<p><strong>\u0423\u043d\u0438\u0432\u0435\u0440\u0441\u0430\u043b\u044c\u043d\u044b\u0435 \u0444\u0443\u043d\u043a\u0446\u0438\u0438:<\/strong><\/p>\n<p>\u041b\u0435\u0433\u043a\u043e \u0443\u043f\u0440\u0430\u0432\u043b\u044f\u0439\u0442\u0435 \u0441\u043a\u043e\u0440\u043e\u0441\u0442\u044c\u044e (\u043d\u0438\u0437\u043a\u0430\u044f, \u0441\u0440\u0435\u0434\u043d\u044f\u044f \u0438 \u0432\u044b\u0441\u043e\u043a\u0430\u044f) \u0438 \u0432\u0440\u0435\u043c\u0435\u043d\u0435\u043c (5, 10, 15 \u0438\u043b\u0438 20 \u043c\u0438\u043d\u0443\u0442) \u0441 \u043f\u043e\u043c\u043e\u0449\u044c\u044e \u043f\u0440\u043e\u0432\u043e\u0434\u043d\u043e\u0433\u043e \u043f\u0443\u043b\u044c\u0442\u0430 \u0434\u0438\u0441\u0442\u0430\u043d\u0446\u0438\u043e\u043d\u043d\u043e\u0433\u043e \u0443\u043f\u0440\u0430\u0432\u043b\u0435\u043d\u0438\u044f. \u041f\u0440\u043e\u0441\u0442\u043e \u043b\u044f\u0433\u0442\u0435, \u043f\u043e\u043b\u043e\u0436\u0438\u0442\u0435 \u043b\u043e\u0434\u044b\u0436\u043a\u0438 \u043d\u0430 \u043c\u0430\u0441\u0441\u0430\u0436\u0435\u0440 \u0434\u043b\u044f \u043d\u043e\u0433 \u0438 \u043d\u0430\u0441\u043b\u0430\u0436\u0434\u0430\u0439\u0442\u0435\u0441\u044c \u043f\u0440\u0435\u0438\u043c\u0443\u0449\u0435\u0441\u0442\u0432\u0430\u043c\u0438 Chi-Vitalizer. 15 \u043c\u0438\u043d\u0443\u0442 \u043d\u0430 \u0442\u0440\u0435\u043d\u0430\u0436\u0435\u0440\u0435 \u0427\u0438 \u044d\u043a\u0432\u0438\u0432\u0430\u043b\u0435\u043d\u0442\u043d\u044b \u043f\u0440\u0438\u043c\u0435\u0440\u043d\u043e 10 000 \u0448\u0430\u0433\u0430\u043c \u0441 \u0442\u043e\u0447\u043a\u0438 \u0437\u0440\u0435\u043d\u0438\u044f \u0437\u0430\u0442\u0440\u0430\u0442 \u044d\u043d\u0435\u0440\u0433\u0438\u0438 \u0438 \u043f\u043e\u043b\u044c\u0437\u044b \u0434\u043b\u044f \u0437\u0434\u043e\u0440\u043e\u0432\u044c\u044f.<\/p>\n<p>\u041f\u043e\u043c\u0438\u043c\u043e \u043e\u0441\u043d\u043e\u0432\u043d\u043e\u0439 \u0444\u0443\u043d\u043a\u0446\u0438\u0438, \u0432\u0438\u0431\u0440\u043e\u043c\u0430\u0448\u0438\u043d\u0430 \u043f\u043e\u043c\u043e\u0433\u0430\u0435\u0442 \u0440\u0435\u0448\u0438\u0442\u044c \u0440\u0430\u0437\u043d\u043e\u043e\u0431\u0440\u0430\u0437\u043d\u044b\u0435 \u043f\u0440\u043e\u0431\u043b\u0435\u043c\u044b \u0441\u043e \u0437\u0434\u043e\u0440\u043e\u0432\u044c\u0435\u043c \u0438 \u0443\u043b\u0443\u0447\u0448\u0438\u0442\u044c \u043a\u0430\u0447\u0435\u0441\u0442\u0432\u043e \u0436\u0438\u0437\u043d\u0438:<\/p>\n<p>\u0421\u0436\u0438\u0433\u0430\u043d\u0438\u0435 \u0436\u0438\u0440\u0430: \u043c\u0430\u0448\u0438\u043d\u0430 Chi \u043f\u043e\u0434\u0434\u0435\u0440\u0436\u0438\u0432\u0430\u0435\u0442 \u0432\u0430\u0448\u0438 \u0442\u0440\u0435\u043d\u0438\u0440\u043e\u0432\u043a\u0438!<br \/>\n\u041f\u043e\u0432\u044b\u0448\u0435\u043d\u0438\u0435 \u0438\u043c\u043c\u0443\u043d\u0438\u0442\u0435\u0442\u0430: \u0442\u043e\u043d\u0438\u0437\u0438\u0440\u0443\u0435\u0442 \u0438 \u0443\u043a\u0440\u0435\u043f\u043b\u044f\u0435\u0442 \u043c\u044b\u0448\u0446\u044b \u0437\u0430 \u0441\u0447\u0435\u0442 \u0443\u043b\u0443\u0447\u0448\u0435\u043d\u0438\u044f \u043a\u0440\u043e\u0432\u043e\u043e\u0431\u0440\u0430\u0449\u0435\u043d\u0438\u044f.<br \/>\n\u041e\u0431\u043e\u0433\u0430\u0449\u0435\u043d\u0438\u0435 \u043a\u0438\u0441\u043b\u043e\u0440\u043e\u0434\u0430: \u043d\u0435\u0434\u043e\u0441\u0442\u0430\u0442\u043e\u043a \u043a\u0438\u0441\u043b\u043e\u0440\u043e\u0434\u0430 \u0432 \u043a\u0440\u043e\u0432\u0438 \u0432\u043e\u0441\u043f\u043e\u043b\u043d\u044f\u0435\u0442\u0441\u044f \u0443\u043b\u0443\u0447\u0448\u0435\u043d\u0438\u0435\u043c \u043a\u0440\u043e\u0432\u043e\u043e\u0431\u0440\u0430\u0449\u0435\u043d\u0438\u044f.<br \/>\n\u0423\u043b\u0443\u0447\u0448\u0435\u043d\u0438\u0435 \u043a\u0430\u0447\u0435\u0441\u0442\u0432\u0430 \u0441\u043d\u0430: \u0441\u043d\u044f\u0442\u0438\u0435 \u0441\u0442\u0440\u0435\u0441\u0441\u0430 \u0438 \u0440\u0430\u0441\u0441\u043b\u0430\u0431\u043b\u0435\u043d\u0438\u0435.<br \/>\n\u0421\u043d\u0438\u0436\u0435\u043d\u0438\u0435 \u0441\u0442\u0440\u0435\u0441\u0441\u0430: \u043b\u0443\u0447\u0448\u0435 \u0432\u0441\u0435\u0433\u043e \u0438\u0441\u043f\u043e\u043b\u044c\u0437\u043e\u0432\u0430\u0442\u044c \u0441 17:00 \u0434\u043e 20:00, \u043f\u043e \u043a\u0440\u0430\u0439\u043d\u0435\u0439 \u043c\u0435\u0440\u0435, \u0437\u0430 90 \u043c\u0438\u043d\u0443\u0442 \u0434\u043e \u0441\u043d\u0430.<br \/>\n\u041e\u0431\u043b\u0435\u0433\u0447\u0435\u043d\u0438\u0435 \u0441\u0438\u043d\u0434\u0440\u043e\u043c\u0430 \u0431\u0435\u0441\u043f\u043e\u043a\u043e\u0439\u043d\u044b\u0445 \u043d\u043e\u0433: \u0443\u043c\u0435\u043d\u044c\u0448\u0435\u043d\u0438\u0435 \u0434\u0440\u043e\u0436\u0438 \u0438 \u0442\u0440\u044f\u0441\u043a\u0438.<br \/>\n\u041e\u0431\u043b\u0435\u0433\u0447\u0435\u043d\u0438\u0435 \u0431\u0435\u0441\u0441\u043e\u043d\u043d\u0438\u0446\u044b: \u0441\u043e\u0447\u0435\u0442\u0430\u043d\u0438\u0435 \u0437\u0435\u043b\u0435\u043d\u043e\u0433\u043e \u0447\u0430\u044f, \u043d\u0435\u0436\u043d\u043e\u0439 \u043c\u0443\u0437\u044b\u043a\u0438 \u0438 \u0443\u043f\u0440\u0430\u0436\u043d\u0435\u043d\u0438\u0439 \u043d\u0430 \u043c\u0430\u0448\u0438\u043d\u0435 \u0446\u0438 \u0443\u0441\u043f\u043e\u043a\u0430\u0438\u0432\u0430\u0435\u0442 \u043d\u0435\u0440\u0432\u043d\u0443\u044e \u0441\u0438\u0441\u0442\u0435\u043c\u0443 \u0438 \u0443\u043b\u0443\u0447\u0448\u0430\u0435\u0442 \u0441\u043e\u043d.<\/p>\n<p><strong>\u041f\u0430\u043a\u0435\u0442 \u0432\u043a\u043b\u044e\u0447\u0430\u0435\u0442 \u0432 \u0441\u0435\u0431\u044f:<\/strong><\/p>\n<p>1 \u0445 \u043a\u0430\u0447\u0430\u044e\u0449\u0438\u0439\u0441\u044f \u043c\u0430\u0441\u0441\u0430\u0436\u0435\u0440 GESS NEO<br \/>\n1 \u0445 \u043f\u0443\u043b\u044c\u0442 \u0434\u0438\u0441\u0442\u0430\u043d\u0446\u0438\u043e\u043d\u043d\u043e\u0433\u043e \u0443\u043f\u0440\u0430\u0432\u043b\u0435\u043d\u0438\u044f<br \/>\n1 \u0445 \u0430\u0434\u0430\u043f\u0442\u0435\u0440<br \/>\n1 \u0445 \u0438\u043d\u0441\u0442\u0440\u0443\u043a\u0446\u0438\u044f<\/p>\n<p><strong>\u0422\u0435\u0445\u043d\u0438\u0447\u0435\u0441\u043a\u0438\u0435 \u0434\u0430\u043d\u043d\u044b\u0435:<\/strong><\/p>\n<p>\u0426\u0432\u0435\u0442: \u0421\u0438\u043d\u0438\u0439<br \/>\n\u041d\u0430\u043f\u0440\u044f\u0436\u0435\u043d\u0438\u0435: 220-240\/50-60 \u0412\/\u0413\u0446<br \/>\n\u041f\u043e\u0442\u0440\u0435\u0431\u043b\u0435\u043d\u0438\u0435 \u044d\u043d\u0435\u0440\u0433\u0438\u0438: 50 \u0412\u0442<br \/>\n\u0412\u0435\u0441: 4,1 \u043a\u0433<br \/>\n\u0420\u0430\u0437\u043c\u0435\u0440 \u0443\u043f\u0430\u043a\u043e\u0432\u043a\u0438: 375 \u0445 259 \u0445 341 \u043c\u043c.<\/p>\n","protected":false},"excerpt":{"rendered":"<h1>GESS NEO Chi Machine \/ Chi Massager<\/h1>\n<p>is a revolutionary device designed for passive aerobic exercise. Mimicking the wave-like motion of a goldfish&#8217;s spine, NEO provides a relaxing, massaging, and stimulating experience while improving blood circulation and elevating oxygen levels in the blood. This versatile massager is ideal for osteochondrosis therapy, spine stabilization, and backache relief.<\/p>\n","protected":false},"featured_media":19270,"comment_status":"open","ping_status":"closed","template":"","meta":[],"product_cat":[263,89],"product_tag":[237,167,715,849,850,360,853,848,421,852,306,851],"yoast_head":"<!-- This site is optimized with the Yoast SEO Premium plugin v21.9 (Yoast SEO v22.9) - https:\/\/yoast.com\/wordpress\/plugins\/seo\/ -->\n<title>\u041c\u0430\u0441\u0441\u0430\u0436\u0435\u0440 \u0434\u043b\u044f \u0441\u043f\u0438\u043d\u044b GESS NEO Chi Machine, \u0441\u0438\u043d\u0438\u0439<\/title>\n<meta name=\"description\" content=\"Experience the revolutionary NEO Passive Aerobic Exercise Device. Mimicking the soothing motion of a goldfish&#039;s spine, NEO provides relaxation, massage, and\" \/>\n<meta name=\"robots\" content=\"index, follow, max-snippet:-1, max-image-preview:large, max-video-preview:-1\" \/>\n<link rel=\"canonical\" href=\"https:\/\/www.gess365.com\/ru\/shop\/full-body-massagers-gess\/gess-neo-chi-machine\/\" \/>\n<meta property=\"og:locale\" content=\"ru_RU\" \/>\n<meta property=\"og:locale:alternate\" content=\"en_GB\" \/>\n<meta property=\"og:locale:alternate\" content=\"de_DE\" \/>\n<meta property=\"og:type\" content=\"article\" \/>\n<meta property=\"og:title\" content=\"\u041c\u0430\u0441\u0441\u0430\u0436\u0435\u0440 \u0434\u043b\u044f \u0441\u043f\u0438\u043d\u044b GESS NEO Chi Machine, \u0441\u0438\u043d\u0438\u0439\" \/>\n<meta property=\"og:description\" content=\"Experience the revolutionary NEO Passive Aerobic Exercise Device. Mimicking the soothing motion of a goldfish&#039;s spine, NEO provides relaxation, massage, and\" \/>\n<meta property=\"og:url\" content=\"https:\/\/www.gess365.com\/ru\/shop\/full-body-massagers-gess\/gess-neo-chi-machine\/\" \/>\n<meta property=\"og:site_name\" content=\"GESS&trade; | &nbsp;Official Online-Store, EU\" \/>\n<meta property=\"article:publisher\" content=\"https:\/\/www.facebook.com\/gessmarket.eu\" \/>\n<meta property=\"article:modified_time\" content=\"2026-04-10T22:52:11+00:00\" \/>\n<meta property=\"og:image\" content=\"https:\/\/www.gess365.com\/wp-content\/uploads\/2024\/04\/NEO-1_cc1d3991-f743-45d8-b992-62a17b91a170_1024x1024@2x.webp\" \/>\n\t<meta property=\"og:image:width\" content=\"1500\" \/>\n\t<meta property=\"og:image:height\" content=\"1501\" \/>\n\t<meta property=\"og:image:type\" content=\"image\/webp\" \/>\n<meta name=\"twitter:card\" content=\"summary_large_image\" \/>\n<meta name=\"twitter:label1\" content=\"\u041f\u0440\u0438\u043c\u0435\u0440\u043d\u043e\u0435 \u0432\u0440\u0435\u043c\u044f \u0434\u043b\u044f \u0447\u0442\u0435\u043d\u0438\u044f\" \/>\n\t<meta name=\"twitter:data1\" content=\"2 \u043c\u0438\u043d\u0443\u0442\u044b\" \/>\n<script type=\"application\/ld+json\" class=\"yoast-schema-graph\">{\"@context\":\"https:\/\/schema.org\",\"@graph\":[{\"@type\":\"WebPage\",\"@id\":\"https:\/\/www.gess365.com\/shop\/full-body-massagers-gess\/gess-neo-chi-machine\/\",\"url\":\"https:\/\/www.gess365.com\/shop\/full-body-massagers-gess\/gess-neo-chi-machine\/\",\"name\":\"\u041c\u0430\u0441\u0441\u0430\u0436\u0435\u0440 \u0434\u043b\u044f \u0441\u043f\u0438\u043d\u044b GESS NEO Chi Machine, \u0441\u0438\u043d\u0438\u0439\",\"isPartOf\":{\"@id\":\"https:\/\/www.gess365.com\/#website\"},\"primaryImageOfPage\":{\"@id\":\"https:\/\/www.gess365.com\/shop\/full-body-massagers-gess\/gess-neo-chi-machine\/#primaryimage\"},\"image\":{\"@id\":\"https:\/\/www.gess365.com\/shop\/full-body-massagers-gess\/gess-neo-chi-machine\/#primaryimage\"},\"thumbnailUrl\":\"https:\/\/www.gess365.com\/wp-content\/uploads\/2024\/04\/NEO-1_cc1d3991-f743-45d8-b992-62a17b91a170_1024x1024@2x.webp\",\"datePublished\":\"2024-04-12T09:55:08+00:00\",\"dateModified\":\"2026-04-10T22:52:11+00:00\",\"description\":\"Experience the revolutionary NEO Passive Aerobic Exercise Device. Mimicking the soothing motion of a goldfish's spine, NEO provides relaxation, massage, and\",\"breadcrumb\":{\"@id\":\"https:\/\/www.gess365.com\/shop\/full-body-massagers-gess\/gess-neo-chi-machine\/#breadcrumb\"},\"inLanguage\":\"ru-RU\",\"potentialAction\":[{\"@type\":\"ReadAction\",\"target\":[\"https:\/\/www.gess365.com\/shop\/full-body-massagers-gess\/gess-neo-chi-machine\/\"]}]},{\"@type\":\"ImageObject\",\"inLanguage\":\"ru-RU\",\"@id\":\"https:\/\/www.gess365.com\/shop\/full-body-massagers-gess\/gess-neo-chi-machine\/#primaryimage\",\"url\":\"https:\/\/www.gess365.com\/wp-content\/uploads\/2024\/04\/NEO-1_cc1d3991-f743-45d8-b992-62a17b91a170_1024x1024@2x.webp\",\"contentUrl\":\"https:\/\/www.gess365.com\/wp-content\/uploads\/2024\/04\/NEO-1_cc1d3991-f743-45d8-b992-62a17b91a170_1024x1024@2x.webp\",\"width\":1500,\"height\":1501,\"caption\":\"GESS NEO Chi Machine Chi Massage Back Spine Massager\"},{\"@type\":\"BreadcrumbList\",\"@id\":\"https:\/\/www.gess365.com\/shop\/full-body-massagers-gess\/gess-neo-chi-machine\/#breadcrumb\",\"itemListElement\":[{\"@type\":\"ListItem\",\"position\":1,\"name\":\"Home\",\"item\":\"https:\/\/www.gess365.com\/\"},{\"@type\":\"ListItem\",\"position\":2,\"name\":\"\u0418\u043d\u0442\u0435\u0440\u043d\u0435\u0442-\u043c\u0430\u0433\u0430\u0437\u0438\u043d\",\"item\":\"https:\/\/www.gess365.com\/ru\/shop\/\"},{\"@type\":\"ListItem\",\"position\":3,\"name\":\"GESS NEO Chi Machine Back Massager, Blue\"}]},{\"@type\":\"WebSite\",\"@id\":\"https:\/\/www.gess365.com\/#website\",\"url\":\"https:\/\/www.gess365.com\/\",\"name\":\"GESS Market\",\"description\":\"GESS MARKET OU\",\"publisher\":{\"@id\":\"https:\/\/www.gess365.com\/#organization\"},\"alternateName\":\"Heating Blanket, Massage and Health Care E Shop | GESS MARKET OU\",\"potentialAction\":[{\"@type\":\"SearchAction\",\"target\":{\"@type\":\"EntryPoint\",\"urlTemplate\":\"https:\/\/www.gess365.com\/?s={search_term_string}\"},\"query-input\":\"required name=search_term_string\"}],\"inLanguage\":\"ru-RU\"},{\"@type\":\"Organization\",\"@id\":\"https:\/\/www.gess365.com\/#organization\",\"name\":\"GESS MARKET OU\",\"alternateName\":\"Heating Blanket, Massage and Health Care E Shop | GESS MARKET OU\",\"url\":\"https:\/\/www.gess365.com\/\",\"logo\":{\"@type\":\"ImageObject\",\"inLanguage\":\"ru-RU\",\"@id\":\"https:\/\/www.gess365.com\/#\/schema\/logo\/image\/\",\"url\":\"https:\/\/www.gess365.com\/wp-content\/uploads\/2014\/12\/GESS_na-prozrachnom-fone.png\",\"contentUrl\":\"https:\/\/www.gess365.com\/wp-content\/uploads\/2014\/12\/GESS_na-prozrachnom-fone.png\",\"width\":283,\"height\":142,\"caption\":\"GESS MARKET OU\"},\"image\":{\"@id\":\"https:\/\/www.gess365.com\/#\/schema\/logo\/image\/\"},\"sameAs\":[\"https:\/\/www.facebook.com\/gessmarket.eu\",\"https:\/\/www.instagram.com\/gessmarket.eu\/\",\"https:\/\/www.youtube.com\/channel\/UCctSJmzO2z-hcz0J-goW25Q\"],\"publishingPrinciples\":\"https:\/\/www.gess365.com\/massage-products\/\",\"ownershipFundingInfo\":\"https:\/\/www.gess365.com\/massage-products\/\"}]}<\/script>\n<!-- \/ Yoast SEO Premium plugin. -->","yoast_head_json":{"title":"\u041c\u0430\u0441\u0441\u0430\u0436\u0435\u0440 \u0434\u043b\u044f \u0441\u043f\u0438\u043d\u044b GESS NEO Chi Machine, \u0441\u0438\u043d\u0438\u0439","description":"Experience the revolutionary NEO Passive Aerobic Exercise Device. Mimicking the soothing motion of a goldfish's spine, NEO provides relaxation, massage, and","robots":{"index":"index","follow":"follow","max-snippet":"max-snippet:-1","max-image-preview":"max-image-preview:large","max-video-preview":"max-video-preview:-1"},"canonical":"https:\/\/www.gess365.com\/ru\/shop\/full-body-massagers-gess\/gess-neo-chi-machine\/","og_locale":"ru_RU","og_type":"article","og_title":"[:en]GESS NEO Chi Machine Back Massager, Blue[:de]GESS NEO Swing-Massager Wirbels\u00e4ule R\u00fccken Massageger\u00e4t Chi-Maschine[:ru]\u041c\u0430\u0441\u0441\u0430\u0436\u0435\u0440 \u0434\u043b\u044f \u0441\u043f\u0438\u043d\u044b GESS NEO Chi Machine, \u0441\u0438\u043d\u0438\u0439[:]","og_description":"Experience the revolutionary NEO Passive Aerobic Exercise Device. Mimicking the soothing motion of a goldfish's spine, NEO provides relaxation, massage, and","og_url":"https:\/\/www.gess365.com\/ru\/shop\/full-body-massagers-gess\/gess-neo-chi-machine\/","og_site_name":"GESS&trade; | &nbsp;Official Online-Store, EU","article_publisher":"https:\/\/www.facebook.com\/gessmarket.eu","article_modified_time":"2026-04-10T22:52:11+00:00","og_image":[{"width":1500,"height":1501,"url":"https:\/\/www.gess365.com\/wp-content\/uploads\/2024\/04\/NEO-1_cc1d3991-f743-45d8-b992-62a17b91a170_1024x1024@2x.webp","type":"image\/webp"}],"twitter_card":"summary_large_image","twitter_misc":{"\u041f\u0440\u0438\u043c\u0435\u0440\u043d\u043e\u0435 \u0432\u0440\u0435\u043c\u044f \u0434\u043b\u044f \u0447\u0442\u0435\u043d\u0438\u044f":"2 \u043c\u0438\u043d\u0443\u0442\u044b"},"schema":{"@context":"https:\/\/schema.org","@graph":[{"@type":"WebPage","@id":"https:\/\/www.gess365.com\/shop\/full-body-massagers-gess\/gess-neo-chi-machine\/","url":"https:\/\/www.gess365.com\/shop\/full-body-massagers-gess\/gess-neo-chi-machine\/","name":"\u041c\u0430\u0441\u0441\u0430\u0436\u0435\u0440 \u0434\u043b\u044f \u0441\u043f\u0438\u043d\u044b GESS NEO Chi Machine, \u0441\u0438\u043d\u0438\u0439","isPartOf":{"@id":"https:\/\/www.gess365.com\/#website"},"primaryImageOfPage":{"@id":"https:\/\/www.gess365.com\/shop\/full-body-massagers-gess\/gess-neo-chi-machine\/#primaryimage"},"image":{"@id":"https:\/\/www.gess365.com\/shop\/full-body-massagers-gess\/gess-neo-chi-machine\/#primaryimage"},"thumbnailUrl":"https:\/\/www.gess365.com\/wp-content\/uploads\/2024\/04\/NEO-1_cc1d3991-f743-45d8-b992-62a17b91a170_1024x1024@2x.webp","datePublished":"2024-04-12T09:55:08+00:00","dateModified":"2026-04-10T22:52:11+00:00","description":"Experience the revolutionary NEO Passive Aerobic Exercise Device. Mimicking the soothing motion of a goldfish's spine, NEO provides relaxation, massage, and","breadcrumb":{"@id":"https:\/\/www.gess365.com\/shop\/full-body-massagers-gess\/gess-neo-chi-machine\/#breadcrumb"},"inLanguage":"ru-RU","potentialAction":[{"@type":"ReadAction","target":["https:\/\/www.gess365.com\/shop\/full-body-massagers-gess\/gess-neo-chi-machine\/"]}]},{"@type":"ImageObject","inLanguage":"ru-RU","@id":"https:\/\/www.gess365.com\/shop\/full-body-massagers-gess\/gess-neo-chi-machine\/#primaryimage","url":"https:\/\/www.gess365.com\/wp-content\/uploads\/2024\/04\/NEO-1_cc1d3991-f743-45d8-b992-62a17b91a170_1024x1024@2x.webp","contentUrl":"https:\/\/www.gess365.com\/wp-content\/uploads\/2024\/04\/NEO-1_cc1d3991-f743-45d8-b992-62a17b91a170_1024x1024@2x.webp","width":1500,"height":1501,"caption":"GESS NEO Chi Machine Chi Massage Back Spine Massager"},{"@type":"BreadcrumbList","@id":"https:\/\/www.gess365.com\/shop\/full-body-massagers-gess\/gess-neo-chi-machine\/#breadcrumb","itemListElement":[{"@type":"ListItem","position":1,"name":"Home","item":"https:\/\/www.gess365.com\/"},{"@type":"ListItem","position":2,"name":"\u0418\u043d\u0442\u0435\u0440\u043d\u0435\u0442-\u043c\u0430\u0433\u0430\u0437\u0438\u043d","item":"https:\/\/www.gess365.com\/ru\/shop\/"},{"@type":"ListItem","position":3,"name":"GESS NEO Chi Machine Back Massager, Blue"}]},{"@type":"WebSite","@id":"https:\/\/www.gess365.com\/#website","url":"https:\/\/www.gess365.com\/","name":"GESS Market","description":"GESS MARKET OU","publisher":{"@id":"https:\/\/www.gess365.com\/#organization"},"alternateName":"Heating Blanket, Massage and Health Care E Shop | GESS MARKET OU","potentialAction":[{"@type":"SearchAction","target":{"@type":"EntryPoint","urlTemplate":"https:\/\/www.gess365.com\/?s={search_term_string}"},"query-input":"required name=search_term_string"}],"inLanguage":"ru-RU"},{"@type":"Organization","@id":"https:\/\/www.gess365.com\/#organization","name":"GESS MARKET OU","alternateName":"Heating Blanket, Massage and Health Care E Shop | GESS MARKET OU","url":"https:\/\/www.gess365.com\/","logo":{"@type":"ImageObject","inLanguage":"ru-RU","@id":"https:\/\/www.gess365.com\/#\/schema\/logo\/image\/","url":"https:\/\/www.gess365.com\/wp-content\/uploads\/2014\/12\/GESS_na-prozrachnom-fone.png","contentUrl":"https:\/\/www.gess365.com\/wp-content\/uploads\/2014\/12\/GESS_na-prozrachnom-fone.png","width":283,"height":142,"caption":"GESS MARKET OU"},"image":{"@id":"https:\/\/www.gess365.com\/#\/schema\/logo\/image\/"},"sameAs":["https:\/\/www.facebook.com\/gessmarket.eu","https:\/\/www.instagram.com\/gessmarket.eu\/","https:\/\/www.youtube.com\/channel\/UCctSJmzO2z-hcz0J-goW25Q"],"publishingPrinciples":"https:\/\/www.gess365.com\/massage-products\/","ownershipFundingInfo":"https:\/\/www.gess365.com\/massage-products\/"}]}},"_links":{"self":[{"href":"https:\/\/www.gess365.com\/ru\/wp-json\/wp\/v2\/product\/19268"}],"collection":[{"href":"https:\/\/www.gess365.com\/ru\/wp-json\/wp\/v2\/product"}],"about":[{"href":"https:\/\/www.gess365.com\/ru\/wp-json\/wp\/v2\/types\/product"}],"replies":[{"embeddable":true,"href":"https:\/\/www.gess365.com\/ru\/wp-json\/wp\/v2\/comments?post=19268"}],"wp:featuredmedia":[{"embeddable":true,"href":"https:\/\/www.gess365.com\/ru\/wp-json\/wp\/v2\/media\/19270"}],"wp:attachment":[{"href":"https:\/\/www.gess365.com\/ru\/wp-json\/wp\/v2\/media?parent=19268"}],"wp:term":[{"taxonomy":"product_cat","embeddable":true,"href":"https:\/\/www.gess365.com\/ru\/wp-json\/wp\/v2\/product_cat?post=19268"},{"taxonomy":"product_tag","embeddable":true,"href":"https:\/\/www.gess365.com\/ru\/wp-json\/wp\/v2\/product_tag?post=19268"}],"curies":[{"name":"wp","href":"https:\/\/api.w.org\/{rel}","templated":true}]}}