{"id":20434,"date":"2025-12-30T16:23:24","date_gmt":"2025-12-30T14:23:24","guid":{"rendered":"https:\/\/www.gess365.com\/?post_type=product&#038;p=20434"},"modified":"2026-04-21T08:49:30","modified_gmt":"2026-04-21T06:49:30","slug":"gess-faceactive-bms-expert-video-training","status":"publish","type":"product","link":"https:\/\/www.gess365.com\/de\/shop\/cosmetic-devices-and-products-gess\/gess-faceactive-bms-expert-video-training\/","title":{"rendered":"GESS FaceActive BMS NAZAROV Methodentraining: 5-in-1-Paket"},"content":{"rendered":"<div class=\"product-description rte\">\n<p>F\u00fcnf kurze, thematisch aufeinander abgestimmte Videos mit praktischen Techniken, wichtigen Theorien und Tipps von erfahrenen Experten. Geeignet f\u00fcr professionelle Kosmetikerinnen und FaceActive BMS-Nutzer. Mit Ihrem pers\u00f6nlichen Zugangspass k\u00f6nnen Sie die Videos jederzeit direkt in Ihrem Konto ansehen.<\/p>\n<p><img decoding=\"async\" src=\"https:\/\/cdn.shopify.com\/s\/files\/1\/0548\/9845\/8824\/files\/c6059d1ca6ac9824e4e2181a8e68029f.png?v=1765784389\" alt=\"\" \/><\/p>\n<p><strong class=\"qwen-markdown-strong\"><span class=\"qwen-markdown-text\" data-spm-anchor-id=\"a2ty_o01.29997173.0.i8.52635171nRMLaz\"><img \/><img \/><img decoding=\"async\" src=\"https:\/\/cdn.shopify.com\/s\/files\/1\/0548\/9845\/8824\/files\/01.png?v=1765784185\" alt=\"\" \/><img \/><\/span><\/strong><\/p>\n<p><strong>Yulia Zartayskaya<\/strong> \u2013 Gesichtsfitness-Trainerin<\/p>\n<p><strong>Thema<\/strong>: Warum und wie das Gesicht altert<\/p>\n<p><strong>Schwerpunkt<\/strong>: H\u00e4ngeb\u00e4ckchen &#038; Nasolabialfalten<\/p>\n<p>In diesem Training erkl\u00e4rt Yulia, wie und warum sich die Zeichen der Hautalterung im Gesicht zeigen \u2013 von den Ursachen f\u00fcr Nasolabialfalten und H\u00e4ngeb\u00e4ckchen bis hin zu den Auswirkungen des Kollagenabbaus auf die Gesichtskonturen. Sie demonstriert bew\u00e4hrte Korrekturtechniken Schritt f\u00fcr Schritt \u2013 sowohl an sich selbst als auch an einem Model \u2013, damit Sie die Wirkung in der Praxis genau sehen k\u00f6nnen.<\/p>\n<p><strong class=\"qwen-markdown-strong\"><img decoding=\"async\" src=\"https:\/\/cdn.shopify.com\/s\/files\/1\/0548\/9845\/8824\/files\/02.png?v=1765784214\" alt=\"\" \/><\/strong><\/p>\n<p><strong>Evgenia Sigacheva<\/strong> \u2013 Coach &#038; Gr\u00fcnderin des \u201eBeautiful Body\u201c-Studios von Evgenia Sigacheva<\/p>\n<p><strong>Thema<\/strong>: Gesichts- und K\u00f6rperanatomie<\/p>\n<p><strong>Schwerpunkt<\/strong>: Lymphdrainage &#038; Techniken f\u00fcr ein kreisf\u00f6rmiges Gesichtslifting<\/p>\n<p>Dieses Video erkl\u00e4rt Ihnen, wie die Gesichts- und K\u00f6rpermuskulatur aufgebaut ist und wie sie mit den Lymphbahnen und der Aponeurose verbunden ist. Sie lernen die Grundlagen der biomechanischen Stimulation kennen: Was ist nat\u00fcrliches Muskelzittern (physiologischer Tremor)? Wie aktiviert es Muskeln? Und warum f\u00fchrt achtsame K\u00f6rperarbeit zu sichtbaren Ergebnissen?<\/p>\n<p><span class=\"qwen-markdown-strong\"><img decoding=\"async\" src=\"https:\/\/cdn.shopify.com\/s\/files\/1\/0548\/9845\/8824\/files\/03.png?v=1765784215\" alt=\"\" \/><\/span><\/p>\n<p><strong>Anna Gavrilova<\/strong> \u2013 Massagetherapeutin &#038; Ausbilderin<\/p>\n<p><strong>Thema<\/strong>: Kombination von BMS und manuellen Techniken<\/p>\n<p><strong>Schwerpunkt<\/strong>: Augenpartie<\/p>\n<p>Anna teilt ihre pers\u00f6nlichen Erfahrungen mit der Genesung nach einer Verletzung mithilfe des BMS-Ger\u00e4ts und zeigt, wie man es effektiv mit manuellen Techniken und Kinesiologie-Taping kombiniert. Sie erkl\u00e4rt, wie man verspannte Bereiche sicher behandelt, den Lymphfluss anregt, Schwellungen reduziert und die Ergebnisse mit Tape fixiert \u2013 f\u00fcr einen st\u00e4rkeren und l\u00e4nger anhaltenden Effekt.<\/p>\n<p><span class=\"qwen-markdown-strong\"><img decoding=\"async\" src=\"https:\/\/cdn.shopify.com\/s\/files\/1\/0548\/9845\/8824\/files\/04.png?v=1765784215\" alt=\"\" \/><\/span><\/p>\n<p><strong>Yulia Kiprushina<\/strong> \u2013 Kosmetikerin &#038; BMS-Spezialistin<\/p>\n<p><strong>Thema<\/strong>: Hautpflege vor und nach der BMS-Behandlung<\/p>\n<p><strong>Fokusbereich<\/strong>: Stirn &#038; Zornesfalte (zwischen den Augenbrauen)<\/p>\n<p>Dieses Video zeigt Ihnen die wichtigsten Schritte zur Vorbereitung Ihrer Haut auf die BMS-Behandlung und zur anschlie\u00dfenden Pflege \u2013 mit einer einfachen, leicht umsetzbaren Pflegeroutine f\u00fcr zu Hause: Reinigung, Lymphdrainage und gezielte Behandlung von Stirn und Zornesfalte. Yulia gibt au\u00dferdem praktische Tipps zur Auswahl der richtigen Hautpflegeprodukte, zur Optimierung der BMS-Ergebnisse und zu h\u00e4ufigen Fehlern, die Sie vermeiden sollten.<\/p>\n<p><span class=\"qwen-markdown-strong\"><img decoding=\"async\" src=\"https:\/\/cdn.shopify.com\/s\/files\/1\/0548\/9845\/8824\/files\/05.png?v=1765784214\" alt=\"\" \/><\/span><\/p>\n<p><strong>Irina Turukhina<\/strong> \u2013 Kosmetikerin &#038; Dozentin an der St. Petersburger Kosmetikschule<\/p>\n<p><strong>Thema<\/strong>: Kombination von BMS mit kosmetischen Behandlungen<\/p>\n<p><strong>Schwerpunkt<\/strong>: Hals &#038; Dekollet\u00e9<\/p>\n<p>Irina teilt ihre praktischen Erfahrungen mit der BMS-Therapie \u2013 insbesondere, wie diese Schwellungen reduziert und die Hautfestigkeit im Hals- und Dekollet\u00e9bereich verbessert. Das Video enth\u00e4lt au\u00dferdem praktische Tipps zur Kombination von biomechanischer Stimulation mit g\u00e4ngigen Behandlungen wie chemischen Peelings, Mesotherapie, Botulinumtoxin-Injektionen und der entsprechenden Hautpflege \u2013 f\u00fcr sichere, sichtbare und langanhaltende Ergebnisse.<\/p>\n<\/div>\n","protected":false},"excerpt":{"rendered":"<p>Professionelles BMS-Training f\u00fcr das Gesicht \u2013 Experten-Videoserie (Unbegrenzter Zugriff)<br \/>\nDiese sorgf\u00e4ltig zusammengestellte Serie umfasst 5 kurze, aber tiefgr\u00fcndige Trainingsvideos von erfahrenen Experten aus den Bereichen Gesichtsfitness, \u00c4sthetik, Massage und biomechanische Stimulation (BMS). Sie richtet sich an Kosmetikprofis und FaceActive BMS-Anwender und kombiniert verst\u00e4ndliche Theorie mit praktischen Techniken, die Sie sofort anwenden k\u00f6nnen.<br \/>\nMit Ihrem pers\u00f6nlichen Zugangspass k\u00f6nnen Sie die Videos jederzeit direkt in Ihrem Konto ansehen.<\/p>\n","protected":false},"featured_media":20435,"comment_status":"open","ping_status":"closed","template":"","meta":[],"product_cat":[85],"product_tag":[1153,1156,1154,1151,884,1155,1150,883,1152,360],"yoast_head":"<!-- This site is optimized with the Yoast SEO Premium plugin v21.9 (Yoast SEO v22.9) - https:\/\/yoast.com\/wordpress\/plugins\/seo\/ -->\n<title>GESS FaceActive BMS NAZAROV Methodentraining: 5-in-1-Paket<\/title>\n<meta name=\"description\" content=\"Expert-led Face BMS video training series with unlimited access. Learn face aging theory, anatomy, lymphatic drainage, and proven techniques for visible results.\" \/>\n<meta name=\"robots\" content=\"index, follow, max-snippet:-1, max-image-preview:large, max-video-preview:-1\" \/>\n<link rel=\"canonical\" href=\"https:\/\/www.gess365.com\/de\/shop\/cosmetic-devices-and-products-gess\/gess-faceactive-bms-expert-video-training\/\" \/>\n<meta property=\"og:locale\" content=\"de_DE\" \/>\n<meta property=\"og:locale:alternate\" content=\"en_GB\" \/>\n<meta property=\"og:locale:alternate\" content=\"ru_RU\" \/>\n<meta property=\"og:type\" content=\"article\" \/>\n<meta property=\"og:title\" content=\"GESS FaceActive BMS NAZAROV Methodentraining: 5-in-1-Paket\" \/>\n<meta property=\"og:description\" content=\"Expert-led Face BMS video training series with unlimited access. Learn face aging theory, anatomy, lymphatic drainage, and proven techniques for visible results.\" \/>\n<meta property=\"og:url\" content=\"https:\/\/www.gess365.com\/de\/shop\/cosmetic-devices-and-products-gess\/gess-faceactive-bms-expert-video-training\/\" \/>\n<meta property=\"og:site_name\" content=\"GESS&trade; | &nbsp;Official Online-Store, EU\" \/>\n<meta property=\"article:publisher\" content=\"https:\/\/www.facebook.com\/gessmarket.eu\" \/>\n<meta property=\"article:modified_time\" content=\"2026-04-21T06:49:30+00:00\" \/>\n<meta property=\"og:image\" content=\"https:\/\/www.gess365.com\/wp-content\/uploads\/2025\/12\/01_4c41ecb4-318a-4b6b-9ed1-5e8bcac1d616_1024x1024@2x.webp\" \/>\n\t<meta property=\"og:image:width\" content=\"1800\" \/>\n\t<meta property=\"og:image:height\" content=\"1800\" \/>\n\t<meta property=\"og:image:type\" content=\"image\/webp\" \/>\n<meta name=\"twitter:card\" content=\"summary_large_image\" \/>\n<meta name=\"twitter:label1\" content=\"Gesch\u00e4tzte Lesezeit\" \/>\n\t<meta name=\"twitter:data1\" content=\"4\u00a0Minuten\" \/>\n<script type=\"application\/ld+json\" class=\"yoast-schema-graph\">{\"@context\":\"https:\/\/schema.org\",\"@graph\":[{\"@type\":\"WebPage\",\"@id\":\"https:\/\/www.gess365.com\/shop\/cosmetic-devices-and-products-gess\/gess-faceactive-bms-expert-video-training\/\",\"url\":\"https:\/\/www.gess365.com\/shop\/cosmetic-devices-and-products-gess\/gess-faceactive-bms-expert-video-training\/\",\"name\":\"GESS FaceActive BMS NAZAROV Methodentraining: 5-in-1-Paket\",\"isPartOf\":{\"@id\":\"https:\/\/www.gess365.com\/#website\"},\"primaryImageOfPage\":{\"@id\":\"https:\/\/www.gess365.com\/shop\/cosmetic-devices-and-products-gess\/gess-faceactive-bms-expert-video-training\/#primaryimage\"},\"image\":{\"@id\":\"https:\/\/www.gess365.com\/shop\/cosmetic-devices-and-products-gess\/gess-faceactive-bms-expert-video-training\/#primaryimage\"},\"thumbnailUrl\":\"https:\/\/www.gess365.com\/wp-content\/uploads\/2025\/12\/01_4c41ecb4-318a-4b6b-9ed1-5e8bcac1d616_1024x1024@2x.webp\",\"datePublished\":\"2025-12-30T14:23:24+00:00\",\"dateModified\":\"2026-04-21T06:49:30+00:00\",\"description\":\"Expert-led Face BMS video training series with unlimited access. Learn face aging theory, anatomy, lymphatic drainage, and proven techniques for visible results.\",\"breadcrumb\":{\"@id\":\"https:\/\/www.gess365.com\/shop\/cosmetic-devices-and-products-gess\/gess-faceactive-bms-expert-video-training\/#breadcrumb\"},\"inLanguage\":\"de-DE\",\"potentialAction\":[{\"@type\":\"ReadAction\",\"target\":[\"https:\/\/www.gess365.com\/shop\/cosmetic-devices-and-products-gess\/gess-faceactive-bms-expert-video-training\/\"]}]},{\"@type\":\"ImageObject\",\"inLanguage\":\"de-DE\",\"@id\":\"https:\/\/www.gess365.com\/shop\/cosmetic-devices-and-products-gess\/gess-faceactive-bms-expert-video-training\/#primaryimage\",\"url\":\"https:\/\/www.gess365.com\/wp-content\/uploads\/2025\/12\/01_4c41ecb4-318a-4b6b-9ed1-5e8bcac1d616_1024x1024@2x.webp\",\"contentUrl\":\"https:\/\/www.gess365.com\/wp-content\/uploads\/2025\/12\/01_4c41ecb4-318a-4b6b-9ed1-5e8bcac1d616_1024x1024@2x.webp\",\"width\":1800,\"height\":1800,\"caption\":\"BMS Training: 5-in-1 Bundle\"},{\"@type\":\"BreadcrumbList\",\"@id\":\"https:\/\/www.gess365.com\/shop\/cosmetic-devices-and-products-gess\/gess-faceactive-bms-expert-video-training\/#breadcrumb\",\"itemListElement\":[{\"@type\":\"ListItem\",\"position\":1,\"name\":\"Home\",\"item\":\"https:\/\/www.gess365.com\/\"},{\"@type\":\"ListItem\",\"position\":2,\"name\":\"\u0418\u043d\u0442\u0435\u0440\u043d\u0435\u0442-\u043c\u0430\u0433\u0430\u0437\u0438\u043d\",\"item\":\"https:\/\/www.gess365.com\/ru\/shop\/\"},{\"@type\":\"ListItem\",\"position\":3,\"name\":\"GESS FaceActive BMS NAZAROV method Training: 5-in-1 Bundle\"}]},{\"@type\":\"WebSite\",\"@id\":\"https:\/\/www.gess365.com\/#website\",\"url\":\"https:\/\/www.gess365.com\/\",\"name\":\"GESS Market\",\"description\":\"GESS MARKET OU\",\"publisher\":{\"@id\":\"https:\/\/www.gess365.com\/#organization\"},\"alternateName\":\"Heating Blanket, Massage and Health Care E Shop | GESS MARKET OU\",\"potentialAction\":[{\"@type\":\"SearchAction\",\"target\":{\"@type\":\"EntryPoint\",\"urlTemplate\":\"https:\/\/www.gess365.com\/?s={search_term_string}\"},\"query-input\":\"required name=search_term_string\"}],\"inLanguage\":\"de-DE\"},{\"@type\":\"Organization\",\"@id\":\"https:\/\/www.gess365.com\/#organization\",\"name\":\"GESS MARKET OU\",\"alternateName\":\"Heating Blanket, Massage and Health Care E Shop | GESS MARKET OU\",\"url\":\"https:\/\/www.gess365.com\/\",\"logo\":{\"@type\":\"ImageObject\",\"inLanguage\":\"de-DE\",\"@id\":\"https:\/\/www.gess365.com\/#\/schema\/logo\/image\/\",\"url\":\"https:\/\/www.gess365.com\/wp-content\/uploads\/2014\/12\/GESS_na-prozrachnom-fone.png\",\"contentUrl\":\"https:\/\/www.gess365.com\/wp-content\/uploads\/2014\/12\/GESS_na-prozrachnom-fone.png\",\"width\":283,\"height\":142,\"caption\":\"GESS MARKET OU\"},\"image\":{\"@id\":\"https:\/\/www.gess365.com\/#\/schema\/logo\/image\/\"},\"sameAs\":[\"https:\/\/www.facebook.com\/gessmarket.eu\",\"https:\/\/www.instagram.com\/gessmarket.eu\/\",\"https:\/\/www.youtube.com\/channel\/UCctSJmzO2z-hcz0J-goW25Q\"],\"publishingPrinciples\":\"https:\/\/www.gess365.com\/massage-products\/\",\"ownershipFundingInfo\":\"https:\/\/www.gess365.com\/massage-products\/\"}]}<\/script>\n<!-- \/ Yoast SEO Premium plugin. -->","yoast_head_json":{"title":"GESS FaceActive BMS NAZAROV Methodentraining: 5-in-1-Paket","description":"Expert-led Face BMS video training series with unlimited access. Learn face aging theory, anatomy, lymphatic drainage, and proven techniques for visible results.","robots":{"index":"index","follow":"follow","max-snippet":"max-snippet:-1","max-image-preview":"max-image-preview:large","max-video-preview":"max-video-preview:-1"},"canonical":"https:\/\/www.gess365.com\/de\/shop\/cosmetic-devices-and-products-gess\/gess-faceactive-bms-expert-video-training\/","og_locale":"de_DE","og_type":"article","og_title":"[:en]GESS FaceActive BMS NAZAROV method Training: 5-in-1 Bundle[:de]GESS FaceActive BMS NAZAROV Methodentraining: 5-in-1-Paket[:ru]GESS FaceActive BMS \u041e\u0431\u0443\u0447\u0435\u043d\u0438\u0435 \u043f\u043e \u043c\u0435\u0442\u043e\u0434\u0443 \u041d\u0430\u0437\u0430\u0440\u043e\u0432\u0430: \u043a\u043e\u043c\u043f\u043b\u0435\u043a\u0442 \u0438\u0437 5 \u043f\u0440\u043e\u0446\u0435\u0434\u0443\u0440 \u0432 \u043e\u0434\u043d\u043e\u043c.[:]","og_description":"[:en]Expert-led Face BMS video training series with unlimited access. Learn face aging theory, anatomy, lymphatic drainage, and proven techniques for visible results.[:]","og_url":"https:\/\/www.gess365.com\/de\/shop\/cosmetic-devices-and-products-gess\/gess-faceactive-bms-expert-video-training\/","og_site_name":"GESS&trade; | &nbsp;Official Online-Store, EU","article_publisher":"https:\/\/www.facebook.com\/gessmarket.eu","article_modified_time":"2026-04-21T06:49:30+00:00","og_image":[{"width":1800,"height":1800,"url":"https:\/\/www.gess365.com\/wp-content\/uploads\/2025\/12\/01_4c41ecb4-318a-4b6b-9ed1-5e8bcac1d616_1024x1024@2x.webp","type":"image\/webp"}],"twitter_card":"summary_large_image","twitter_misc":{"Gesch\u00e4tzte Lesezeit":"4\u00a0Minuten"},"schema":{"@context":"https:\/\/schema.org","@graph":[{"@type":"WebPage","@id":"https:\/\/www.gess365.com\/shop\/cosmetic-devices-and-products-gess\/gess-faceactive-bms-expert-video-training\/","url":"https:\/\/www.gess365.com\/shop\/cosmetic-devices-and-products-gess\/gess-faceactive-bms-expert-video-training\/","name":"GESS FaceActive BMS NAZAROV Methodentraining: 5-in-1-Paket","isPartOf":{"@id":"https:\/\/www.gess365.com\/#website"},"primaryImageOfPage":{"@id":"https:\/\/www.gess365.com\/shop\/cosmetic-devices-and-products-gess\/gess-faceactive-bms-expert-video-training\/#primaryimage"},"image":{"@id":"https:\/\/www.gess365.com\/shop\/cosmetic-devices-and-products-gess\/gess-faceactive-bms-expert-video-training\/#primaryimage"},"thumbnailUrl":"https:\/\/www.gess365.com\/wp-content\/uploads\/2025\/12\/01_4c41ecb4-318a-4b6b-9ed1-5e8bcac1d616_1024x1024@2x.webp","datePublished":"2025-12-30T14:23:24+00:00","dateModified":"2026-04-21T06:49:30+00:00","description":"Expert-led Face BMS video training series with unlimited access. Learn face aging theory, anatomy, lymphatic drainage, and proven techniques for visible results.","breadcrumb":{"@id":"https:\/\/www.gess365.com\/shop\/cosmetic-devices-and-products-gess\/gess-faceactive-bms-expert-video-training\/#breadcrumb"},"inLanguage":"de-DE","potentialAction":[{"@type":"ReadAction","target":["https:\/\/www.gess365.com\/shop\/cosmetic-devices-and-products-gess\/gess-faceactive-bms-expert-video-training\/"]}]},{"@type":"ImageObject","inLanguage":"de-DE","@id":"https:\/\/www.gess365.com\/shop\/cosmetic-devices-and-products-gess\/gess-faceactive-bms-expert-video-training\/#primaryimage","url":"https:\/\/www.gess365.com\/wp-content\/uploads\/2025\/12\/01_4c41ecb4-318a-4b6b-9ed1-5e8bcac1d616_1024x1024@2x.webp","contentUrl":"https:\/\/www.gess365.com\/wp-content\/uploads\/2025\/12\/01_4c41ecb4-318a-4b6b-9ed1-5e8bcac1d616_1024x1024@2x.webp","width":1800,"height":1800,"caption":"BMS Training: 5-in-1 Bundle"},{"@type":"BreadcrumbList","@id":"https:\/\/www.gess365.com\/shop\/cosmetic-devices-and-products-gess\/gess-faceactive-bms-expert-video-training\/#breadcrumb","itemListElement":[{"@type":"ListItem","position":1,"name":"Home","item":"https:\/\/www.gess365.com\/"},{"@type":"ListItem","position":2,"name":"\u0418\u043d\u0442\u0435\u0440\u043d\u0435\u0442-\u043c\u0430\u0433\u0430\u0437\u0438\u043d","item":"https:\/\/www.gess365.com\/ru\/shop\/"},{"@type":"ListItem","position":3,"name":"GESS FaceActive BMS NAZAROV method Training: 5-in-1 Bundle"}]},{"@type":"WebSite","@id":"https:\/\/www.gess365.com\/#website","url":"https:\/\/www.gess365.com\/","name":"GESS Market","description":"GESS MARKET OU","publisher":{"@id":"https:\/\/www.gess365.com\/#organization"},"alternateName":"Heating Blanket, Massage and Health Care E Shop | GESS MARKET OU","potentialAction":[{"@type":"SearchAction","target":{"@type":"EntryPoint","urlTemplate":"https:\/\/www.gess365.com\/?s={search_term_string}"},"query-input":"required name=search_term_string"}],"inLanguage":"de-DE"},{"@type":"Organization","@id":"https:\/\/www.gess365.com\/#organization","name":"GESS MARKET OU","alternateName":"Heating Blanket, Massage and Health Care E Shop | GESS MARKET OU","url":"https:\/\/www.gess365.com\/","logo":{"@type":"ImageObject","inLanguage":"de-DE","@id":"https:\/\/www.gess365.com\/#\/schema\/logo\/image\/","url":"https:\/\/www.gess365.com\/wp-content\/uploads\/2014\/12\/GESS_na-prozrachnom-fone.png","contentUrl":"https:\/\/www.gess365.com\/wp-content\/uploads\/2014\/12\/GESS_na-prozrachnom-fone.png","width":283,"height":142,"caption":"GESS MARKET OU"},"image":{"@id":"https:\/\/www.gess365.com\/#\/schema\/logo\/image\/"},"sameAs":["https:\/\/www.facebook.com\/gessmarket.eu","https:\/\/www.instagram.com\/gessmarket.eu\/","https:\/\/www.youtube.com\/channel\/UCctSJmzO2z-hcz0J-goW25Q"],"publishingPrinciples":"https:\/\/www.gess365.com\/massage-products\/","ownershipFundingInfo":"https:\/\/www.gess365.com\/massage-products\/"}]}},"_links":{"self":[{"href":"https:\/\/www.gess365.com\/de\/wp-json\/wp\/v2\/product\/20434"}],"collection":[{"href":"https:\/\/www.gess365.com\/de\/wp-json\/wp\/v2\/product"}],"about":[{"href":"https:\/\/www.gess365.com\/de\/wp-json\/wp\/v2\/types\/product"}],"replies":[{"embeddable":true,"href":"https:\/\/www.gess365.com\/de\/wp-json\/wp\/v2\/comments?post=20434"}],"wp:featuredmedia":[{"embeddable":true,"href":"https:\/\/www.gess365.com\/de\/wp-json\/wp\/v2\/media\/20435"}],"wp:attachment":[{"href":"https:\/\/www.gess365.com\/de\/wp-json\/wp\/v2\/media?parent=20434"}],"wp:term":[{"taxonomy":"product_cat","embeddable":true,"href":"https:\/\/www.gess365.com\/de\/wp-json\/wp\/v2\/product_cat?post=20434"},{"taxonomy":"product_tag","embeddable":true,"href":"https:\/\/www.gess365.com\/de\/wp-json\/wp\/v2\/product_tag?post=20434"}],"curies":[{"name":"wp","href":"https:\/\/api.w.org\/{rel}","templated":true}]}}