{"id":19268,"date":"2024-04-12T11:55:08","date_gmt":"2024-04-12T09:55:08","guid":{"rendered":"https:\/\/www.gess365.com\/?post_type=product&#038;p=19268"},"modified":"2026-04-11T00:52:11","modified_gmt":"2026-04-10T22:52:11","slug":"gess-neo-chi-machine","status":"publish","type":"product","link":"https:\/\/www.gess365.com\/de\/shop\/full-body-massagers-gess\/gess-neo-chi-machine\/","title":{"rendered":"GESS NEO Swing-Massager Wirbels\u00e4ule R\u00fccken Massageger\u00e4t Chi-Maschine"},"content":{"rendered":"<h2><strong>GESS NEO Swing-Massager \u2013 Chi-Maschine zur Wirbels\u00e4ulen- und R\u00fcckenmassage, Osteochondrose-Therapie, Multifunktionaler Vitalizer f\u00fcr Ihre Gesundheit<\/strong><\/h2>\n<p><strong>Modell:<\/strong> GESS-222<\/p>\n<p>Entdecken Sie die <strong>GESS NEO Chi-Maschine<\/strong>, ein professionelles <strong>Massageger\u00e4t<\/strong>, das Ihre Gesundheit und Ihr Wohlbefinden erheblich verbessert. Durch die <strong>swing massage<\/strong>-Technologie \u00fcbertr\u00e4gt die <strong>Chi-Maschine<\/strong> wellenf\u00f6rmige Bewegungen von den Beinen auf die <strong>Wirbels\u00e4ule<\/strong> und den gesamten K\u00f6rper. Die entspannende, massierende und stimulierende Wirkung steigert die Blutzirkulation, erh\u00f6ht den Sauerstoffgehalt im Blut und reduziert M\u00fcdigkeit. Ideal zur <strong>Therapie von Osteochondrose<\/strong>, zur Stabilisierung der <strong>Wirbels\u00e4ule<\/strong> und zur Linderung von <strong>R\u00fcckenschmerzen<\/strong>.<\/p>\n<p><strong>Vielseitige Funktionen:<\/strong><\/p>\n<p>Steuern Sie die Geschwindigkeits- (niedrig, mittel und hoch) und Zeiteinstellungen (5, 10, 15 oder 20 Minuten) ganz einfach mit der kabelgebundenen Fernbedienung. Legen Sie sich einfach hin, platzieren Sie Ihre Kn\u00f6chel auf dem <strong>Fu\u00dfmassageger\u00e4t<\/strong> und genie\u00dfen Sie die Vorteile des Chi-Vitalizers. 15 Minuten auf der <strong>Chi-Maschine<\/strong> entsprechen etwa 10.000 Schritten, was den Energieverbrauch und die gesundheitlichen Vorteile betrifft.<\/p>\n<p>Neben der Hauptfunktion hilft die <strong>Schwingmaschine<\/strong>, eine Vielzahl von Gesundheitsproblemen zu l\u00f6sen und Ihre Lebensqualit\u00e4t zu verbessern:<\/p>\n<ul>\n<li><strong>Fettabbau:<\/strong> Die Chi-Maschine unterst\u00fctzt Ihr Training!<\/li>\n<li><strong>Immunst\u00e4rkung:<\/strong> <strong>Tonus<\/strong> und St\u00e4rkung der <strong>Muskeln<\/strong> durch verbesserte Blutzirkulation.<\/li>\n<li><strong>Sauerstoffanreicherung:<\/strong> Mangel an Sauerstoff im Blut wird durch bessere Blutzirkulation behoben.<\/li>\n<li><strong>Bessere Schlafqualit\u00e4t:<\/strong> Stressabbau und Entspannung.<\/li>\n<li><strong>Stressreduktion:<\/strong> Optimal ist die Anwendung zwischen 17 und 20 Uhr, mindestens 90 Minuten vor dem Schlafengehen.<\/li>\n<li><strong>Befreiung vom Restless-Leg-Syndrom:<\/strong> Reduzierung von Zittern und Sch\u00fctteln.<\/li>\n<li><strong>Linderung bei Schlaflosigkeit:<\/strong> Kombination von gr\u00fcnem Tee, sanfter Musik und \u00dcbungen mit der <strong>Chi-Maschine<\/strong> beruhigt das Nervensystem und verbessert den Schlaf.<\/li>\n<\/ul>\n<p><strong>Paket enth\u00e4lt:<\/strong><\/p>\n<ul>\n<li>1 x GESS NEO Swing-Massager<\/li>\n<li>1 x Fernbedienung<\/li>\n<li>1 x Adapter<\/li>\n<li>1 x Anleitung<\/li>\n<\/ul>\n<p><strong>Technische Daten:<\/strong><\/p>\n<ul>\n<li><strong>Farbe:<\/strong> Blau<\/li>\n<li><strong>Spannung:<\/strong> 220-240\/50-60 V\/Hz<\/li>\n<li><strong>Energieverbrauch:<\/strong> 50W<\/li>\n<li><strong>Gewicht:<\/strong> 4,1 kg<\/li>\n<li><strong>Paketgr\u00f6\u00dfe:<\/strong> 375 x 259 x 341 mm<\/li>\n<\/ul>\n","protected":false},"excerpt":{"rendered":"<h1>GESS NEO Chi masin \/ Chi Massager<\/h1>\n<p>on revolutsiooniline seade, mis on loodud passiivseks aeroobseks treeninguks. Kuldkala selgroo lainelaadset liikumist j\u00e4ljendav NEO pakub l\u00f5\u00f5gastavat, masseerivat ja stimuleerivat kogemust, parandades samal ajal vereringet ja t\u00f5stes hapnikutaset veres. See mitmek\u00fclgne masseerija sobib ideaalselt osteokondroosi raviks, selgroo stabiliseerimiseks ja seljavalu leevendamiseks.<\/p>\n","protected":false},"featured_media":19270,"comment_status":"open","ping_status":"closed","template":"","meta":[],"product_cat":[263,89],"product_tag":[237,167,715,849,850,360,853,848,421,852,306,851],"yoast_head":"<!-- This site is optimized with the Yoast SEO Premium plugin v21.9 (Yoast SEO v22.9) - https:\/\/yoast.com\/wordpress\/plugins\/seo\/ -->\n<title>GESS NEO Swing-Massager Wirbels\u00e4ule R\u00fccken Massageger\u00e4t Chi-Maschine<\/title>\n<meta name=\"description\" content=\"Experience the revolutionary NEO Passive Aerobic Exercise Device. Mimicking the soothing motion of a goldfish&#039;s spine, NEO provides relaxation, massage, and\" \/>\n<meta name=\"robots\" content=\"index, follow, max-snippet:-1, max-image-preview:large, max-video-preview:-1\" \/>\n<link rel=\"canonical\" href=\"https:\/\/www.gess365.com\/de\/shop\/full-body-massagers-gess\/gess-neo-chi-machine\/\" \/>\n<meta property=\"og:locale\" content=\"de_DE\" \/>\n<meta property=\"og:locale:alternate\" content=\"en_GB\" \/>\n<meta property=\"og:locale:alternate\" content=\"ru_RU\" \/>\n<meta property=\"og:type\" content=\"article\" \/>\n<meta property=\"og:title\" content=\"GESS NEO Swing-Massager Wirbels\u00e4ule R\u00fccken Massageger\u00e4t Chi-Maschine\" \/>\n<meta property=\"og:description\" content=\"Experience the revolutionary NEO Passive Aerobic Exercise Device. Mimicking the soothing motion of a goldfish&#039;s spine, NEO provides relaxation, massage, and\" \/>\n<meta property=\"og:url\" content=\"https:\/\/www.gess365.com\/de\/shop\/full-body-massagers-gess\/gess-neo-chi-machine\/\" \/>\n<meta property=\"og:site_name\" content=\"GESS&trade; | &nbsp;Official Online-Store, EU\" \/>\n<meta property=\"article:publisher\" content=\"https:\/\/www.facebook.com\/gessmarket.eu\" \/>\n<meta property=\"article:modified_time\" content=\"2026-04-10T22:52:11+00:00\" \/>\n<meta property=\"og:image\" content=\"https:\/\/www.gess365.com\/wp-content\/uploads\/2024\/04\/NEO-1_cc1d3991-f743-45d8-b992-62a17b91a170_1024x1024@2x.webp\" \/>\n\t<meta property=\"og:image:width\" content=\"1500\" \/>\n\t<meta property=\"og:image:height\" content=\"1501\" \/>\n\t<meta property=\"og:image:type\" content=\"image\/webp\" \/>\n<meta name=\"twitter:card\" content=\"summary_large_image\" \/>\n<meta name=\"twitter:label1\" content=\"Gesch\u00e4tzte Lesezeit\" \/>\n\t<meta name=\"twitter:data1\" content=\"2\u00a0Minuten\" \/>\n<script type=\"application\/ld+json\" class=\"yoast-schema-graph\">{\"@context\":\"https:\/\/schema.org\",\"@graph\":[{\"@type\":\"WebPage\",\"@id\":\"https:\/\/www.gess365.com\/shop\/full-body-massagers-gess\/gess-neo-chi-machine\/\",\"url\":\"https:\/\/www.gess365.com\/shop\/full-body-massagers-gess\/gess-neo-chi-machine\/\",\"name\":\"GESS NEO Swing-Massager Wirbels\u00e4ule R\u00fccken Massageger\u00e4t Chi-Maschine\",\"isPartOf\":{\"@id\":\"https:\/\/www.gess365.com\/#website\"},\"primaryImageOfPage\":{\"@id\":\"https:\/\/www.gess365.com\/shop\/full-body-massagers-gess\/gess-neo-chi-machine\/#primaryimage\"},\"image\":{\"@id\":\"https:\/\/www.gess365.com\/shop\/full-body-massagers-gess\/gess-neo-chi-machine\/#primaryimage\"},\"thumbnailUrl\":\"https:\/\/www.gess365.com\/wp-content\/uploads\/2024\/04\/NEO-1_cc1d3991-f743-45d8-b992-62a17b91a170_1024x1024@2x.webp\",\"datePublished\":\"2024-04-12T09:55:08+00:00\",\"dateModified\":\"2026-04-10T22:52:11+00:00\",\"description\":\"Experience the revolutionary NEO Passive Aerobic Exercise Device. Mimicking the soothing motion of a goldfish's spine, NEO provides relaxation, massage, and\",\"breadcrumb\":{\"@id\":\"https:\/\/www.gess365.com\/shop\/full-body-massagers-gess\/gess-neo-chi-machine\/#breadcrumb\"},\"inLanguage\":\"de-DE\",\"potentialAction\":[{\"@type\":\"ReadAction\",\"target\":[\"https:\/\/www.gess365.com\/shop\/full-body-massagers-gess\/gess-neo-chi-machine\/\"]}]},{\"@type\":\"ImageObject\",\"inLanguage\":\"de-DE\",\"@id\":\"https:\/\/www.gess365.com\/shop\/full-body-massagers-gess\/gess-neo-chi-machine\/#primaryimage\",\"url\":\"https:\/\/www.gess365.com\/wp-content\/uploads\/2024\/04\/NEO-1_cc1d3991-f743-45d8-b992-62a17b91a170_1024x1024@2x.webp\",\"contentUrl\":\"https:\/\/www.gess365.com\/wp-content\/uploads\/2024\/04\/NEO-1_cc1d3991-f743-45d8-b992-62a17b91a170_1024x1024@2x.webp\",\"width\":1500,\"height\":1501,\"caption\":\"GESS NEO Chi Machine Chi Massage Back Spine Massager\"},{\"@type\":\"BreadcrumbList\",\"@id\":\"https:\/\/www.gess365.com\/shop\/full-body-massagers-gess\/gess-neo-chi-machine\/#breadcrumb\",\"itemListElement\":[{\"@type\":\"ListItem\",\"position\":1,\"name\":\"Home\",\"item\":\"https:\/\/www.gess365.com\/\"},{\"@type\":\"ListItem\",\"position\":2,\"name\":\"\u0418\u043d\u0442\u0435\u0440\u043d\u0435\u0442-\u043c\u0430\u0433\u0430\u0437\u0438\u043d\",\"item\":\"https:\/\/www.gess365.com\/ru\/shop\/\"},{\"@type\":\"ListItem\",\"position\":3,\"name\":\"GESS NEO Chi Machine Back Massager, Blue\"}]},{\"@type\":\"WebSite\",\"@id\":\"https:\/\/www.gess365.com\/#website\",\"url\":\"https:\/\/www.gess365.com\/\",\"name\":\"GESS Market\",\"description\":\"GESS MARKET OU\",\"publisher\":{\"@id\":\"https:\/\/www.gess365.com\/#organization\"},\"alternateName\":\"Heating Blanket, Massage and Health Care E Shop | GESS MARKET OU\",\"potentialAction\":[{\"@type\":\"SearchAction\",\"target\":{\"@type\":\"EntryPoint\",\"urlTemplate\":\"https:\/\/www.gess365.com\/?s={search_term_string}\"},\"query-input\":\"required name=search_term_string\"}],\"inLanguage\":\"de-DE\"},{\"@type\":\"Organization\",\"@id\":\"https:\/\/www.gess365.com\/#organization\",\"name\":\"GESS MARKET OU\",\"alternateName\":\"Heating Blanket, Massage and Health Care E Shop | GESS MARKET OU\",\"url\":\"https:\/\/www.gess365.com\/\",\"logo\":{\"@type\":\"ImageObject\",\"inLanguage\":\"de-DE\",\"@id\":\"https:\/\/www.gess365.com\/#\/schema\/logo\/image\/\",\"url\":\"https:\/\/www.gess365.com\/wp-content\/uploads\/2014\/12\/GESS_na-prozrachnom-fone.png\",\"contentUrl\":\"https:\/\/www.gess365.com\/wp-content\/uploads\/2014\/12\/GESS_na-prozrachnom-fone.png\",\"width\":283,\"height\":142,\"caption\":\"GESS MARKET OU\"},\"image\":{\"@id\":\"https:\/\/www.gess365.com\/#\/schema\/logo\/image\/\"},\"sameAs\":[\"https:\/\/www.facebook.com\/gessmarket.eu\",\"https:\/\/www.instagram.com\/gessmarket.eu\/\",\"https:\/\/www.youtube.com\/channel\/UCctSJmzO2z-hcz0J-goW25Q\"],\"publishingPrinciples\":\"https:\/\/www.gess365.com\/massage-products\/\",\"ownershipFundingInfo\":\"https:\/\/www.gess365.com\/massage-products\/\"}]}<\/script>\n<!-- \/ Yoast SEO Premium plugin. -->","yoast_head_json":{"title":"GESS NEO Swing-Massager Wirbels\u00e4ule R\u00fccken Massageger\u00e4t Chi-Maschine","description":"Experience the revolutionary NEO Passive Aerobic Exercise Device. Mimicking the soothing motion of a goldfish's spine, NEO provides relaxation, massage, and","robots":{"index":"index","follow":"follow","max-snippet":"max-snippet:-1","max-image-preview":"max-image-preview:large","max-video-preview":"max-video-preview:-1"},"canonical":"https:\/\/www.gess365.com\/de\/shop\/full-body-massagers-gess\/gess-neo-chi-machine\/","og_locale":"de_DE","og_type":"article","og_title":"[:en]GESS NEO Chi Machine Back Massager, Blue[:de]GESS NEO Swing-Massager Wirbels\u00e4ule R\u00fccken Massageger\u00e4t Chi-Maschine[:ru]\u041c\u0430\u0441\u0441\u0430\u0436\u0435\u0440 \u0434\u043b\u044f \u0441\u043f\u0438\u043d\u044b GESS NEO Chi Machine, \u0441\u0438\u043d\u0438\u0439[:]","og_description":"Experience the revolutionary NEO Passive Aerobic Exercise Device. Mimicking the soothing motion of a goldfish's spine, NEO provides relaxation, massage, and","og_url":"https:\/\/www.gess365.com\/de\/shop\/full-body-massagers-gess\/gess-neo-chi-machine\/","og_site_name":"GESS&trade; | &nbsp;Official Online-Store, EU","article_publisher":"https:\/\/www.facebook.com\/gessmarket.eu","article_modified_time":"2026-04-10T22:52:11+00:00","og_image":[{"width":1500,"height":1501,"url":"https:\/\/www.gess365.com\/wp-content\/uploads\/2024\/04\/NEO-1_cc1d3991-f743-45d8-b992-62a17b91a170_1024x1024@2x.webp","type":"image\/webp"}],"twitter_card":"summary_large_image","twitter_misc":{"Gesch\u00e4tzte Lesezeit":"2\u00a0Minuten"},"schema":{"@context":"https:\/\/schema.org","@graph":[{"@type":"WebPage","@id":"https:\/\/www.gess365.com\/shop\/full-body-massagers-gess\/gess-neo-chi-machine\/","url":"https:\/\/www.gess365.com\/shop\/full-body-massagers-gess\/gess-neo-chi-machine\/","name":"GESS NEO Swing-Massager Wirbels\u00e4ule R\u00fccken Massageger\u00e4t Chi-Maschine","isPartOf":{"@id":"https:\/\/www.gess365.com\/#website"},"primaryImageOfPage":{"@id":"https:\/\/www.gess365.com\/shop\/full-body-massagers-gess\/gess-neo-chi-machine\/#primaryimage"},"image":{"@id":"https:\/\/www.gess365.com\/shop\/full-body-massagers-gess\/gess-neo-chi-machine\/#primaryimage"},"thumbnailUrl":"https:\/\/www.gess365.com\/wp-content\/uploads\/2024\/04\/NEO-1_cc1d3991-f743-45d8-b992-62a17b91a170_1024x1024@2x.webp","datePublished":"2024-04-12T09:55:08+00:00","dateModified":"2026-04-10T22:52:11+00:00","description":"Experience the revolutionary NEO Passive Aerobic Exercise Device. Mimicking the soothing motion of a goldfish's spine, NEO provides relaxation, massage, and","breadcrumb":{"@id":"https:\/\/www.gess365.com\/shop\/full-body-massagers-gess\/gess-neo-chi-machine\/#breadcrumb"},"inLanguage":"de-DE","potentialAction":[{"@type":"ReadAction","target":["https:\/\/www.gess365.com\/shop\/full-body-massagers-gess\/gess-neo-chi-machine\/"]}]},{"@type":"ImageObject","inLanguage":"de-DE","@id":"https:\/\/www.gess365.com\/shop\/full-body-massagers-gess\/gess-neo-chi-machine\/#primaryimage","url":"https:\/\/www.gess365.com\/wp-content\/uploads\/2024\/04\/NEO-1_cc1d3991-f743-45d8-b992-62a17b91a170_1024x1024@2x.webp","contentUrl":"https:\/\/www.gess365.com\/wp-content\/uploads\/2024\/04\/NEO-1_cc1d3991-f743-45d8-b992-62a17b91a170_1024x1024@2x.webp","width":1500,"height":1501,"caption":"GESS NEO Chi Machine Chi Massage Back Spine Massager"},{"@type":"BreadcrumbList","@id":"https:\/\/www.gess365.com\/shop\/full-body-massagers-gess\/gess-neo-chi-machine\/#breadcrumb","itemListElement":[{"@type":"ListItem","position":1,"name":"Home","item":"https:\/\/www.gess365.com\/"},{"@type":"ListItem","position":2,"name":"\u0418\u043d\u0442\u0435\u0440\u043d\u0435\u0442-\u043c\u0430\u0433\u0430\u0437\u0438\u043d","item":"https:\/\/www.gess365.com\/ru\/shop\/"},{"@type":"ListItem","position":3,"name":"GESS NEO Chi Machine Back Massager, Blue"}]},{"@type":"WebSite","@id":"https:\/\/www.gess365.com\/#website","url":"https:\/\/www.gess365.com\/","name":"GESS Market","description":"GESS MARKET OU","publisher":{"@id":"https:\/\/www.gess365.com\/#organization"},"alternateName":"Heating Blanket, Massage and Health Care E Shop | GESS MARKET OU","potentialAction":[{"@type":"SearchAction","target":{"@type":"EntryPoint","urlTemplate":"https:\/\/www.gess365.com\/?s={search_term_string}"},"query-input":"required name=search_term_string"}],"inLanguage":"de-DE"},{"@type":"Organization","@id":"https:\/\/www.gess365.com\/#organization","name":"GESS MARKET OU","alternateName":"Heating Blanket, Massage and Health Care E Shop | GESS MARKET OU","url":"https:\/\/www.gess365.com\/","logo":{"@type":"ImageObject","inLanguage":"de-DE","@id":"https:\/\/www.gess365.com\/#\/schema\/logo\/image\/","url":"https:\/\/www.gess365.com\/wp-content\/uploads\/2014\/12\/GESS_na-prozrachnom-fone.png","contentUrl":"https:\/\/www.gess365.com\/wp-content\/uploads\/2014\/12\/GESS_na-prozrachnom-fone.png","width":283,"height":142,"caption":"GESS MARKET OU"},"image":{"@id":"https:\/\/www.gess365.com\/#\/schema\/logo\/image\/"},"sameAs":["https:\/\/www.facebook.com\/gessmarket.eu","https:\/\/www.instagram.com\/gessmarket.eu\/","https:\/\/www.youtube.com\/channel\/UCctSJmzO2z-hcz0J-goW25Q"],"publishingPrinciples":"https:\/\/www.gess365.com\/massage-products\/","ownershipFundingInfo":"https:\/\/www.gess365.com\/massage-products\/"}]}},"_links":{"self":[{"href":"https:\/\/www.gess365.com\/de\/wp-json\/wp\/v2\/product\/19268"}],"collection":[{"href":"https:\/\/www.gess365.com\/de\/wp-json\/wp\/v2\/product"}],"about":[{"href":"https:\/\/www.gess365.com\/de\/wp-json\/wp\/v2\/types\/product"}],"replies":[{"embeddable":true,"href":"https:\/\/www.gess365.com\/de\/wp-json\/wp\/v2\/comments?post=19268"}],"wp:featuredmedia":[{"embeddable":true,"href":"https:\/\/www.gess365.com\/de\/wp-json\/wp\/v2\/media\/19270"}],"wp:attachment":[{"href":"https:\/\/www.gess365.com\/de\/wp-json\/wp\/v2\/media?parent=19268"}],"wp:term":[{"taxonomy":"product_cat","embeddable":true,"href":"https:\/\/www.gess365.com\/de\/wp-json\/wp\/v2\/product_cat?post=19268"},{"taxonomy":"product_tag","embeddable":true,"href":"https:\/\/www.gess365.com\/de\/wp-json\/wp\/v2\/product_tag?post=19268"}],"curies":[{"name":"wp","href":"https:\/\/api.w.org\/{rel}","templated":true}]}}