{"id":18822,"date":"2023-12-05T17:17:19","date_gmt":"2023-12-05T15:17:19","guid":{"rendered":"https:\/\/www.gess365.com\/?post_type=product&#038;p=18822"},"modified":"2026-02-16T10:44:13","modified_gmt":"2026-02-16T08:44:13","slug":"body-massager","status":"publish","type":"product","link":"https:\/\/www.gess365.com\/de\/shop\/cosmetic-devices-and-products-gess\/body-massager\/","title":{"rendered":"GESS K\u00f6rper Tonus Elektrische Schr\u00f6pfmassageger\u00e4t Vakuum Saugnapf Guasha Anti Cellulite Sch\u00f6nheit Gesundheit"},"content":{"rendered":"<h1><img decoding=\"async\" src=\"https:\/\/i.postimg.cc\/SQfjNpj8\/banner-amazon-2.jpg\" \/><\/h1>\n<h1>Body Tonus 3-in-1-Vakuummassageger\u00e4t \u2013 Formen, straffen und gl\u00e4tten Sie Ihre Haut m\u00fchelos!<\/h1>\n<p>Sie m\u00f6chten straffere, straffere Haut und einen modellierten K\u00f6rper? Lernen Sie das Body Tonus Vakuummassageger\u00e4t kennen, Ihr ultimatives K\u00f6rperformungsger\u00e4t f\u00fcr zu Hause, das Cellulite beseitigt, Fettablagerungen reduziert und die Haut strafft. Mit einer leistungsstarken Kombination aus Vakuumtherapie, Vibrationsmassage und Tiefenw\u00e4rmetechnologie verbessert dieses professionelle Massageger\u00e4t die Lymphdrainage, stimuliert die Kollagenproduktion und verbessert die Hautelastizit\u00e4t f\u00fcr sichtbare Ergebnisse in nur wenigen Wochen!<\/p>\n<p><strong>Warum Body Tonus w\u00e4hlen?<\/strong><br \/>\n\u2714 Fortschrittliche 3-in-1-Technologie \u2013 Erleben Sie die perfekte Synergie aus Vakuumabsaugung, Vibromassage und W\u00e4rmetherapie f\u00fcr hervorragende Ergebnisse bei der K\u00f6rperformung.<br \/>\n\u2714 Reduziert Cellulite und Fettablagerungen \u2013 Baut hartn\u00e4ckiges Fett effektiv ab und gl\u00e4ttet gleichzeitig Dellenhaut f\u00fcr ein straffes, jugendliches Aussehen.<br \/>\n\u2714 Verbessert die Durchblutung und Entgiftung \u2013 F\u00f6rdert einen besseren Lymphfluss, hilft beim Aussp\u00fclen von Giftstoffen, reduziert Schwellungen und lindert Bl\u00e4hungen.<br \/>\n\u2714 Strafft und strafft die Haut \u2013 Erh\u00f6ht die Kollagen- und Elastinproduktion und macht Ihre Haut straffer, glatter und jugendlicher.<br \/>\n\u2714 Lindert Muskelverspannungen und Schmerzen \u2013 Die W\u00e4rmefunktion dringt tief in die Muskeln ein und sorgt f\u00fcr wohltuende Linderung von Schmerzen, Steifheit und M\u00fcdigkeit.<br \/>\n\u2714 Anpassbares Massageerlebnis \u2013 W\u00e4hlen Sie einzelne oder kombinierte Modi, um die perfekte Massagesitzung an Ihre Bed\u00fcrfnisse anzupassen.<br \/>\n\u2714 Praktisch und wiederaufladbar \u2013 USB-betrieben, tragbar und leicht \u2013 perfekt f\u00fcr den Einsatz zu Hause oder unterwegs.<\/p>\n<p><strong>Funktionsweise \u2013 3 leistungsstarke Modi f\u00fcr maximale Ergebnisse<\/strong><br \/>\n1\ufe0f\u20e3 Vakuummassage (9 Intensit\u00e4tsstufen) \u2013 Formen und definieren Sie Ihre Kurven<br \/>\nTiefensaugen hilft beim Abbau von Fettzellen und verbessert die Lymphdrainage.<br \/>\nBeseitigt Cellulite und reduziert Schwellungen, wodurch die Haut glatt und konturiert aussieht.<br \/>\nHebt und strafft schlaffe Haut, perfekt f\u00fcr Beine, Arme, Taille, Ges\u00e4\u00df und Bauch.<br \/>\n2\ufe0f\u20e3 Vibromassage \u2013 F\u00f6rdert Fettabbau und Hautstraffung<br \/>\nVerwendet hochfrequente Vibrationen (12.000\u201313.600 U\/min), um tief in die Haut einzudringen.<br \/>\nHilft, Fettablagerungen aufzul\u00f6sen, wodurch Cellulite weniger sichtbar wird.<br \/>\nStimuliert die Durchblutung f\u00fcr ein strafferes, ges\u00fcnderes Strahlen.<br \/>\n3\ufe0f\u20e3 W\u00e4rmetherapie (34\u201368 \u00b0C) \u2013 Beruhigt, entspannt und f\u00f6rdert die Durchblutung<br \/>\nDie Tiefenw\u00e4rmefunktion verst\u00e4rkt die Massagewirkung, indem sie Fettablagerungen aufweicht, damit sie leichter abgebaut werden k\u00f6nnen.<br \/>\nEntspannt verspannte Muskeln, lindert Schmerzen und verbessert die Durchblutung.<br \/>\nHilft, die Kollagenproduktion anzuregen, wodurch die Haut prall und jugendlich bleibt.<\/p>\n<p><strong>Perfekt f\u00fcr diese Bereiche:<\/strong><br \/>\n\u2705 Oberschenkel und Ges\u00e4\u00df \u2013 Verabschieden Sie sich von Cellulite und schlaffer Haut.<br \/>\n\u2705 Bauch und Taille \u2013 Reduzieren Sie hartn\u00e4ckiges Bauchfett und straffen Sie Ihren Rumpf.<br \/>\n\u2705 Arme \u2013 Formen, heben und straffen Sie schlaffe Haut.<br \/>\n\u2705 R\u00fccken und Schultern \u2013 Lindern Sie Verspannungen und Muskelsteifheit.<br \/>\n\u2705 Beine und Waden \u2013 Verbessern Sie die Durchblutung und reduzieren Sie Wassereinlagerungen.<\/p>\n<p><strong>Technische Daten:<\/strong><br \/>\nAkkukapazit\u00e4t: 2000 mAh (\u00fcber USB wiederaufladbar)<br \/>\nLeistungsabgabe: 10 W<br \/>\nSaugleistung: 20\u201345 kPa<br \/>\nVibrationsfrequenz: 12.000\u201313.600 U\/min<br \/>\nHeiztemperatur: 34\u201368 \u00b0C<br \/>\nAutomatische Abschaltung: 30 Minuten<br \/>\nKompakt und leicht: 240 g (netto) | 365 g (brutto)<br \/>\nAbmessungen: 145 x 160 x 115 mm<br \/>\nVerwandeln Sie Ihren K\u00f6rper \u2013 beginnen Sie noch heute mit Ihrer K\u00f6rperformung!<\/p>\n<p>Vergessen Sie teure Spa-Behandlungen \u2013 erzielen Sie professionelle Ergebnisse bei der K\u00f6rperformung bequem von zu Hause aus! Egal, ob Sie Cellulite gl\u00e4tten, Fett abbauen, Ihren K\u00f6rper straffen oder Muskelverspannungen l\u00f6sen m\u00f6chten, der Body Tonus Vakuummassager ist Ihr perfekter Begleiter zur Selbstpflege.<\/p>\n<p><strong>Bestellen Sie jetzt und erreichen Sie den glatten, geformten und straffen K\u00f6rper, den Sie verdienen! \ud83d\udc96<\/strong><\/p>\n","protected":false},"excerpt":{"rendered":"<h1><strong>Body Tonus<\/strong>\u00a0is a\u00a0<strong>vacuum massager<\/strong>\u00a0designed to sculpt and maintain an ideal body shape. Its vacuum massage technique enhances skin quality by firming tissues, reducing cellulite and body fat, refining body contours.<\/h1>\n","protected":false},"featured_media":19344,"comment_status":"open","ping_status":"closed","template":"","meta":[],"product_cat":[85],"product_tag":[1005,1241,1240,1244,1243,1008,1219,1239,1242,667,666,409,269,669,670,305,215,631,668,309],"yoast_head":"<!-- This site is optimized with the Yoast SEO Premium plugin v21.9 (Yoast SEO v22.9) - https:\/\/yoast.com\/wordpress\/plugins\/seo\/ -->\n<title>GESS Body Tonus 3-in-1 Vacuum Massager | Anti-Cellulite Device<\/title>\n<meta name=\"description\" content=\"GESS Body Tonus vacuum massager with suction, vibration and heat therapy for cellulite reduction, skin firming and body contouring at home.\" \/>\n<meta name=\"robots\" content=\"index, follow, max-snippet:-1, max-image-preview:large, max-video-preview:-1\" \/>\n<link rel=\"canonical\" href=\"https:\/\/www.gess365.com\/de\/shop\/cosmetic-devices-and-products-gess\/body-massager\/\" \/>\n<meta property=\"og:locale\" content=\"de_DE\" \/>\n<meta property=\"og:locale:alternate\" content=\"en_GB\" \/>\n<meta property=\"og:locale:alternate\" content=\"ru_RU\" \/>\n<meta property=\"og:type\" content=\"article\" \/>\n<meta property=\"og:title\" content=\"GESS K\u00f6rper Tonus Elektrische Schr\u00f6pfmassageger\u00e4t Vakuum Saugnapf Guasha Anti Cellulite Sch\u00f6nheit Gesundheit\" \/>\n<meta property=\"og:description\" content=\"GESS Body Tonus vacuum massager with suction, vibration and heat therapy for cellulite reduction, skin firming and body contouring at home.\" \/>\n<meta property=\"og:url\" content=\"https:\/\/www.gess365.com\/de\/shop\/cosmetic-devices-and-products-gess\/body-massager\/\" \/>\n<meta property=\"og:site_name\" content=\"GESS&trade; | &nbsp;Official Online-Store, EU\" \/>\n<meta property=\"article:publisher\" content=\"https:\/\/www.facebook.com\/gessmarket.eu\" \/>\n<meta property=\"article:modified_time\" content=\"2026-02-16T08:44:13+00:00\" \/>\n<meta property=\"og:image\" content=\"https:\/\/www.gess365.com\/wp-content\/uploads\/2023\/12\/GESS-Body-tonus-vibration-massage-cupping-massage-hajama-massage-vuccum-massager-ems-massager-fat-lose-main-a.jpg\" \/>\n\t<meta property=\"og:image:width\" content=\"1282\" \/>\n\t<meta property=\"og:image:height\" content=\"1273\" \/>\n\t<meta property=\"og:image:type\" content=\"image\/jpeg\" \/>\n<meta name=\"twitter:card\" content=\"summary_large_image\" \/>\n<meta name=\"twitter:label1\" content=\"Gesch\u00e4tzte Lesezeit\" \/>\n\t<meta name=\"twitter:data1\" content=\"2\u00a0Minuten\" \/>\n<script type=\"application\/ld+json\" class=\"yoast-schema-graph\">{\"@context\":\"https:\/\/schema.org\",\"@graph\":[{\"@type\":\"WebPage\",\"@id\":\"https:\/\/www.gess365.com\/shop\/cosmetic-devices-and-products-gess\/body-massager\/\",\"url\":\"https:\/\/www.gess365.com\/shop\/cosmetic-devices-and-products-gess\/body-massager\/\",\"name\":\"GESS Body Tonus 3-in-1 Vacuum Massager | Anti-Cellulite Device\",\"isPartOf\":{\"@id\":\"https:\/\/www.gess365.com\/#website\"},\"primaryImageOfPage\":{\"@id\":\"https:\/\/www.gess365.com\/shop\/cosmetic-devices-and-products-gess\/body-massager\/#primaryimage\"},\"image\":{\"@id\":\"https:\/\/www.gess365.com\/shop\/cosmetic-devices-and-products-gess\/body-massager\/#primaryimage\"},\"thumbnailUrl\":\"https:\/\/www.gess365.com\/wp-content\/uploads\/2023\/12\/GESS-Body-tonus-vibration-massage-cupping-massage-hajama-massage-vuccum-massager-ems-massager-fat-lose-main-a.jpg\",\"datePublished\":\"2023-12-05T15:17:19+00:00\",\"dateModified\":\"2026-02-16T08:44:13+00:00\",\"description\":\"GESS Body Tonus vacuum massager with suction, vibration and heat therapy for cellulite reduction, skin firming and body contouring at home.\",\"breadcrumb\":{\"@id\":\"https:\/\/www.gess365.com\/shop\/cosmetic-devices-and-products-gess\/body-massager\/#breadcrumb\"},\"inLanguage\":\"de-DE\",\"potentialAction\":[{\"@type\":\"ReadAction\",\"target\":[\"https:\/\/www.gess365.com\/shop\/cosmetic-devices-and-products-gess\/body-massager\/\"]}]},{\"@type\":\"ImageObject\",\"inLanguage\":\"de-DE\",\"@id\":\"https:\/\/www.gess365.com\/shop\/cosmetic-devices-and-products-gess\/body-massager\/#primaryimage\",\"url\":\"https:\/\/www.gess365.com\/wp-content\/uploads\/2023\/12\/GESS-Body-tonus-vibration-massage-cupping-massage-hajama-massage-vuccum-massager-ems-massager-fat-lose-main-a.jpg\",\"contentUrl\":\"https:\/\/www.gess365.com\/wp-content\/uploads\/2023\/12\/GESS-Body-tonus-vibration-massage-cupping-massage-hajama-massage-vuccum-massager-ems-massager-fat-lose-main-a.jpg\",\"width\":1282,\"height\":1273,\"caption\":\"GESs body Tonus, fat remover, anti-aging, skin tighten sucking device\"},{\"@type\":\"BreadcrumbList\",\"@id\":\"https:\/\/www.gess365.com\/shop\/cosmetic-devices-and-products-gess\/body-massager\/#breadcrumb\",\"itemListElement\":[{\"@type\":\"ListItem\",\"position\":1,\"name\":\"Home\",\"item\":\"https:\/\/www.gess365.com\/\"},{\"@type\":\"ListItem\",\"position\":2,\"name\":\"\u0418\u043d\u0442\u0435\u0440\u043d\u0435\u0442-\u043c\u0430\u0433\u0430\u0437\u0438\u043d\",\"item\":\"https:\/\/www.gess365.com\/ru\/shop\/\"},{\"@type\":\"ListItem\",\"position\":3,\"name\":\"GESS Body Tonus 3-in-1 Vacuum Massager \u2013 Electric Cupping, Vibration &#038; Heat Anti-Cellulite Device\"}]},{\"@type\":\"WebSite\",\"@id\":\"https:\/\/www.gess365.com\/#website\",\"url\":\"https:\/\/www.gess365.com\/\",\"name\":\"GESS Market\",\"description\":\"GESS MARKET OU\",\"publisher\":{\"@id\":\"https:\/\/www.gess365.com\/#organization\"},\"alternateName\":\"Heating Blanket, Massage and Health Care E Shop | GESS MARKET OU\",\"potentialAction\":[{\"@type\":\"SearchAction\",\"target\":{\"@type\":\"EntryPoint\",\"urlTemplate\":\"https:\/\/www.gess365.com\/?s={search_term_string}\"},\"query-input\":\"required name=search_term_string\"}],\"inLanguage\":\"de-DE\"},{\"@type\":\"Organization\",\"@id\":\"https:\/\/www.gess365.com\/#organization\",\"name\":\"GESS MARKET OU\",\"alternateName\":\"Heating Blanket, Massage and Health Care E Shop | GESS MARKET OU\",\"url\":\"https:\/\/www.gess365.com\/\",\"logo\":{\"@type\":\"ImageObject\",\"inLanguage\":\"de-DE\",\"@id\":\"https:\/\/www.gess365.com\/#\/schema\/logo\/image\/\",\"url\":\"https:\/\/www.gess365.com\/wp-content\/uploads\/2014\/12\/GESS_na-prozrachnom-fone.png\",\"contentUrl\":\"https:\/\/www.gess365.com\/wp-content\/uploads\/2014\/12\/GESS_na-prozrachnom-fone.png\",\"width\":283,\"height\":142,\"caption\":\"GESS MARKET OU\"},\"image\":{\"@id\":\"https:\/\/www.gess365.com\/#\/schema\/logo\/image\/\"},\"sameAs\":[\"https:\/\/www.facebook.com\/gessmarket.eu\",\"https:\/\/www.instagram.com\/gessmarket.eu\/\",\"https:\/\/www.youtube.com\/channel\/UCctSJmzO2z-hcz0J-goW25Q\"],\"publishingPrinciples\":\"https:\/\/www.gess365.com\/massage-products\/\",\"ownershipFundingInfo\":\"https:\/\/www.gess365.com\/massage-products\/\"}]}<\/script>\n<!-- \/ Yoast SEO Premium plugin. -->","yoast_head_json":{"title":"GESS Body Tonus 3-in-1 Vacuum Massager | Anti-Cellulite Device","description":"GESS Body Tonus vacuum massager with suction, vibration and heat therapy for cellulite reduction, skin firming and body contouring at home.","robots":{"index":"index","follow":"follow","max-snippet":"max-snippet:-1","max-image-preview":"max-image-preview:large","max-video-preview":"max-video-preview:-1"},"canonical":"https:\/\/www.gess365.com\/de\/shop\/cosmetic-devices-and-products-gess\/body-massager\/","og_locale":"de_DE","og_type":"article","og_title":"[:en]GESS Body Tonus 3-in-1 Vacuum Massager \u2013 Electric Cupping, Vibration & Heat Anti-Cellulite Device[:de]GESS K\u00f6rper Tonus Elektrische Schr\u00f6pfmassageger\u00e4t Vakuum Saugnapf Guasha Anti Cellulite Sch\u00f6nheit Gesundheit[:ru]Body Tonus \u0412\u0430\u043a\u0443\u0443\u043c\u043d\u044b\u0439 \u043c\u0430\u0441\u0441\u0430\u0436\u0435\u0440 \u0434\u043b\u044f \u0442\u0435\u043b\u0430 GESS-313[:]","og_description":"GESS Body Tonus vacuum massager with suction, vibration and heat therapy for cellulite reduction, skin firming and body contouring at home.","og_url":"https:\/\/www.gess365.com\/de\/shop\/cosmetic-devices-and-products-gess\/body-massager\/","og_site_name":"GESS&trade; | &nbsp;Official Online-Store, EU","article_publisher":"https:\/\/www.facebook.com\/gessmarket.eu","article_modified_time":"2026-02-16T08:44:13+00:00","og_image":[{"width":1282,"height":1273,"url":"https:\/\/www.gess365.com\/wp-content\/uploads\/2023\/12\/GESS-Body-tonus-vibration-massage-cupping-massage-hajama-massage-vuccum-massager-ems-massager-fat-lose-main-a.jpg","type":"image\/jpeg"}],"twitter_card":"summary_large_image","twitter_misc":{"Gesch\u00e4tzte Lesezeit":"2\u00a0Minuten"},"schema":{"@context":"https:\/\/schema.org","@graph":[{"@type":"WebPage","@id":"https:\/\/www.gess365.com\/shop\/cosmetic-devices-and-products-gess\/body-massager\/","url":"https:\/\/www.gess365.com\/shop\/cosmetic-devices-and-products-gess\/body-massager\/","name":"GESS Body Tonus 3-in-1 Vacuum Massager | Anti-Cellulite Device","isPartOf":{"@id":"https:\/\/www.gess365.com\/#website"},"primaryImageOfPage":{"@id":"https:\/\/www.gess365.com\/shop\/cosmetic-devices-and-products-gess\/body-massager\/#primaryimage"},"image":{"@id":"https:\/\/www.gess365.com\/shop\/cosmetic-devices-and-products-gess\/body-massager\/#primaryimage"},"thumbnailUrl":"https:\/\/www.gess365.com\/wp-content\/uploads\/2023\/12\/GESS-Body-tonus-vibration-massage-cupping-massage-hajama-massage-vuccum-massager-ems-massager-fat-lose-main-a.jpg","datePublished":"2023-12-05T15:17:19+00:00","dateModified":"2026-02-16T08:44:13+00:00","description":"GESS Body Tonus vacuum massager with suction, vibration and heat therapy for cellulite reduction, skin firming and body contouring at home.","breadcrumb":{"@id":"https:\/\/www.gess365.com\/shop\/cosmetic-devices-and-products-gess\/body-massager\/#breadcrumb"},"inLanguage":"de-DE","potentialAction":[{"@type":"ReadAction","target":["https:\/\/www.gess365.com\/shop\/cosmetic-devices-and-products-gess\/body-massager\/"]}]},{"@type":"ImageObject","inLanguage":"de-DE","@id":"https:\/\/www.gess365.com\/shop\/cosmetic-devices-and-products-gess\/body-massager\/#primaryimage","url":"https:\/\/www.gess365.com\/wp-content\/uploads\/2023\/12\/GESS-Body-tonus-vibration-massage-cupping-massage-hajama-massage-vuccum-massager-ems-massager-fat-lose-main-a.jpg","contentUrl":"https:\/\/www.gess365.com\/wp-content\/uploads\/2023\/12\/GESS-Body-tonus-vibration-massage-cupping-massage-hajama-massage-vuccum-massager-ems-massager-fat-lose-main-a.jpg","width":1282,"height":1273,"caption":"GESs body Tonus, fat remover, anti-aging, skin tighten sucking device"},{"@type":"BreadcrumbList","@id":"https:\/\/www.gess365.com\/shop\/cosmetic-devices-and-products-gess\/body-massager\/#breadcrumb","itemListElement":[{"@type":"ListItem","position":1,"name":"Home","item":"https:\/\/www.gess365.com\/"},{"@type":"ListItem","position":2,"name":"\u0418\u043d\u0442\u0435\u0440\u043d\u0435\u0442-\u043c\u0430\u0433\u0430\u0437\u0438\u043d","item":"https:\/\/www.gess365.com\/ru\/shop\/"},{"@type":"ListItem","position":3,"name":"GESS Body Tonus 3-in-1 Vacuum Massager \u2013 Electric Cupping, Vibration &#038; Heat Anti-Cellulite Device"}]},{"@type":"WebSite","@id":"https:\/\/www.gess365.com\/#website","url":"https:\/\/www.gess365.com\/","name":"GESS Market","description":"GESS MARKET OU","publisher":{"@id":"https:\/\/www.gess365.com\/#organization"},"alternateName":"Heating Blanket, Massage and Health Care E Shop | GESS MARKET OU","potentialAction":[{"@type":"SearchAction","target":{"@type":"EntryPoint","urlTemplate":"https:\/\/www.gess365.com\/?s={search_term_string}"},"query-input":"required name=search_term_string"}],"inLanguage":"de-DE"},{"@type":"Organization","@id":"https:\/\/www.gess365.com\/#organization","name":"GESS MARKET OU","alternateName":"Heating Blanket, Massage and Health Care E Shop | GESS MARKET OU","url":"https:\/\/www.gess365.com\/","logo":{"@type":"ImageObject","inLanguage":"de-DE","@id":"https:\/\/www.gess365.com\/#\/schema\/logo\/image\/","url":"https:\/\/www.gess365.com\/wp-content\/uploads\/2014\/12\/GESS_na-prozrachnom-fone.png","contentUrl":"https:\/\/www.gess365.com\/wp-content\/uploads\/2014\/12\/GESS_na-prozrachnom-fone.png","width":283,"height":142,"caption":"GESS MARKET OU"},"image":{"@id":"https:\/\/www.gess365.com\/#\/schema\/logo\/image\/"},"sameAs":["https:\/\/www.facebook.com\/gessmarket.eu","https:\/\/www.instagram.com\/gessmarket.eu\/","https:\/\/www.youtube.com\/channel\/UCctSJmzO2z-hcz0J-goW25Q"],"publishingPrinciples":"https:\/\/www.gess365.com\/massage-products\/","ownershipFundingInfo":"https:\/\/www.gess365.com\/massage-products\/"}]}},"_links":{"self":[{"href":"https:\/\/www.gess365.com\/de\/wp-json\/wp\/v2\/product\/18822"}],"collection":[{"href":"https:\/\/www.gess365.com\/de\/wp-json\/wp\/v2\/product"}],"about":[{"href":"https:\/\/www.gess365.com\/de\/wp-json\/wp\/v2\/types\/product"}],"replies":[{"embeddable":true,"href":"https:\/\/www.gess365.com\/de\/wp-json\/wp\/v2\/comments?post=18822"}],"wp:featuredmedia":[{"embeddable":true,"href":"https:\/\/www.gess365.com\/de\/wp-json\/wp\/v2\/media\/19344"}],"wp:attachment":[{"href":"https:\/\/www.gess365.com\/de\/wp-json\/wp\/v2\/media?parent=18822"}],"wp:term":[{"taxonomy":"product_cat","embeddable":true,"href":"https:\/\/www.gess365.com\/de\/wp-json\/wp\/v2\/product_cat?post=18822"},{"taxonomy":"product_tag","embeddable":true,"href":"https:\/\/www.gess365.com\/de\/wp-json\/wp\/v2\/product_tag?post=18822"}],"curies":[{"name":"wp","href":"https:\/\/api.w.org\/{rel}","templated":true}]}}