{"id":18777,"date":"2023-10-18T13:14:28","date_gmt":"2023-10-18T11:14:28","guid":{"rendered":"https:\/\/www.gess365.com\/?post_type=product&#038;p=18777"},"modified":"2026-05-06T10:23:14","modified_gmt":"2026-05-06T08:23:14","slug":"gess-dars-high-frequency-facial-wand","status":"publish","type":"product","link":"https:\/\/www.gess365.com\/de\/shop\/darsonvals-high-frequency-wand\/gess-dars-high-frequency-facial-wand\/","title":{"rendered":"GESS Dars Hochfrequenzstab mit 5 HF Stabs, Argon- und Neongas, Darsonval Hochfrequenz"},"content":{"rendered":"<div class=\"grid\">\n<div class=\"grid-item large--three-fifths\">\n<div class=\"product-description rte\">\n<p><strong>Das GESS Dars Hochfrequenzmassageger\u00e4t<\/strong>\u00a0ist ein Sch\u00f6nheits- und Wellnessger\u00e4t, das alle Ihre Haut- und Haarpflegebed\u00fcrfnisse erf\u00fcllt. Es basiert auf den Prinzipien hochfrequenter elektrischer Str\u00f6me und der Verwendung von Inertgasen.<\/p>\n<p>Das Ger\u00e4t ist mit f\u00fcnf austauschbaren Glaselektroden ausgestattet:<\/p>\n<ul>\n<li><strong>Kammelektrode<\/strong>\u00a0Rbelebt Ihr Haar und Ihre Kopfhaut. Es erneuerte das Haar zur\u00fcck und kann dabei helfen, das Haar zur\u00fcckzusetzen<\/li>\n<li><strong>Tropfenelektrode\u00a0<\/strong>Targets lokalisiert Hautentz\u00fcndungen und Hautunreinheiten pr\u00e4zise.<\/li>\n<li><strong>Pilzelektrode<\/strong>\u00a0Ist\u00a0Ideal f\u00fcr Gesichts-, K\u00f6rper- und Kopfhautbehandlungen.<\/li>\n<li><strong>Gabelelektrode<\/strong>\u00a0To behandeln\u00a0Krampfadern, Cellulite und Muskelverspannungen. Die Gabelelektrode eignet sich perfekt f\u00fcr die Behandlung von Beinen, Armen und Nacken.<\/li>\n<li><strong>L\u00f6ffelelektrode<\/strong>\u00a0Foder eine verj\u00fcngende Gesichts- und Dekollet\u00e9massage, geeignet f\u00fcr Anti-Cellulite-Behandlungen und zur Anregung von Stoffwechselprozessen.<\/li>\n<\/ul>\n<p>Wenn die Glaselektrode auf der Haut angebracht wird, flie\u00dft der hochfrequente elektrische Strom durch die Elektrode und interagiert mit dem Inertgas im Inneren. Diese Wechselwirkung f\u00fchrt dazu, dass das Gas ionisiert und ein Leuchten oder eine Lichtentladung erzeugt. Dieses sichtbare Leuchten ist oft violett oder orange, abh\u00e4ngig von der Art des verwendeten Gases (Argon oder Neon).<\/p>\n<ul>\n<li><strong>Argongas<\/strong>: Es hat antibakterielle und entz\u00fcndungshemmende Eigenschaften. Argongas kann helfen, Entz\u00fcndungen zu lindern und zu reduzieren, wodurch es n\u00fctzlich bei der Behandlung von Akne und anderen Hautirritationen ist.<\/li>\n<li><strong>Neongas<\/strong>:\u00a0Es\u00a0regt die Blutzirkulation im behandelten Bereich an. Eine verbesserte Durchblutung kann die Zufuhr von Sauerstoff und N\u00e4hrstoffen zur Haut und Kopfhaut verbessern und so die Heilung und die allgemeine Gesundheit der Haut f\u00f6rdern. Es kann auch eine entspannende Massagewirkung erzielen.<\/li>\n<\/ul>\n<p>Stellen Sie immer sicher, dass Ihre Haut sauber und trocken ist, bevor Sie das Ger\u00e4t verwenden, und ziehen Sie in Betracht, einen Hautpflegeexperten zu konsultieren, wenn Sie besondere Bedenken oder Beschwerden haben.<\/p>\n<p><strong>Technische Spezifikationen:<br \/>\n<\/strong><\/p>\n<ul>\n<li><strong>Artikelnummer<\/strong>: GESS-030<\/li>\n<li><strong>Signalform<\/strong>: Puls mit Hochfrequenzf\u00fcllung<\/li>\n<li><strong>Pulswiederholungsrate<\/strong>: 100 Hz \u00b1 10 Hz<\/li>\n<li><strong>Frequenz<\/strong> <strong>der HF-F\u00fcllung<\/strong>: 110 \u00b1 50 kHz<\/li>\n<li><strong>Durchschnittlicher<\/strong> <strong>Ausgangsstrom<\/strong>, <strong>\u00fcberschreitet<\/strong> <strong>nicht<\/strong>: 150 mkA<\/li>\n<li><strong>Ausgangsspannung<\/strong>: nicht mehr als 8 kW, <strong>maximal<\/strong> 16 bis 25 kW<\/li>\n<li><strong>Stromquelle<\/strong>: 220 V \u00b1 22 V, 50 Hz \u00b1 0,5 Hz<\/li>\n<li><strong>Stromverbrauch<\/strong>: 60 W<\/li>\n<li><strong>Verpackungsgr\u00f6\u00dfe<\/strong>: 280 x 60 x 232 mm<\/li>\n<li><strong>Verpackungsgewicht<\/strong>: 0,78 kg<\/li>\n<\/ul>\n<\/div>\n<div class=\"social-sharing is-default\" data-permalink=\"https:\/\/gessmarket.com\/de\/products\/gess-dars-high-frequency-massager\"><\/div>\n<\/div>\n<\/div>\n<div class=\"grid\">\n<div class=\"grid-item large--three-fifths\">\n<div class=\"product-description rte\"><\/div>\n<\/div>\n<\/div>\n","protected":false},"excerpt":{"rendered":"<p><strong>Das physiotherapeutische Ger\u00e4t Darsonval ist ein unverzichtbarer<\/strong> Helfer f\u00fcr die ganze Familie. Es hat eine bakterizide Wirkung und wirkt gegen Pusteln und entz\u00fcndliche Elemente auf der Haut. Darsonval wird zur Behandlung von Schuppen, zur Vorbeugung von Haarausfall, Muskelerkrankungen und sogar <strong>Cellulite eingesetzt. Das Darsonvalisierungsger\u00e4t hilft bei Krampfadern, Migr\u00e4ne, Neuralgien und Arthritis<\/strong>. Das Ger\u00e4t verf\u00fcgt \u00fcber ein \u00e4rztliches Zulassungszeugnis und ist f\u00fcr den Einsatz in Sch\u00f6nheitssalons und medizinischen Einrichtungen geeignet. Das <strong>DARS-Physiotherapieger\u00e4t<\/strong> unterscheidet sich von seinen Analoga dadurch, dass es gleich zwei Arten von Inertgasen nutzt: die antibakterielle und entz\u00fcndungshemmende Wirkung von Argon und die durchblutungsf\u00f6rdernde Wirkung von Neon. Im Set sind 5 Elektroden enthalten: ein Kamm zur Behandlung der Kopfhaut, ein Tropfen zur gezielten Behandlung von Entz\u00fcndungsstellen, ein Pilz und eine Gabel f\u00fcr gro\u00dfe K\u00f6rperbereiche sowie ein L\u00f6ffel f\u00fcr Gesicht und Dekollet\u00e9.<\/p>\n","protected":false},"featured_media":19310,"comment_status":"open","ping_status":"closed","template":"","meta":[],"product_cat":[909],"product_tag":[1179,1176,1178,1183,1181,1184,1175,1177,1182,1185,217,144,146,214,147,687,148,215,216,218,139],"yoast_head":"<!-- This site is optimized with the Yoast SEO Premium plugin v21.9 (Yoast SEO v22.9) - https:\/\/yoast.com\/wordpress\/plugins\/seo\/ -->\n<title>GESS Dars High Frequency Facial &amp; Hair Wand | Darsonval Device<\/title>\n<meta name=\"description\" content=\"Professional GESS Dars high frequency facial &amp; hair wand. Darsonval device with 5 glass electrodes for skin care and scalp stimulation at home.\" \/>\n<meta name=\"robots\" content=\"index, follow, max-snippet:-1, max-image-preview:large, max-video-preview:-1\" \/>\n<link rel=\"canonical\" href=\"https:\/\/www.gess365.com\/de\/shop\/darsonvals-high-frequency-wand\/gess-dars-high-frequency-facial-wand\/\" \/>\n<meta property=\"og:locale\" content=\"de_DE\" \/>\n<meta property=\"og:locale:alternate\" content=\"en_GB\" \/>\n<meta property=\"og:locale:alternate\" content=\"ru_RU\" \/>\n<meta property=\"og:type\" content=\"article\" \/>\n<meta property=\"og:title\" content=\"https:\/\/www.facebook.com\/commerce\/products\/1186775774770134\/\" \/>\n<meta property=\"og:description\" content=\"GESS SuperNova High Frequency Facial Impulse Massager\" \/>\n<meta property=\"og:url\" content=\"https:\/\/www.gess365.com\/de\/shop\/darsonvals-high-frequency-wand\/gess-dars-high-frequency-facial-wand\/\" \/>\n<meta property=\"og:site_name\" content=\"GESS&trade; | &nbsp;Official Online-Store, EU\" \/>\n<meta property=\"article:publisher\" content=\"https:\/\/www.facebook.com\/gessmarket.eu\" \/>\n<meta property=\"article:modified_time\" content=\"2026-05-06T08:23:14+00:00\" \/>\n<meta property=\"og:image\" content=\"https:\/\/www.gess365.com\/wp-content\/uploads\/2015\/11\/6-supernova-042023.jpg\" \/>\n\t<meta property=\"og:image:width\" content=\"1500\" \/>\n\t<meta property=\"og:image:height\" content=\"1500\" \/>\n\t<meta property=\"og:image:type\" content=\"image\/jpeg\" \/>\n<meta name=\"twitter:card\" content=\"summary_large_image\" \/>\n<meta name=\"twitter:title\" content=\"GESS Dars Hochfrequenzstab mit 5 HF Stabs, Argon- und Neongas, Darsonval Hochfrequenz\" \/>\n<meta name=\"twitter:label1\" content=\"Gesch\u00e4tzte Lesezeit\" \/>\n\t<meta name=\"twitter:data1\" content=\"2\u00a0Minuten\" \/>\n<script type=\"application\/ld+json\" class=\"yoast-schema-graph\">{\"@context\":\"https:\/\/schema.org\",\"@graph\":[{\"@type\":[\"WebPage\",\"ItemPage\"],\"@id\":\"https:\/\/www.gess365.com\/shop\/darsonvals-high-frequency-wand\/gess-dars-high-frequency-facial-wand\/\",\"url\":\"https:\/\/www.gess365.com\/shop\/darsonvals-high-frequency-wand\/gess-dars-high-frequency-facial-wand\/\",\"name\":\"GESS Dars High Frequency Facial & Hair Wand | Darsonval Device\",\"isPartOf\":{\"@id\":\"https:\/\/www.gess365.com\/#website\"},\"primaryImageOfPage\":{\"@id\":\"https:\/\/www.gess365.com\/shop\/darsonvals-high-frequency-wand\/gess-dars-high-frequency-facial-wand\/#primaryimage\"},\"image\":{\"@id\":\"https:\/\/www.gess365.com\/shop\/darsonvals-high-frequency-wand\/gess-dars-high-frequency-facial-wand\/#primaryimage\"},\"thumbnailUrl\":\"https:\/\/www.gess365.com\/wp-content\/uploads\/2023\/10\/gess-dars-030-4c91d_reference.webp\",\"datePublished\":\"2023-10-18T11:14:28+00:00\",\"dateModified\":\"2026-05-06T08:23:14+00:00\",\"description\":\"Professional GESS Dars high frequency facial & hair wand. Darsonval device with 5 glass electrodes for skin care and scalp stimulation at home.\",\"breadcrumb\":{\"@id\":\"https:\/\/www.gess365.com\/shop\/darsonvals-high-frequency-wand\/gess-dars-high-frequency-facial-wand\/#breadcrumb\"},\"inLanguage\":\"de-DE\",\"potentialAction\":[{\"@type\":\"ReadAction\",\"target\":[\"https:\/\/www.gess365.com\/shop\/darsonvals-high-frequency-wand\/gess-dars-high-frequency-facial-wand\/\"]}]},{\"@type\":\"ImageObject\",\"inLanguage\":\"de-DE\",\"@id\":\"https:\/\/www.gess365.com\/shop\/darsonvals-high-frequency-wand\/gess-dars-high-frequency-facial-wand\/#primaryimage\",\"url\":\"https:\/\/www.gess365.com\/wp-content\/uploads\/2023\/10\/gess-dars-030-4c91d_reference.webp\",\"contentUrl\":\"https:\/\/www.gess365.com\/wp-content\/uploads\/2023\/10\/gess-dars-030-4c91d_reference.webp\",\"width\":1024,\"height\":1024,\"caption\":\"GESS High frequency Wand Darsonval DARS SuperNova Anti-aging hair treamtnet acne treatment GESS-030\"},{\"@type\":\"BreadcrumbList\",\"@id\":\"https:\/\/www.gess365.com\/shop\/darsonvals-high-frequency-wand\/gess-dars-high-frequency-facial-wand\/#breadcrumb\",\"itemListElement\":[{\"@type\":\"ListItem\",\"position\":1,\"name\":\"Home\",\"item\":\"https:\/\/www.gess365.com\/\"},{\"@type\":\"ListItem\",\"position\":2,\"name\":\"\u0418\u043d\u0442\u0435\u0440\u043d\u0435\u0442-\u043c\u0430\u0433\u0430\u0437\u0438\u043d\",\"item\":\"https:\/\/www.gess365.com\/ru\/shop\/\"},{\"@type\":\"ListItem\",\"position\":3,\"name\":\"GESS DARS High Frequency Facial &#038; Hair Wand \u2013 Darsonval Device (5 Electrodes)\"}]},{\"@type\":\"WebSite\",\"@id\":\"https:\/\/www.gess365.com\/#website\",\"url\":\"https:\/\/www.gess365.com\/\",\"name\":\"GESS Market\",\"description\":\"GESS MARKET OU\",\"publisher\":{\"@id\":\"https:\/\/www.gess365.com\/#organization\"},\"alternateName\":\"Heating Blanket, Massage and Health Care E Shop | GESS MARKET OU\",\"potentialAction\":[{\"@type\":\"SearchAction\",\"target\":{\"@type\":\"EntryPoint\",\"urlTemplate\":\"https:\/\/www.gess365.com\/?s={search_term_string}\"},\"query-input\":\"required name=search_term_string\"}],\"inLanguage\":\"de-DE\"},{\"@type\":\"Organization\",\"@id\":\"https:\/\/www.gess365.com\/#organization\",\"name\":\"GESS MARKET OU\",\"alternateName\":\"Heating Blanket, Massage and Health Care E Shop | GESS MARKET OU\",\"url\":\"https:\/\/www.gess365.com\/\",\"logo\":{\"@type\":\"ImageObject\",\"inLanguage\":\"de-DE\",\"@id\":\"https:\/\/www.gess365.com\/#\/schema\/logo\/image\/\",\"url\":\"https:\/\/www.gess365.com\/wp-content\/uploads\/2014\/12\/GESS_na-prozrachnom-fone.png\",\"contentUrl\":\"https:\/\/www.gess365.com\/wp-content\/uploads\/2014\/12\/GESS_na-prozrachnom-fone.png\",\"width\":283,\"height\":142,\"caption\":\"GESS MARKET OU\"},\"image\":{\"@id\":\"https:\/\/www.gess365.com\/#\/schema\/logo\/image\/\"},\"sameAs\":[\"https:\/\/www.facebook.com\/gessmarket.eu\",\"https:\/\/www.instagram.com\/gessmarket.eu\/\",\"https:\/\/www.youtube.com\/channel\/UCctSJmzO2z-hcz0J-goW25Q\"],\"publishingPrinciples\":\"https:\/\/www.gess365.com\/massage-products\/\",\"ownershipFundingInfo\":\"https:\/\/www.gess365.com\/massage-products\/\"}]}<\/script>\n<!-- \/ Yoast SEO Premium plugin. -->","yoast_head_json":{"title":"GESS Dars High Frequency Facial & Hair Wand | Darsonval Device","description":"Professional GESS Dars high frequency facial & hair wand. Darsonval device with 5 glass electrodes for skin care and scalp stimulation at home.","robots":{"index":"index","follow":"follow","max-snippet":"max-snippet:-1","max-image-preview":"max-image-preview:large","max-video-preview":"max-video-preview:-1"},"canonical":"https:\/\/www.gess365.com\/de\/shop\/darsonvals-high-frequency-wand\/gess-dars-high-frequency-facial-wand\/","og_locale":"de_DE","og_type":"article","og_title":"https:\/\/www.facebook.com\/commerce\/products\/1186775774770134\/","og_description":"GESS SuperNova High Frequency Facial Impulse Massager","og_url":"https:\/\/www.gess365.com\/de\/shop\/darsonvals-high-frequency-wand\/gess-dars-high-frequency-facial-wand\/","og_site_name":"GESS&trade; | &nbsp;Official Online-Store, EU","article_publisher":"https:\/\/www.facebook.com\/gessmarket.eu","article_modified_time":"2026-05-06T08:23:14+00:00","og_image":[{"width":1500,"height":1500,"url":"https:\/\/www.gess365.com\/wp-content\/uploads\/2015\/11\/6-supernova-042023.jpg","type":"image\/jpeg"}],"twitter_card":"summary_large_image","twitter_title":"[:en]GESS DARS High Frequency Facial & Hair Wand \u2013 Darsonval Device (5 Electrodes)[:de]GESS Dars Hochfrequenzstab mit 5 HF Stabs, Argon- und Neongas, Darsonval Hochfrequenz[:ru]\u0414\u0430\u0440\u0441\u043e\u043d\u0432\u0430\u043b\u044c \u043c\u0435\u0434\u0438\u0446\u0438\u043d\u0441\u043a\u0438\u0439 GESS DARS[:]","twitter_misc":{"Gesch\u00e4tzte Lesezeit":"2\u00a0Minuten"},"schema":{"@context":"https:\/\/schema.org","@graph":[{"@type":["WebPage","ItemPage"],"@id":"https:\/\/www.gess365.com\/shop\/darsonvals-high-frequency-wand\/gess-dars-high-frequency-facial-wand\/","url":"https:\/\/www.gess365.com\/shop\/darsonvals-high-frequency-wand\/gess-dars-high-frequency-facial-wand\/","name":"GESS Dars High Frequency Facial & Hair Wand | Darsonval Device","isPartOf":{"@id":"https:\/\/www.gess365.com\/#website"},"primaryImageOfPage":{"@id":"https:\/\/www.gess365.com\/shop\/darsonvals-high-frequency-wand\/gess-dars-high-frequency-facial-wand\/#primaryimage"},"image":{"@id":"https:\/\/www.gess365.com\/shop\/darsonvals-high-frequency-wand\/gess-dars-high-frequency-facial-wand\/#primaryimage"},"thumbnailUrl":"https:\/\/www.gess365.com\/wp-content\/uploads\/2023\/10\/gess-dars-030-4c91d_reference.webp","datePublished":"2023-10-18T11:14:28+00:00","dateModified":"2026-05-06T08:23:14+00:00","description":"Professional GESS Dars high frequency facial & hair wand. Darsonval device with 5 glass electrodes for skin care and scalp stimulation at home.","breadcrumb":{"@id":"https:\/\/www.gess365.com\/shop\/darsonvals-high-frequency-wand\/gess-dars-high-frequency-facial-wand\/#breadcrumb"},"inLanguage":"de-DE","potentialAction":[{"@type":"ReadAction","target":["https:\/\/www.gess365.com\/shop\/darsonvals-high-frequency-wand\/gess-dars-high-frequency-facial-wand\/"]}]},{"@type":"ImageObject","inLanguage":"de-DE","@id":"https:\/\/www.gess365.com\/shop\/darsonvals-high-frequency-wand\/gess-dars-high-frequency-facial-wand\/#primaryimage","url":"https:\/\/www.gess365.com\/wp-content\/uploads\/2023\/10\/gess-dars-030-4c91d_reference.webp","contentUrl":"https:\/\/www.gess365.com\/wp-content\/uploads\/2023\/10\/gess-dars-030-4c91d_reference.webp","width":1024,"height":1024,"caption":"GESS High frequency Wand Darsonval DARS SuperNova Anti-aging hair treamtnet acne treatment GESS-030"},{"@type":"BreadcrumbList","@id":"https:\/\/www.gess365.com\/shop\/darsonvals-high-frequency-wand\/gess-dars-high-frequency-facial-wand\/#breadcrumb","itemListElement":[{"@type":"ListItem","position":1,"name":"Home","item":"https:\/\/www.gess365.com\/"},{"@type":"ListItem","position":2,"name":"\u0418\u043d\u0442\u0435\u0440\u043d\u0435\u0442-\u043c\u0430\u0433\u0430\u0437\u0438\u043d","item":"https:\/\/www.gess365.com\/ru\/shop\/"},{"@type":"ListItem","position":3,"name":"GESS DARS High Frequency Facial &#038; Hair Wand \u2013 Darsonval Device (5 Electrodes)"}]},{"@type":"WebSite","@id":"https:\/\/www.gess365.com\/#website","url":"https:\/\/www.gess365.com\/","name":"GESS Market","description":"GESS MARKET OU","publisher":{"@id":"https:\/\/www.gess365.com\/#organization"},"alternateName":"Heating Blanket, Massage and Health Care E Shop | GESS MARKET OU","potentialAction":[{"@type":"SearchAction","target":{"@type":"EntryPoint","urlTemplate":"https:\/\/www.gess365.com\/?s={search_term_string}"},"query-input":"required name=search_term_string"}],"inLanguage":"de-DE"},{"@type":"Organization","@id":"https:\/\/www.gess365.com\/#organization","name":"GESS MARKET OU","alternateName":"Heating Blanket, Massage and Health Care E Shop | GESS MARKET OU","url":"https:\/\/www.gess365.com\/","logo":{"@type":"ImageObject","inLanguage":"de-DE","@id":"https:\/\/www.gess365.com\/#\/schema\/logo\/image\/","url":"https:\/\/www.gess365.com\/wp-content\/uploads\/2014\/12\/GESS_na-prozrachnom-fone.png","contentUrl":"https:\/\/www.gess365.com\/wp-content\/uploads\/2014\/12\/GESS_na-prozrachnom-fone.png","width":283,"height":142,"caption":"GESS MARKET OU"},"image":{"@id":"https:\/\/www.gess365.com\/#\/schema\/logo\/image\/"},"sameAs":["https:\/\/www.facebook.com\/gessmarket.eu","https:\/\/www.instagram.com\/gessmarket.eu\/","https:\/\/www.youtube.com\/channel\/UCctSJmzO2z-hcz0J-goW25Q"],"publishingPrinciples":"https:\/\/www.gess365.com\/massage-products\/","ownershipFundingInfo":"https:\/\/www.gess365.com\/massage-products\/"}]}},"_links":{"self":[{"href":"https:\/\/www.gess365.com\/de\/wp-json\/wp\/v2\/product\/18777"}],"collection":[{"href":"https:\/\/www.gess365.com\/de\/wp-json\/wp\/v2\/product"}],"about":[{"href":"https:\/\/www.gess365.com\/de\/wp-json\/wp\/v2\/types\/product"}],"replies":[{"embeddable":true,"href":"https:\/\/www.gess365.com\/de\/wp-json\/wp\/v2\/comments?post=18777"}],"wp:featuredmedia":[{"embeddable":true,"href":"https:\/\/www.gess365.com\/de\/wp-json\/wp\/v2\/media\/19310"}],"wp:attachment":[{"href":"https:\/\/www.gess365.com\/de\/wp-json\/wp\/v2\/media?parent=18777"}],"wp:term":[{"taxonomy":"product_cat","embeddable":true,"href":"https:\/\/www.gess365.com\/de\/wp-json\/wp\/v2\/product_cat?post=18777"},{"taxonomy":"product_tag","embeddable":true,"href":"https:\/\/www.gess365.com\/de\/wp-json\/wp\/v2\/product_tag?post=18777"}],"curies":[{"name":"wp","href":"https:\/\/api.w.org\/{rel}","templated":true}]}}