{"id":18669,"date":"2023-06-03T14:47:50","date_gmt":"2023-06-03T12:47:50","guid":{"rendered":"https:\/\/gess365.com\/?post_type=product&#038;p=18669"},"modified":"2026-02-06T16:42:43","modified_gmt":"2026-02-06T14:42:43","slug":"microcurrent-ems-therapy-gess-kuper-microcurrent-massager","status":"publish","type":"product","link":"https:\/\/www.gess365.com\/de\/shop\/cosmetic-devices-and-products-gess\/microcurrent-ems-therapy-gess-kuper-microcurrent-massager\/","title":{"rendered":"GESS KUPER Mikrostrombrille zur Hautpflege unter den Augen"},"content":{"rendered":"<h2><strong>GESS Kuper Mikrostrombrille, Gesichtslifting-Ger\u00e4t, 3 Intensit\u00e4tsmodi, wiederaufladbar, Anti-Aging-Maschine, Straffung der Haut unter den Augen, Mikrostrom-Augenmassageger\u00e4t<\/strong><\/h2>\n<p><b>\u00a0<\/b><\/p>\n<p>Das <strong>GESS Kuper Mikrostrombrille<\/strong> ist ein innovatives <strong>Facelifting-Ger\u00e4t<\/strong>, das Niederspannungs-Mikrostr\u00f6me verwendet, um die Muskeln zu kontrahieren und eine nat\u00fcrliche <strong>Straffung der Haut unter den Augen<\/strong> zu f\u00f6rdern. Es stimuliert die <strong>Kollagenproduktion<\/strong>, verbessert die <strong>Durchblutung<\/strong> und sorgt f\u00fcr eine gezielte <strong>Behandlung der Augenpartie<\/strong>. Diese <strong>Anti-Aging-Augenbehandlung<\/strong> hilft, <strong>Augenf\u00e4ltchen zu reduzieren<\/strong>, <strong>Tr\u00e4nens\u00e4cke zu entfernen<\/strong>, <strong>Schwellungen zu verringern<\/strong>, und sorgt f\u00fcr eine <strong>Gl\u00e4ttung feiner Linien<\/strong>.<\/p>\n<p>Die <strong>Sanfte Augenpflegetechnologie<\/strong> macht das Ger\u00e4t perfekt f\u00fcr empfindliche Haut, insbesondere in der <strong>Augenkontur<\/strong>. Die <strong>nicht-invasive Augenlifting<\/strong>-Technologie sorgt f\u00fcr ein schonendes <strong>Lifting der Augenkontur<\/strong> und eine gezielte <strong>Formung der Augenzone<\/strong>. Die Anwendung des Ger\u00e4ts f\u00f6rdert die <strong>Verbesserung der Hautelastizit\u00e4t<\/strong> und verj\u00fcngt die Haut, w\u00e4hrend die <strong>Pflege empfindlicher Haut<\/strong> unterst\u00fctzt wird.<\/p>\n<p>Durch die Brillenform ist das <strong>Mikrostrom-Augenmassageger\u00e4t<\/strong> \u00e4u\u00dferst benutzerfreundlich und erm\u00f6glicht Ihnen, Ihre t\u00e4gliche Routine w\u00e4hrend der Anwendung beizubehalten, ohne das Ger\u00e4t halten zu m\u00fcssen.<\/p>\n<p>Das Ger\u00e4t bietet <strong>kontinuierliche und gepulste Lichtmodi<\/strong> sowie 3 Intensit\u00e4tsstufen, um die <strong>Pflege der Augenkontur<\/strong> optimal zu unterst\u00fctzen. Die Verwendung eines <strong>leitf\u00e4higen Gels<\/strong> kann das Ergebnis zus\u00e4tzlich verbessern. Tragen Sie das Gel auf saubere, trockene Haut unter den Augen auf und starten Sie die Behandlung.<\/p>\n<p><strong>Im Set enthalten:<\/strong><\/p>\n<ul>\n<li>1 x <strong>Mikrostromger\u00e4t<\/strong><\/li>\n<li>1 x USB-Kabel<\/li>\n<li>1 x Bedienungsanleitung (evtl. nicht in deutscher Sprache)<\/li>\n<\/ul>\n<p><strong>Spezifikationen:<\/strong><\/p>\n<ul>\n<li>SKU: GESS-152<\/li>\n<li>Stromversorgung: Akku (wiederaufladbar)<\/li>\n<li>Akku-Kapazit\u00e4t: 500 mA<\/li>\n<li>Spannung: 5 V<\/li>\n<li>Leistung: 0,5 W<\/li>\n<li>Nennspannung: 3,7 V<\/li>\n<li>Impulsfrequenz: kontinuierlich: 1 Hz, Impuls: 60-1<\/li>\n<li>Stromst\u00e4rke: 120 \u00b5A<\/li>\n<li>Netto-\/Bruttogewicht: 42 g \/ 100 g<\/li>\n<li>Packma\u00df: 60\u0445170\u044580 mm<\/li>\n<\/ul>\n","protected":false},"excerpt":{"rendered":"<h1>Mikrostrom-EMS-Therapiebrillen eignen sich perfekt f\u00fcr die sanfte Hautpflege unter den Augen. Das Mikrostrom-Massageger\u00e4t reduziert Schwellungen, mindert das Auftreten von F\u00e4ltchen, Augenringen und Tr\u00e4nens\u00e4cken und strafft die Haut. Das Massageger\u00e4t muss nicht gehalten werden, da es die Form einer Brille hat. Sie k\u00f6nnen w\u00e4hrend der Behandlung Ihren Alltag genie\u00dfen.<\/h1>\n","protected":false},"featured_media":18670,"comment_status":"open","ping_status":"closed","template":"","meta":[],"product_cat":[85],"product_tag":[925,916,920,922,911,910,917,914,918,923,915,919,913,921,924,912,676,409,674,267,672,673,266,675],"yoast_head":"<!-- This site is optimized with the Yoast SEO Premium plugin v21.9 (Yoast SEO v22.9) - https:\/\/yoast.com\/wordpress\/plugins\/seo\/ -->\n<title>Microcurrent EMS Therapy GESS KUPER Massage for under Eyes<\/title>\n<meta name=\"description\" content=\"Microcurrent EMS Therapy glasses are perfect for delicate skin care under the eyes. With 3 intensity levels. GESS Kuper made in the shape of glasses.\" \/>\n<meta name=\"robots\" content=\"index, follow, max-snippet:-1, max-image-preview:large, max-video-preview:-1\" \/>\n<link rel=\"canonical\" href=\"https:\/\/www.gess365.com\/de\/shop\/cosmetic-devices-and-products-gess\/microcurrent-ems-therapy-gess-kuper-microcurrent-massager\/\" \/>\n<meta property=\"og:locale\" content=\"de_DE\" \/>\n<meta property=\"og:locale:alternate\" content=\"en_GB\" \/>\n<meta property=\"og:locale:alternate\" content=\"ru_RU\" \/>\n<meta property=\"og:type\" content=\"article\" \/>\n<meta property=\"og:title\" content=\"GESS KUPER Mikrostrombrille zur Hautpflege unter den Augen\" \/>\n<meta property=\"og:description\" content=\"Microcurrent EMS Therapy glasses are perfect for delicate skin care under the eyes. With 3 intensity levels. GESS Kuper made in the shape of glasses.\" \/>\n<meta property=\"og:url\" content=\"https:\/\/www.gess365.com\/de\/shop\/cosmetic-devices-and-products-gess\/microcurrent-ems-therapy-gess-kuper-microcurrent-massager\/\" \/>\n<meta property=\"og:site_name\" content=\"GESS&trade; | &nbsp;Official Online-Store, EU\" \/>\n<meta property=\"article:publisher\" content=\"https:\/\/www.facebook.com\/gessmarket.eu\" \/>\n<meta property=\"article:modified_time\" content=\"2026-02-06T14:42:43+00:00\" \/>\n<meta property=\"og:image\" content=\"https:\/\/www.gess365.com\/wp-content\/uploads\/2014\/12\/web_favicon2.jpg\" \/>\n\t<meta property=\"og:image:width\" content=\"516\" \/>\n\t<meta property=\"og:image:height\" content=\"516\" \/>\n\t<meta property=\"og:image:type\" content=\"image\/jpeg\" \/>\n<meta name=\"twitter:card\" content=\"summary_large_image\" \/>\n<meta name=\"twitter:label1\" content=\"Gesch\u00e4tzte Lesezeit\" \/>\n\t<meta name=\"twitter:data1\" content=\"2\u00a0Minuten\" \/>\n<script type=\"application\/ld+json\" class=\"yoast-schema-graph\">{\"@context\":\"https:\/\/schema.org\",\"@graph\":[{\"@type\":\"WebPage\",\"@id\":\"https:\/\/www.gess365.com\/shop\/cosmetic-devices-and-products-gess\/microcurrent-ems-therapy-gess-kuper-microcurrent-massager\/\",\"url\":\"https:\/\/www.gess365.com\/shop\/cosmetic-devices-and-products-gess\/microcurrent-ems-therapy-gess-kuper-microcurrent-massager\/\",\"name\":\"Microcurrent EMS Therapy GESS KUPER Massage for under Eyes\",\"isPartOf\":{\"@id\":\"https:\/\/www.gess365.com\/#website\"},\"primaryImageOfPage\":{\"@id\":\"https:\/\/www.gess365.com\/shop\/cosmetic-devices-and-products-gess\/microcurrent-ems-therapy-gess-kuper-microcurrent-massager\/#primaryimage\"},\"image\":{\"@id\":\"https:\/\/www.gess365.com\/shop\/cosmetic-devices-and-products-gess\/microcurrent-ems-therapy-gess-kuper-microcurrent-massager\/#primaryimage\"},\"thumbnailUrl\":\"\",\"datePublished\":\"2023-06-03T12:47:50+00:00\",\"dateModified\":\"2026-02-06T14:42:43+00:00\",\"description\":\"Microcurrent EMS Therapy glasses are perfect for delicate skin care under the eyes. With 3 intensity levels. GESS Kuper made in the shape of glasses.\",\"breadcrumb\":{\"@id\":\"https:\/\/www.gess365.com\/shop\/cosmetic-devices-and-products-gess\/microcurrent-ems-therapy-gess-kuper-microcurrent-massager\/#breadcrumb\"},\"inLanguage\":\"de-DE\",\"potentialAction\":[{\"@type\":\"ReadAction\",\"target\":[\"https:\/\/www.gess365.com\/shop\/cosmetic-devices-and-products-gess\/microcurrent-ems-therapy-gess-kuper-microcurrent-massager\/\"]}]},{\"@type\":\"ImageObject\",\"inLanguage\":\"de-DE\",\"@id\":\"https:\/\/www.gess365.com\/shop\/cosmetic-devices-and-products-gess\/microcurrent-ems-therapy-gess-kuper-microcurrent-massager\/#primaryimage\",\"url\":\"\",\"contentUrl\":\"\"},{\"@type\":\"BreadcrumbList\",\"@id\":\"https:\/\/www.gess365.com\/shop\/cosmetic-devices-and-products-gess\/microcurrent-ems-therapy-gess-kuper-microcurrent-massager\/#breadcrumb\",\"itemListElement\":[{\"@type\":\"ListItem\",\"position\":1,\"name\":\"Home\",\"item\":\"https:\/\/www.gess365.com\/\"},{\"@type\":\"ListItem\",\"position\":2,\"name\":\"\u0418\u043d\u0442\u0435\u0440\u043d\u0435\u0442-\u043c\u0430\u0433\u0430\u0437\u0438\u043d\",\"item\":\"https:\/\/www.gess365.com\/ru\/shop\/\"},{\"@type\":\"ListItem\",\"position\":3,\"name\":\"GESS KUPER Microcurrent Eye Glasses \u2013 EMS Under-Eye Lifting &#038; Firming Device (GESS-152)\"}]},{\"@type\":\"WebSite\",\"@id\":\"https:\/\/www.gess365.com\/#website\",\"url\":\"https:\/\/www.gess365.com\/\",\"name\":\"GESS Market\",\"description\":\"GESS MARKET OU\",\"publisher\":{\"@id\":\"https:\/\/www.gess365.com\/#organization\"},\"alternateName\":\"Heating Blanket, Massage and Health Care E Shop | GESS MARKET OU\",\"potentialAction\":[{\"@type\":\"SearchAction\",\"target\":{\"@type\":\"EntryPoint\",\"urlTemplate\":\"https:\/\/www.gess365.com\/?s={search_term_string}\"},\"query-input\":\"required name=search_term_string\"}],\"inLanguage\":\"de-DE\"},{\"@type\":\"Organization\",\"@id\":\"https:\/\/www.gess365.com\/#organization\",\"name\":\"GESS MARKET OU\",\"alternateName\":\"Heating Blanket, Massage and Health Care E Shop | GESS MARKET OU\",\"url\":\"https:\/\/www.gess365.com\/\",\"logo\":{\"@type\":\"ImageObject\",\"inLanguage\":\"de-DE\",\"@id\":\"https:\/\/www.gess365.com\/#\/schema\/logo\/image\/\",\"url\":\"https:\/\/www.gess365.com\/wp-content\/uploads\/2014\/12\/GESS_na-prozrachnom-fone.png\",\"contentUrl\":\"https:\/\/www.gess365.com\/wp-content\/uploads\/2014\/12\/GESS_na-prozrachnom-fone.png\",\"width\":283,\"height\":142,\"caption\":\"GESS MARKET OU\"},\"image\":{\"@id\":\"https:\/\/www.gess365.com\/#\/schema\/logo\/image\/\"},\"sameAs\":[\"https:\/\/www.facebook.com\/gessmarket.eu\",\"https:\/\/www.instagram.com\/gessmarket.eu\/\",\"https:\/\/www.youtube.com\/channel\/UCctSJmzO2z-hcz0J-goW25Q\"],\"publishingPrinciples\":\"https:\/\/www.gess365.com\/massage-products\/\",\"ownershipFundingInfo\":\"https:\/\/www.gess365.com\/massage-products\/\"}]}<\/script>\n<!-- \/ Yoast SEO Premium plugin. -->","yoast_head_json":{"title":"Microcurrent EMS Therapy GESS KUPER Massage for under Eyes","description":"Microcurrent EMS Therapy glasses are perfect for delicate skin care under the eyes. With 3 intensity levels. GESS Kuper made in the shape of glasses.","robots":{"index":"index","follow":"follow","max-snippet":"max-snippet:-1","max-image-preview":"max-image-preview:large","max-video-preview":"max-video-preview:-1"},"canonical":"https:\/\/www.gess365.com\/de\/shop\/cosmetic-devices-and-products-gess\/microcurrent-ems-therapy-gess-kuper-microcurrent-massager\/","og_locale":"de_DE","og_type":"article","og_title":"[:en]GESS KUPER Microcurrent Eye Glasses \u2013 EMS Under-Eye Lifting & Firming Device (GESS-152)[:de]GESS KUPER Mikrostrombrille zur Hautpflege unter den Augen[:ru]\u041c\u0438\u043a\u0440\u043e\u0442\u043e\u043a\u043e\u0432\u044b\u0435 \u043e\u0447\u043a\u0438 GESS KUPER \u0434\u043b\u044f \u0443\u0445\u043e\u0434\u0430 \u0437\u0430 \u043a\u043e\u0436\u0435\u0439 \u043f\u043e\u0434 \u0433\u043b\u0430\u0437\u0430\u043c\u0438[:]","og_description":"Microcurrent EMS Therapy glasses are perfect for delicate skin care under the eyes. With 3 intensity levels. GESS Kuper made in the shape of glasses.","og_url":"https:\/\/www.gess365.com\/de\/shop\/cosmetic-devices-and-products-gess\/microcurrent-ems-therapy-gess-kuper-microcurrent-massager\/","og_site_name":"GESS&trade; | &nbsp;Official Online-Store, EU","article_publisher":"https:\/\/www.facebook.com\/gessmarket.eu","article_modified_time":"2026-02-06T14:42:43+00:00","og_image":[{"width":516,"height":516,"url":"https:\/\/www.gess365.com\/wp-content\/uploads\/2014\/12\/web_favicon2.jpg","type":"image\/jpeg"}],"twitter_card":"summary_large_image","twitter_misc":{"Gesch\u00e4tzte Lesezeit":"2\u00a0Minuten"},"schema":{"@context":"https:\/\/schema.org","@graph":[{"@type":"WebPage","@id":"https:\/\/www.gess365.com\/shop\/cosmetic-devices-and-products-gess\/microcurrent-ems-therapy-gess-kuper-microcurrent-massager\/","url":"https:\/\/www.gess365.com\/shop\/cosmetic-devices-and-products-gess\/microcurrent-ems-therapy-gess-kuper-microcurrent-massager\/","name":"Microcurrent EMS Therapy GESS KUPER Massage for under Eyes","isPartOf":{"@id":"https:\/\/www.gess365.com\/#website"},"primaryImageOfPage":{"@id":"https:\/\/www.gess365.com\/shop\/cosmetic-devices-and-products-gess\/microcurrent-ems-therapy-gess-kuper-microcurrent-massager\/#primaryimage"},"image":{"@id":"https:\/\/www.gess365.com\/shop\/cosmetic-devices-and-products-gess\/microcurrent-ems-therapy-gess-kuper-microcurrent-massager\/#primaryimage"},"thumbnailUrl":"","datePublished":"2023-06-03T12:47:50+00:00","dateModified":"2026-02-06T14:42:43+00:00","description":"Microcurrent EMS Therapy glasses are perfect for delicate skin care under the eyes. With 3 intensity levels. GESS Kuper made in the shape of glasses.","breadcrumb":{"@id":"https:\/\/www.gess365.com\/shop\/cosmetic-devices-and-products-gess\/microcurrent-ems-therapy-gess-kuper-microcurrent-massager\/#breadcrumb"},"inLanguage":"de-DE","potentialAction":[{"@type":"ReadAction","target":["https:\/\/www.gess365.com\/shop\/cosmetic-devices-and-products-gess\/microcurrent-ems-therapy-gess-kuper-microcurrent-massager\/"]}]},{"@type":"ImageObject","inLanguage":"de-DE","@id":"https:\/\/www.gess365.com\/shop\/cosmetic-devices-and-products-gess\/microcurrent-ems-therapy-gess-kuper-microcurrent-massager\/#primaryimage","url":"","contentUrl":""},{"@type":"BreadcrumbList","@id":"https:\/\/www.gess365.com\/shop\/cosmetic-devices-and-products-gess\/microcurrent-ems-therapy-gess-kuper-microcurrent-massager\/#breadcrumb","itemListElement":[{"@type":"ListItem","position":1,"name":"Home","item":"https:\/\/www.gess365.com\/"},{"@type":"ListItem","position":2,"name":"\u0418\u043d\u0442\u0435\u0440\u043d\u0435\u0442-\u043c\u0430\u0433\u0430\u0437\u0438\u043d","item":"https:\/\/www.gess365.com\/ru\/shop\/"},{"@type":"ListItem","position":3,"name":"GESS KUPER Microcurrent Eye Glasses \u2013 EMS Under-Eye Lifting &#038; Firming Device (GESS-152)"}]},{"@type":"WebSite","@id":"https:\/\/www.gess365.com\/#website","url":"https:\/\/www.gess365.com\/","name":"GESS Market","description":"GESS MARKET OU","publisher":{"@id":"https:\/\/www.gess365.com\/#organization"},"alternateName":"Heating Blanket, Massage and Health Care E Shop | GESS MARKET OU","potentialAction":[{"@type":"SearchAction","target":{"@type":"EntryPoint","urlTemplate":"https:\/\/www.gess365.com\/?s={search_term_string}"},"query-input":"required name=search_term_string"}],"inLanguage":"de-DE"},{"@type":"Organization","@id":"https:\/\/www.gess365.com\/#organization","name":"GESS MARKET OU","alternateName":"Heating Blanket, Massage and Health Care E Shop | GESS MARKET OU","url":"https:\/\/www.gess365.com\/","logo":{"@type":"ImageObject","inLanguage":"de-DE","@id":"https:\/\/www.gess365.com\/#\/schema\/logo\/image\/","url":"https:\/\/www.gess365.com\/wp-content\/uploads\/2014\/12\/GESS_na-prozrachnom-fone.png","contentUrl":"https:\/\/www.gess365.com\/wp-content\/uploads\/2014\/12\/GESS_na-prozrachnom-fone.png","width":283,"height":142,"caption":"GESS MARKET OU"},"image":{"@id":"https:\/\/www.gess365.com\/#\/schema\/logo\/image\/"},"sameAs":["https:\/\/www.facebook.com\/gessmarket.eu","https:\/\/www.instagram.com\/gessmarket.eu\/","https:\/\/www.youtube.com\/channel\/UCctSJmzO2z-hcz0J-goW25Q"],"publishingPrinciples":"https:\/\/www.gess365.com\/massage-products\/","ownershipFundingInfo":"https:\/\/www.gess365.com\/massage-products\/"}]}},"_links":{"self":[{"href":"https:\/\/www.gess365.com\/de\/wp-json\/wp\/v2\/product\/18669"}],"collection":[{"href":"https:\/\/www.gess365.com\/de\/wp-json\/wp\/v2\/product"}],"about":[{"href":"https:\/\/www.gess365.com\/de\/wp-json\/wp\/v2\/types\/product"}],"replies":[{"embeddable":true,"href":"https:\/\/www.gess365.com\/de\/wp-json\/wp\/v2\/comments?post=18669"}],"wp:featuredmedia":[{"embeddable":true,"href":"https:\/\/www.gess365.com\/de\/wp-json\/"}],"wp:attachment":[{"href":"https:\/\/www.gess365.com\/de\/wp-json\/wp\/v2\/media?parent=18669"}],"wp:term":[{"taxonomy":"product_cat","embeddable":true,"href":"https:\/\/www.gess365.com\/de\/wp-json\/wp\/v2\/product_cat?post=18669"},{"taxonomy":"product_tag","embeddable":true,"href":"https:\/\/www.gess365.com\/de\/wp-json\/wp\/v2\/product_tag?post=18669"}],"curies":[{"name":"wp","href":"https:\/\/api.w.org\/{rel}","templated":true}]}}