{"id":18625,"date":"2023-06-02T17:19:51","date_gmt":"2023-06-02T15:19:51","guid":{"rendered":"https:\/\/gess365.com\/?post_type=product&#038;p=18625"},"modified":"2026-02-11T16:47:34","modified_gmt":"2026-02-11T14:47:34","slug":"ecosapiens-infralight-heated-sauna-blanket-110v-2-heating-zones-9-modes180x220-cm","status":"publish","type":"product","link":"https:\/\/www.gess365.com\/de\/shop\/home-appliances\/ecosapiens-infralight-heated-sauna-blanket-110v-2-heating-zones-9-modes180x220-cm\/","title":{"rendered":"Ecosapiens Infrarot-Heizdecke \u2013 Ultimative Entgiftung und Entspannung 110 V ES-300 E"},"content":{"rendered":"<div>\n<div>\n<div id=\"title_feature_div\" class=\"celwidget\" data-feature-name=\"title\" data-csa-c-type=\"widget\" data-csa-c-content-id=\"title\" data-csa-c-slot-id=\"title_feature_div\" data-csa-c-asin=\"B09FFKQ1X8\" data-csa-c-is-in-initial-active-row=\"false\" data-csa-c-id=\"sh0alr-uf7sqw-f6n2eo-u6x51z\" data-cel-widget=\"title_feature_div\">\n<div id=\"titleSection\" class=\"a-section a-spacing-none\">\n<div>\n<div>\n<div id=\"title_feature_div\" class=\"celwidget\" data-feature-name=\"title\" data-csa-c-type=\"widget\" data-csa-c-content-id=\"title\" data-csa-c-slot-id=\"title_feature_div\" data-csa-c-asin=\"B09FFKQ1X8\" data-csa-c-is-in-initial-active-row=\"false\" data-csa-c-id=\"sh0alr-uf7sqw-f6n2eo-u6x51z\" data-cel-widget=\"title_feature_div\">\n<div id=\"titleSection\" class=\"a-section a-spacing-none\">\n<h1 id=\"title\" class=\"a-size-large a-spacing-none\"><img decoding=\"async\" style=\"font-size: 16px;\" src=\"https:\/\/i.postimg.cc\/W3FMkws5\/1-Infralight.jpg\" \/><\/h1>\n<\/div>\n<\/div>\n<\/div>\n<\/div>\n<div><\/div>\n<h1>Ecosapiens ES-300 E Infrarot-Heizdecke \u2013 Ultimative Entgiftung und Entspannung<\/h1>\n<p>Verbessern Sie Ihre Wellness-Routine mit der Infrarot-Heizdecke von Ecosapiens, der perfekten L\u00f6sung f\u00fcr Entgiftungstherapie, K\u00f6rperabnahme, Hautstraffung und Tiefenentspannung \u2013 alles bequem von zu Hause aus. Diese hochwertige Heizdecke wurde mit fortschrittlicher Infrarot-Heiztechnologie entwickelt und liefert professionelle Ergebnisse bei maximalem Komfort und Sicherheit.<\/p>\n<p>\ud83d\udd25 Hauptvorteile:<br \/>\n\u2705\u00a0Infrarot-Heizung mit zwei Zonen \u2013 Steuern Sie Oberk\u00f6rper (Schultern bis Bauch) und Unterk\u00f6rper (H\u00fcften, Beine, Ges\u00e4\u00df) unabh\u00e4ngig voneinander f\u00fcr eine gezielte oder Ganzk\u00f6rper-Entgiftung.<br \/>\n\u2705\u00a09 einstellbare Temperaturmodi (30 \u00b0C\u201355 \u00b0C) \u2013 Passen Sie die W\u00e4rmeintensit\u00e4t f\u00fcr Gewichtsverlustsitzungen, K\u00f6rperpackungen oder Tiefenentgiftungstherapien an.<br \/>\n\u2705\u00a0Erweiterte Entgiftung und Abnehmen \u2013 F\u00f6rdern Sie die Beseitigung von Giftstoffen, die Reduzierung von Cellulite und die Straffung der Haut mit tief eindringender Infrarotw\u00e4rme.<br \/>\n\u2705\u00a0Infrarot-Heizbereich (4\u201316 Mikron) \u2013 Strahlt langwellige Infrarotstrahlung aus, die der nat\u00fcrlichen W\u00e4rmestrahlung des menschlichen K\u00f6rpers \u00e4hnelt, und verbessert so die tiefe Gewebepenetration und die therapeutische Wirkung.<br \/>\n\u2705\u00a0Entspannung wie im Spa \u2013 L\u00f6sen Sie Muskelverspannungen, verbessern Sie die Durchblutung und erzielen Sie strahlende Haut mit wohltuender W\u00e4rme.<br \/>\n\u2705\u00a0Intelligente Sicherheitsfunktionen \u2013 Beinhaltet eine automatische Abschaltung nach 60 Minuten und eine Au\u00dfenseite aus wasserdichtem Oxford-Gewebe, das langlebig und leicht zu reinigen ist.<\/p>\n<p><img decoding=\"async\" src=\"https:\/\/i.postimg.cc\/BvwTbVf8\/2-Infralight.jpg\" \/><\/p>\n<p><strong>\ud83c\udf1f Warum sollten Sie sich f\u00fcr die Infrarot-Heizdecke von Ecosapiens entscheiden?<\/strong><br \/>\nDoppelte Fernbedienung \u2013 Steuern Sie beide Heizzonen m\u00fchelos mit einer Fernbedienung.<br \/>\nVerstellbare Gurte und ergonomisches Design \u2013 Legen Sie sie sicher um Arme, Beine oder Oberk\u00f6rper f\u00fcr individuellen Komfort.<br \/>\nEnergieeffizient und leistungsstark \u2013 55 W pro Zone sorgen f\u00fcr effektive Heizung ohne hohe Energiekosten.<br \/>\nIdeal f\u00fcr den privaten und professionellen Gebrauch \u2013 Perfekt f\u00fcr Spa-Studios, Sch\u00f6nheitskliniken und pers\u00f6nliche Wellness-Routinen.<\/p>\n<p><strong>\ud83d\udce6 Lieferumfang:<\/strong><br \/>\n\u2714\ufe0f 1x Infrarot-Heizdecke (180 x 220 cm)<br \/>\n\u2714\ufe0f 1x Fernbedienung<br \/>\n\u2714\ufe0f 1x Benutzerhandbuch<br \/>\n\u2714\ufe0f 1x Garantiekarte<\/p>\n<p><em>\ud83d\udca1 Wussten Sie schon? Menschen schwitzen unterschiedlich, und manche reagieren schneller als andere. Die Infrarottechnologie in der Ecosapiens-Decke f\u00f6rdert das Schwitzen und entgiftet Ihren K\u00f6rper, unabh\u00e4ngig davon, wie schnell oder langsam Sie schwitzen, und sorgt so f\u00fcr effektive Ergebnisse bei jedem.<\/em><\/p>\n<p><strong>\u2699\ufe0f Technische Daten:<\/strong><br \/>\nMaterial: Strapazierf\u00e4higes, wasserdichtes Oxford-Nylon<br \/>\nSpannung:\u00a0110\u00a0V \/ 220\u00a0V AC | Leistung:\u00a055\u00a0W pro Zone<br \/>\nModell:\u00a0ENILTH\/IL\/TZ\/K-220\u00a0V<br \/>\nAufheizzeit:\u00a0Erreicht die H\u00f6chsttemperatur in\u00a010\u201315\u00a0Minuten<br \/>\nSicherheit:\u00a0Feuchtigkeitsschutzklasse IPX4 + Sto\u00dfschutz Klasse\u00a0II<br \/>\nGewicht:\u00a02,8\u00a0kg |Kabell\u00e4nge:\u00a01,8+\u00a0Meter<\/p>\n<div><img decoding=\"async\" src=\"https:\/\/m.media-amazon.com\/images\/S\/aplus-media-library-service-media\/64a48e44-6bc9-45f0-b4d6-37fe00fce6af.__CR0,0,1464,600_PT0_SX1464_V1___.jpg\" alt=\"infralight\" \/><\/div>\n<div><span style=\"color: #0f1111;\">\u00a0<\/span><\/div>\n<p><strong>\u2728 Erh\u00f6hen Sie Ihre Wellness-Reise!<\/strong><\/p>\n<p>Egal, ob Sie ein Hautpflegeprofi oder ein Wellness-Enthusiast sind, die Infrarot-Heizdecke von Ecosapiens hilft Ihnen, schnelle, sichtbare Ergebnisse bei der Entgiftung, Gewichtsabnahme und Hautrevitalisierung zu erzielen.<\/p>\n<p>Infrarot-Heizdecke | Entgiftungstherapie | K\u00f6rperabnahme | Spa-Heizkissen | Gewichtsverlustdecke | Detox-Wickel f\u00fcr zu Hause<\/p>\n<p><strong>\ud83d\uded2 Bestellen Sie noch heute und ver\u00e4ndern Sie Ihre Wellness-Routine!<\/strong><\/p>\n<p><strong>Bleiben Sie warm, entgiften Sie und regenerieren Sie sich mit Ecosapiens \u2013 Ihre Spa-Revolution f\u00fcr zu Hause beginnt hier! \ud83c\udf3f\ud83d\udd25<\/strong><\/p>\n<\/div>\n<\/div>\n<\/div>\n<\/div>\n","protected":false},"excerpt":{"rendered":"<h1><b>Heated Blanket 110V <\/b><span style=\"font-weight: 400;\">is widely used by beauty professionals in cosmetology for spa procedures and body wrapping. <\/span><span style=\"font-weight: 400;\">The<\/span> <span style=\"font-weight: 400;\">heating pad is suitable for detoxication therapy, body slimming, elimination of toxins and weight loss. It is made of high-quality Oxford fabric material that is eco-friendly, waterproof and easy to clean!<\/span><\/h1>\n","protected":false},"featured_media":18617,"comment_status":"open","ping_status":"closed","template":"","meta":[],"product_cat":[512],"product_tag":[998,999,1003,1001,1000,997,1002,424,205,209,96,619],"yoast_head":"<!-- This site is optimized with the Yoast SEO Premium plugin v21.9 (Yoast SEO v22.9) - https:\/\/yoast.com\/wordpress\/plugins\/seo\/ -->\n<title>Heating Sauna Blanket 2 Heating Zones 9 modes 110V US and CA<\/title>\n<meta name=\"description\" content=\"Sauna Blanket infralight heated sauna blanket 110V 2 heating zones 9 modes auto, Perfect for slimming, loosing body fat. Shipping to CA &amp; USA\" \/>\n<meta name=\"robots\" content=\"index, follow, max-snippet:-1, max-image-preview:large, max-video-preview:-1\" \/>\n<link rel=\"canonical\" href=\"https:\/\/www.gess365.com\/de\/shop\/home-appliances\/ecosapiens-infralight-heated-sauna-blanket-110v-2-heating-zones-9-modes180x220-cm\/\" \/>\n<meta property=\"og:locale\" content=\"de_DE\" \/>\n<meta property=\"og:locale:alternate\" content=\"en_GB\" \/>\n<meta property=\"og:locale:alternate\" content=\"ru_RU\" \/>\n<meta property=\"og:type\" content=\"article\" \/>\n<meta property=\"og:title\" content=\"Ecosapiens Infrarot-Heizdecke \u2013 Ultimative Entgiftung und Entspannung 110 V ES-300 E\" \/>\n<meta property=\"og:description\" content=\"Sauna Blanket infralight heated sauna blanket 110V 2 heating zones 9 modes auto, Perfect for slimming, loosing body fat. Shipping to CA &amp; USA\" \/>\n<meta property=\"og:url\" content=\"https:\/\/www.gess365.com\/de\/shop\/home-appliances\/ecosapiens-infralight-heated-sauna-blanket-110v-2-heating-zones-9-modes180x220-cm\/\" \/>\n<meta property=\"og:site_name\" content=\"GESS&trade; | &nbsp;Official Online-Store, EU\" \/>\n<meta property=\"article:publisher\" content=\"https:\/\/www.facebook.com\/gessmarket.eu\" \/>\n<meta property=\"article:modified_time\" content=\"2026-02-11T14:47:34+00:00\" \/>\n<meta property=\"og:image\" content=\"https:\/\/www.gess365.com\/wp-content\/uploads\/2021\/04\/infralight-1-1-1024x1024.jpg\" \/>\n\t<meta property=\"og:image:width\" content=\"1024\" \/>\n\t<meta property=\"og:image:height\" content=\"1024\" \/>\n\t<meta property=\"og:image:type\" content=\"image\/jpeg\" \/>\n<meta name=\"twitter:card\" content=\"summary_large_image\" \/>\n<meta name=\"twitter:label1\" content=\"Gesch\u00e4tzte Lesezeit\" \/>\n\t<meta name=\"twitter:data1\" content=\"2\u00a0Minuten\" \/>\n<script type=\"application\/ld+json\" class=\"yoast-schema-graph\">{\"@context\":\"https:\/\/schema.org\",\"@graph\":[{\"@type\":[\"WebPage\",\"ItemPage\"],\"@id\":\"https:\/\/www.gess365.com\/shop\/home-appliances\/ecosapiens-infralight-heated-sauna-blanket-110v-2-heating-zones-9-modes180x220-cm\/\",\"url\":\"https:\/\/www.gess365.com\/shop\/home-appliances\/ecosapiens-infralight-heated-sauna-blanket-110v-2-heating-zones-9-modes180x220-cm\/\",\"name\":\"Heating Sauna Blanket 2 Heating Zones 9 modes 110V US and CA\",\"isPartOf\":{\"@id\":\"https:\/\/www.gess365.com\/#website\"},\"primaryImageOfPage\":{\"@id\":\"https:\/\/www.gess365.com\/shop\/home-appliances\/ecosapiens-infralight-heated-sauna-blanket-110v-2-heating-zones-9-modes180x220-cm\/#primaryimage\"},\"image\":{\"@id\":\"https:\/\/www.gess365.com\/shop\/home-appliances\/ecosapiens-infralight-heated-sauna-blanket-110v-2-heating-zones-9-modes180x220-cm\/#primaryimage\"},\"thumbnailUrl\":\"https:\/\/www.gess365.com\/wp-content\/uploads\/2021\/04\/infralight-main-photo.png\",\"datePublished\":\"2023-06-02T15:19:51+00:00\",\"dateModified\":\"2026-02-11T14:47:34+00:00\",\"description\":\"Sauna Blanket infralight heated sauna blanket 110V 2 heating zones 9 modes auto, Perfect for slimming, loosing body fat. Shipping to CA & USA\",\"breadcrumb\":{\"@id\":\"https:\/\/www.gess365.com\/shop\/home-appliances\/ecosapiens-infralight-heated-sauna-blanket-110v-2-heating-zones-9-modes180x220-cm\/#breadcrumb\"},\"inLanguage\":\"de-DE\",\"potentialAction\":[{\"@type\":\"ReadAction\",\"target\":[\"https:\/\/www.gess365.com\/shop\/home-appliances\/ecosapiens-infralight-heated-sauna-blanket-110v-2-heating-zones-9-modes180x220-cm\/\"]}]},{\"@type\":\"ImageObject\",\"inLanguage\":\"de-DE\",\"@id\":\"https:\/\/www.gess365.com\/shop\/home-appliances\/ecosapiens-infralight-heated-sauna-blanket-110v-2-heating-zones-9-modes180x220-cm\/#primaryimage\",\"url\":\"https:\/\/www.gess365.com\/wp-content\/uploads\/2021\/04\/infralight-main-photo.png\",\"contentUrl\":\"https:\/\/www.gess365.com\/wp-content\/uploads\/2021\/04\/infralight-main-photo.png\",\"width\":1500,\"height\":1500,\"caption\":\"Heated Sauna Blanket InfraLight\"},{\"@type\":\"BreadcrumbList\",\"@id\":\"https:\/\/www.gess365.com\/shop\/home-appliances\/ecosapiens-infralight-heated-sauna-blanket-110v-2-heating-zones-9-modes180x220-cm\/#breadcrumb\",\"itemListElement\":[{\"@type\":\"ListItem\",\"position\":1,\"name\":\"Home\",\"item\":\"https:\/\/www.gess365.com\/\"},{\"@type\":\"ListItem\",\"position\":2,\"name\":\"\u0418\u043d\u0442\u0435\u0440\u043d\u0435\u0442-\u043c\u0430\u0433\u0430\u0437\u0438\u043d\",\"item\":\"https:\/\/www.gess365.com\/ru\/shop\/\"},{\"@type\":\"ListItem\",\"position\":3,\"name\":\"EcoSapiens Infralight \u2013 Infrared Heating Blanket for Detox, Weight Loss &#038; SPA Relaxation 110V\"}]},{\"@type\":\"WebSite\",\"@id\":\"https:\/\/www.gess365.com\/#website\",\"url\":\"https:\/\/www.gess365.com\/\",\"name\":\"GESS Market\",\"description\":\"GESS MARKET OU\",\"publisher\":{\"@id\":\"https:\/\/www.gess365.com\/#organization\"},\"alternateName\":\"Heating Blanket, Massage and Health Care E Shop | GESS MARKET OU\",\"potentialAction\":[{\"@type\":\"SearchAction\",\"target\":{\"@type\":\"EntryPoint\",\"urlTemplate\":\"https:\/\/www.gess365.com\/?s={search_term_string}\"},\"query-input\":\"required name=search_term_string\"}],\"inLanguage\":\"de-DE\"},{\"@type\":\"Organization\",\"@id\":\"https:\/\/www.gess365.com\/#organization\",\"name\":\"GESS MARKET OU\",\"alternateName\":\"Heating Blanket, Massage and Health Care E Shop | GESS MARKET OU\",\"url\":\"https:\/\/www.gess365.com\/\",\"logo\":{\"@type\":\"ImageObject\",\"inLanguage\":\"de-DE\",\"@id\":\"https:\/\/www.gess365.com\/#\/schema\/logo\/image\/\",\"url\":\"https:\/\/www.gess365.com\/wp-content\/uploads\/2014\/12\/GESS_na-prozrachnom-fone.png\",\"contentUrl\":\"https:\/\/www.gess365.com\/wp-content\/uploads\/2014\/12\/GESS_na-prozrachnom-fone.png\",\"width\":283,\"height\":142,\"caption\":\"GESS MARKET OU\"},\"image\":{\"@id\":\"https:\/\/www.gess365.com\/#\/schema\/logo\/image\/\"},\"sameAs\":[\"https:\/\/www.facebook.com\/gessmarket.eu\",\"https:\/\/www.instagram.com\/gessmarket.eu\/\",\"https:\/\/www.youtube.com\/channel\/UCctSJmzO2z-hcz0J-goW25Q\"],\"publishingPrinciples\":\"https:\/\/www.gess365.com\/massage-products\/\",\"ownershipFundingInfo\":\"https:\/\/www.gess365.com\/massage-products\/\"}]}<\/script>\n<!-- \/ Yoast SEO Premium plugin. -->","yoast_head_json":{"title":"Heating Sauna Blanket 2 Heating Zones 9 modes 110V US and CA","description":"Sauna Blanket infralight heated sauna blanket 110V 2 heating zones 9 modes auto, Perfect for slimming, loosing body fat. Shipping to CA & USA","robots":{"index":"index","follow":"follow","max-snippet":"max-snippet:-1","max-image-preview":"max-image-preview:large","max-video-preview":"max-video-preview:-1"},"canonical":"https:\/\/www.gess365.com\/de\/shop\/home-appliances\/ecosapiens-infralight-heated-sauna-blanket-110v-2-heating-zones-9-modes180x220-cm\/","og_locale":"de_DE","og_type":"article","og_title":"[:en]EcoSapiens Infralight \u2013 Infrared Heating Blanket for Detox, Weight Loss & SPA Relaxation 110V[:de]Ecosapiens Infrarot-Heizdecke \u2013 Ultimative Entgiftung und Entspannung 110 V ES-300 E[:ru]\u041e\u0434\u0435\u044f\u043b\u043e \u0441 \u0438\u043d\u0444\u0440\u0430\u043a\u0440\u0430\u0441\u043d\u044b\u043c \u043f\u043e\u0434\u043e\u0433\u0440\u0435\u0432\u043e\u043c Ecosapiens \u2013 \u041f\u043e\u043b\u043d\u0430\u044f \u0434\u0435\u0442\u043e\u043a\u0441\u0438\u043a\u0430\u0446\u0438\u044f \u0438 \u0440\u0435\u043b\u0430\u043a\u0441\u0430\u0446\u0438\u044f 110 \u0412 ES-300 E[:]","og_description":"[:en]Sauna Blanket infralight heated sauna blanket 110V 2 heating zones 9 modes auto, Perfect for slimming, loosing body fat. Shipping to CA & USA[:]","og_url":"https:\/\/www.gess365.com\/de\/shop\/home-appliances\/ecosapiens-infralight-heated-sauna-blanket-110v-2-heating-zones-9-modes180x220-cm\/","og_site_name":"GESS&trade; | &nbsp;Official Online-Store, EU","article_publisher":"https:\/\/www.facebook.com\/gessmarket.eu","article_modified_time":"2026-02-11T14:47:34+00:00","og_image":[{"width":1024,"height":1024,"url":"https:\/\/www.gess365.com\/wp-content\/uploads\/2021\/04\/infralight-1-1-1024x1024.jpg","type":"image\/jpeg"}],"twitter_card":"summary_large_image","twitter_misc":{"Gesch\u00e4tzte Lesezeit":"2\u00a0Minuten"},"schema":{"@context":"https:\/\/schema.org","@graph":[{"@type":["WebPage","ItemPage"],"@id":"https:\/\/www.gess365.com\/shop\/home-appliances\/ecosapiens-infralight-heated-sauna-blanket-110v-2-heating-zones-9-modes180x220-cm\/","url":"https:\/\/www.gess365.com\/shop\/home-appliances\/ecosapiens-infralight-heated-sauna-blanket-110v-2-heating-zones-9-modes180x220-cm\/","name":"Heating Sauna Blanket 2 Heating Zones 9 modes 110V US and CA","isPartOf":{"@id":"https:\/\/www.gess365.com\/#website"},"primaryImageOfPage":{"@id":"https:\/\/www.gess365.com\/shop\/home-appliances\/ecosapiens-infralight-heated-sauna-blanket-110v-2-heating-zones-9-modes180x220-cm\/#primaryimage"},"image":{"@id":"https:\/\/www.gess365.com\/shop\/home-appliances\/ecosapiens-infralight-heated-sauna-blanket-110v-2-heating-zones-9-modes180x220-cm\/#primaryimage"},"thumbnailUrl":"https:\/\/www.gess365.com\/wp-content\/uploads\/2021\/04\/infralight-main-photo.png","datePublished":"2023-06-02T15:19:51+00:00","dateModified":"2026-02-11T14:47:34+00:00","description":"Sauna Blanket infralight heated sauna blanket 110V 2 heating zones 9 modes auto, Perfect for slimming, loosing body fat. Shipping to CA & USA","breadcrumb":{"@id":"https:\/\/www.gess365.com\/shop\/home-appliances\/ecosapiens-infralight-heated-sauna-blanket-110v-2-heating-zones-9-modes180x220-cm\/#breadcrumb"},"inLanguage":"de-DE","potentialAction":[{"@type":"ReadAction","target":["https:\/\/www.gess365.com\/shop\/home-appliances\/ecosapiens-infralight-heated-sauna-blanket-110v-2-heating-zones-9-modes180x220-cm\/"]}]},{"@type":"ImageObject","inLanguage":"de-DE","@id":"https:\/\/www.gess365.com\/shop\/home-appliances\/ecosapiens-infralight-heated-sauna-blanket-110v-2-heating-zones-9-modes180x220-cm\/#primaryimage","url":"https:\/\/www.gess365.com\/wp-content\/uploads\/2021\/04\/infralight-main-photo.png","contentUrl":"https:\/\/www.gess365.com\/wp-content\/uploads\/2021\/04\/infralight-main-photo.png","width":1500,"height":1500,"caption":"Heated Sauna Blanket InfraLight"},{"@type":"BreadcrumbList","@id":"https:\/\/www.gess365.com\/shop\/home-appliances\/ecosapiens-infralight-heated-sauna-blanket-110v-2-heating-zones-9-modes180x220-cm\/#breadcrumb","itemListElement":[{"@type":"ListItem","position":1,"name":"Home","item":"https:\/\/www.gess365.com\/"},{"@type":"ListItem","position":2,"name":"\u0418\u043d\u0442\u0435\u0440\u043d\u0435\u0442-\u043c\u0430\u0433\u0430\u0437\u0438\u043d","item":"https:\/\/www.gess365.com\/ru\/shop\/"},{"@type":"ListItem","position":3,"name":"EcoSapiens Infralight \u2013 Infrared Heating Blanket for Detox, Weight Loss &#038; SPA Relaxation 110V"}]},{"@type":"WebSite","@id":"https:\/\/www.gess365.com\/#website","url":"https:\/\/www.gess365.com\/","name":"GESS Market","description":"GESS MARKET OU","publisher":{"@id":"https:\/\/www.gess365.com\/#organization"},"alternateName":"Heating Blanket, Massage and Health Care E Shop | GESS MARKET OU","potentialAction":[{"@type":"SearchAction","target":{"@type":"EntryPoint","urlTemplate":"https:\/\/www.gess365.com\/?s={search_term_string}"},"query-input":"required name=search_term_string"}],"inLanguage":"de-DE"},{"@type":"Organization","@id":"https:\/\/www.gess365.com\/#organization","name":"GESS MARKET OU","alternateName":"Heating Blanket, Massage and Health Care E Shop | GESS MARKET OU","url":"https:\/\/www.gess365.com\/","logo":{"@type":"ImageObject","inLanguage":"de-DE","@id":"https:\/\/www.gess365.com\/#\/schema\/logo\/image\/","url":"https:\/\/www.gess365.com\/wp-content\/uploads\/2014\/12\/GESS_na-prozrachnom-fone.png","contentUrl":"https:\/\/www.gess365.com\/wp-content\/uploads\/2014\/12\/GESS_na-prozrachnom-fone.png","width":283,"height":142,"caption":"GESS MARKET OU"},"image":{"@id":"https:\/\/www.gess365.com\/#\/schema\/logo\/image\/"},"sameAs":["https:\/\/www.facebook.com\/gessmarket.eu","https:\/\/www.instagram.com\/gessmarket.eu\/","https:\/\/www.youtube.com\/channel\/UCctSJmzO2z-hcz0J-goW25Q"],"publishingPrinciples":"https:\/\/www.gess365.com\/massage-products\/","ownershipFundingInfo":"https:\/\/www.gess365.com\/massage-products\/"}]}},"_links":{"self":[{"href":"https:\/\/www.gess365.com\/de\/wp-json\/wp\/v2\/product\/18625"}],"collection":[{"href":"https:\/\/www.gess365.com\/de\/wp-json\/wp\/v2\/product"}],"about":[{"href":"https:\/\/www.gess365.com\/de\/wp-json\/wp\/v2\/types\/product"}],"replies":[{"embeddable":true,"href":"https:\/\/www.gess365.com\/de\/wp-json\/wp\/v2\/comments?post=18625"}],"wp:featuredmedia":[{"embeddable":true,"href":"https:\/\/www.gess365.com\/de\/wp-json\/wp\/v2\/media\/18617"}],"wp:attachment":[{"href":"https:\/\/www.gess365.com\/de\/wp-json\/wp\/v2\/media?parent=18625"}],"wp:term":[{"taxonomy":"product_cat","embeddable":true,"href":"https:\/\/www.gess365.com\/de\/wp-json\/wp\/v2\/product_cat?post=18625"},{"taxonomy":"product_tag","embeddable":true,"href":"https:\/\/www.gess365.com\/de\/wp-json\/wp\/v2\/product_tag?post=18625"}],"curies":[{"name":"wp","href":"https:\/\/api.w.org\/{rel}","templated":true}]}}