{"id":18478,"date":"2022-11-21T14:29:02","date_gmt":"2022-11-21T12:29:02","guid":{"rendered":"https:\/\/gess365.com\/?post_type=product&#038;p=18478"},"modified":"2026-05-01T16:19:09","modified_gmt":"2026-05-01T14:19:09","slug":"gess-sfera-microcurrent-face-massager","status":"publish","type":"product","link":"https:\/\/www.gess365.com\/de\/shop\/cosmetic-devices-and-products-gess\/gess-sfera-microcurrent-face-massager\/","title":{"rendered":"GESS Sfera Mikrostrom-Gesichtslifting-Ger\u00e4t, 4 Intensit\u00e4tsmodi, wiederaufladbar"},"content":{"rendered":"<p><strong>GESS SFERA<\/strong>\u00a0ist ein wiederaufladbares Gesichtspflegeger\u00e4t f\u00fcr die Mikrostrombehandlung.<\/p>\n<p><strong>Wie es funktioniert?<\/strong><\/p>\n<ol>\n<li>Das Ger\u00e4t leitet elektrische Str\u00f6me mit niedriger Spannung<\/li>\n<li>Mikrostr\u00f6me kontrahieren Muskeln<\/li>\n<li>Die Durchblutung wird verbessert und die Produktion nat\u00fcrlicher Collagen stimuliert.<\/li>\n<li>Die Haut wird gen\u00e4hrt und verj\u00fcngt, Gesichtskonturen werden gestrafft, Falten und feine Linien werden reduziert.<\/li>\n<\/ol>\n<p>Es gibt\u00a0<strong>4 Modi der Mikrostromintensit\u00e4t<\/strong><span style=\"font-weight: 400;\">. Wir empfehlen, mit dem niedrigsten Modus zu beginnen, um Beschwerden zu vermeiden, und die Leistung schrittweise zu erh\u00f6hen. Sie k\u00f6nnen ein leichtes Kribbeln sp\u00fcren, was bedeutet, dass ein Mikrostrom in Ihrem K\u00f6rper freigesetzt wurde.\u00a0<strong>Gro\u00df\u00a0<\/strong><\/span><strong>Elektroden<\/strong>\u00a0machen die Behandlung im Vergleich zu anderen Mikrostromger\u00e4ten effektiver. Du willst h\u00f6ren\u00a0<strong>a<\/strong>\u00a0<strong>Tonsignal alle 7 Sekunden<\/strong>\u00a0den Einsatzort zu wechseln. Das Ger\u00e4t hat\u00a0<strong>Ein-Knopf-Steuerung<\/strong>\u00a0und\u00a0<strong>automatische Abschaltung<\/strong>.<\/p>\n<p>Sfera ist ein Teil von\u00a0<strong>die GESS Expert Collection.\u00a0<\/strong>Scannen Sie den QR-Code auf der Verpackung und erhalten Sie Zugriff auf die\u00a0<strong>exklusive Video-Tutorials<\/strong>. Die professionelle Kosmetikerin ber\u00e4t Sie zur effektiven Anwendung des Ger\u00e4ts. Sehen Sie sich die Videos an und befolgen Sie einige einfache Schritte, um eine straffere und verj\u00fcngte Haut zu erhalten! Du kannst auch\u00a0<strong>Testen Sie das Ger\u00e4t auf Originalit\u00e4t<\/strong>: Besuchen Sie support.gessmarket.com und geben Sie die Seriennummer zur \u00dcberpr\u00fcfung ein.<\/p>\n<p>Die Verwendung eines Leitf\u00e4higkeitsgels kann das Ergebnis erheblich beeinflussen. Tragen Sie eine maskenartige Schicht auf die saubere, trockene Haut auf und beginnen Sie mit der Behandlung.<\/p>\n<p><strong>Im Set:<\/strong>\u00a01 x Mikrostromger\u00e4t, 1 x USB-Kabel, 1 x Bedienungsanleitung (deutsch und englisch), 1 x Garantiekarte.<\/p>\n<p><strong>Spezifikationen:<\/strong><br \/>\nMarke: GES<br \/>\nArtikelnummer: GESS-135<br \/>\nStromversorgung: Batterie (wiederaufladbar)<br \/>\nNennversorgungsspannung: 3,7 V<br \/>\nAkku-Nennleistung: 0,925 W*h<br \/>\nPulsfrequenz: 32 Hz<br \/>\nElektrodenspannung: 1,8-2 V<br \/>\nStromst\u00e4rke: Min-Modus 13-101 mkA, Max-Modus 13-115 mkA<br \/>\nIntensit\u00e4tsmodi: 4<br \/>\nNetto-\/Bruttogewicht: 140\/300 g<br \/>\nVerpackungsgr\u00f6\u00dfe, cm: 26,2 x 5,5 x 8,5<\/p>\n","protected":false},"excerpt":{"rendered":"<h1>Es gibt\u00a04 Modi der Mikrostromintensit\u00e4t. Wir empfehlen, mit dem niedrigsten Modus zu beginnen, um Beschwerden zu vermeiden, und die Leistung schrittweise zu erh\u00f6hen. Sie k\u00f6nnen ein leichtes Kribbeln sp\u00fcren, was bedeutet, dass ein Mikrostrom in Ihrem K\u00f6rper freigesetzt wurde<\/h1>\n","protected":false},"featured_media":19333,"comment_status":"open","ping_status":"closed","template":"","meta":[],"product_cat":[85],"product_tag":[1197,1194,1195,1174,1193,1199,1196,1198,217,210,613,267,269,609,610,612,608,266,611],"yoast_head":"<!-- This site is optimized with the Yoast SEO Premium plugin v21.9 (Yoast SEO v22.9) - https:\/\/yoast.com\/wordpress\/plugins\/seo\/ -->\n<title>GESS SFERA Microcurrent Face Massager | EMS Facial Lifting<\/title>\n<meta name=\"description\" content=\"GESS SFERA microcurrent face massager with EMS technology for facial lifting, skin tightening and wrinkle reduction at home.\" \/>\n<meta name=\"robots\" content=\"index, follow, max-snippet:-1, max-image-preview:large, max-video-preview:-1\" \/>\n<link rel=\"canonical\" href=\"https:\/\/www.gess365.com\/de\/shop\/cosmetic-devices-and-products-gess\/gess-sfera-microcurrent-face-massager\/\" \/>\n<meta property=\"og:locale\" content=\"de_DE\" \/>\n<meta property=\"og:locale:alternate\" content=\"en_GB\" \/>\n<meta property=\"og:locale:alternate\" content=\"ru_RU\" \/>\n<meta property=\"og:type\" content=\"article\" \/>\n<meta property=\"og:title\" content=\"GESS Sfera Mikrostrom-Gesichtslifting-Ger\u00e4t, 4 Intensit\u00e4tsmodi, wiederaufladbar\" \/>\n<meta property=\"og:description\" content=\"GESS SFERA microcurrent face massager with EMS technology for facial lifting, skin tightening and wrinkle reduction at home.\" \/>\n<meta property=\"og:url\" content=\"https:\/\/www.gess365.com\/de\/shop\/cosmetic-devices-and-products-gess\/gess-sfera-microcurrent-face-massager\/\" \/>\n<meta property=\"og:site_name\" content=\"GESS&trade; | &nbsp;Official Online-Store, EU\" \/>\n<meta property=\"article:publisher\" content=\"https:\/\/www.facebook.com\/gessmarket.eu\" \/>\n<meta property=\"article:modified_time\" content=\"2026-05-01T14:19:09+00:00\" \/>\n<meta property=\"og:image\" content=\"https:\/\/www.gess365.com\/wp-content\/uploads\/2022\/11\/Sfera-1-\u043c\u043e\u0434\u0435\u043b\u044c-\u0431\u043b\u0438\u0436\u0435.jpg\" \/>\n\t<meta property=\"og:image:width\" content=\"1500\" \/>\n\t<meta property=\"og:image:height\" content=\"1500\" \/>\n\t<meta property=\"og:image:type\" content=\"image\/jpeg\" \/>\n<meta name=\"twitter:card\" content=\"summary_large_image\" \/>\n<meta name=\"twitter:label1\" content=\"Gesch\u00e4tzte Lesezeit\" \/>\n\t<meta name=\"twitter:data1\" content=\"2\u00a0Minuten\" \/>\n<script type=\"application\/ld+json\" class=\"yoast-schema-graph\">{\"@context\":\"https:\/\/schema.org\",\"@graph\":[{\"@type\":[\"WebPage\",\"ItemPage\"],\"@id\":\"https:\/\/www.gess365.com\/shop\/cosmetic-devices-and-products-gess\/gess-sfera-microcurrent-face-massager\/\",\"url\":\"https:\/\/www.gess365.com\/shop\/cosmetic-devices-and-products-gess\/gess-sfera-microcurrent-face-massager\/\",\"name\":\"GESS SFERA Microcurrent Face Massager | EMS Facial Lifting\",\"isPartOf\":{\"@id\":\"https:\/\/www.gess365.com\/#website\"},\"primaryImageOfPage\":{\"@id\":\"https:\/\/www.gess365.com\/shop\/cosmetic-devices-and-products-gess\/gess-sfera-microcurrent-face-massager\/#primaryimage\"},\"image\":{\"@id\":\"https:\/\/www.gess365.com\/shop\/cosmetic-devices-and-products-gess\/gess-sfera-microcurrent-face-massager\/#primaryimage\"},\"thumbnailUrl\":\"https:\/\/www.gess365.com\/wp-content\/uploads\/2022\/11\/Sfera-1-\u043c\u043e\u0434\u0435\u043b\u044c-\u0431\u043b\u0438\u0436\u0435.jpg\",\"datePublished\":\"2022-11-21T12:29:02+00:00\",\"dateModified\":\"2026-05-01T14:19:09+00:00\",\"description\":\"GESS SFERA microcurrent face massager with EMS technology for facial lifting, skin tightening and wrinkle reduction at home.\",\"breadcrumb\":{\"@id\":\"https:\/\/www.gess365.com\/shop\/cosmetic-devices-and-products-gess\/gess-sfera-microcurrent-face-massager\/#breadcrumb\"},\"inLanguage\":\"de-DE\",\"potentialAction\":[{\"@type\":\"ReadAction\",\"target\":[\"https:\/\/www.gess365.com\/shop\/cosmetic-devices-and-products-gess\/gess-sfera-microcurrent-face-massager\/\"]}]},{\"@type\":\"ImageObject\",\"inLanguage\":\"de-DE\",\"@id\":\"https:\/\/www.gess365.com\/shop\/cosmetic-devices-and-products-gess\/gess-sfera-microcurrent-face-massager\/#primaryimage\",\"url\":\"https:\/\/www.gess365.com\/wp-content\/uploads\/2022\/11\/Sfera-1-\u043c\u043e\u0434\u0435\u043b\u044c-\u0431\u043b\u0438\u0436\u0435.jpg\",\"contentUrl\":\"https:\/\/www.gess365.com\/wp-content\/uploads\/2022\/11\/Sfera-1-\u043c\u043e\u0434\u0435\u043b\u044c-\u0431\u043b\u0438\u0436\u0435.jpg\",\"width\":1500,\"height\":1500,\"caption\":\"GESS sfera EMS face massage roller massage, GESS-083\"},{\"@type\":\"BreadcrumbList\",\"@id\":\"https:\/\/www.gess365.com\/shop\/cosmetic-devices-and-products-gess\/gess-sfera-microcurrent-face-massager\/#breadcrumb\",\"itemListElement\":[{\"@type\":\"ListItem\",\"position\":1,\"name\":\"Home\",\"item\":\"https:\/\/www.gess365.com\/\"},{\"@type\":\"ListItem\",\"position\":2,\"name\":\"\u0418\u043d\u0442\u0435\u0440\u043d\u0435\u0442-\u043c\u0430\u0433\u0430\u0437\u0438\u043d\",\"item\":\"https:\/\/www.gess365.com\/ru\/shop\/\"},{\"@type\":\"ListItem\",\"position\":3,\"name\":\"GESS SFERA Microcurrent Face Massager \u2013 EMS Facial Lifting &#038; Skin Tightening Device\"}]},{\"@type\":\"WebSite\",\"@id\":\"https:\/\/www.gess365.com\/#website\",\"url\":\"https:\/\/www.gess365.com\/\",\"name\":\"GESS Market\",\"description\":\"GESS MARKET OU\",\"publisher\":{\"@id\":\"https:\/\/www.gess365.com\/#organization\"},\"alternateName\":\"Heating Blanket, Massage and Health Care E Shop | GESS MARKET OU\",\"potentialAction\":[{\"@type\":\"SearchAction\",\"target\":{\"@type\":\"EntryPoint\",\"urlTemplate\":\"https:\/\/www.gess365.com\/?s={search_term_string}\"},\"query-input\":\"required name=search_term_string\"}],\"inLanguage\":\"de-DE\"},{\"@type\":\"Organization\",\"@id\":\"https:\/\/www.gess365.com\/#organization\",\"name\":\"GESS MARKET OU\",\"alternateName\":\"Heating Blanket, Massage and Health Care E Shop | GESS MARKET OU\",\"url\":\"https:\/\/www.gess365.com\/\",\"logo\":{\"@type\":\"ImageObject\",\"inLanguage\":\"de-DE\",\"@id\":\"https:\/\/www.gess365.com\/#\/schema\/logo\/image\/\",\"url\":\"https:\/\/www.gess365.com\/wp-content\/uploads\/2014\/12\/GESS_na-prozrachnom-fone.png\",\"contentUrl\":\"https:\/\/www.gess365.com\/wp-content\/uploads\/2014\/12\/GESS_na-prozrachnom-fone.png\",\"width\":283,\"height\":142,\"caption\":\"GESS MARKET OU\"},\"image\":{\"@id\":\"https:\/\/www.gess365.com\/#\/schema\/logo\/image\/\"},\"sameAs\":[\"https:\/\/www.facebook.com\/gessmarket.eu\",\"https:\/\/www.instagram.com\/gessmarket.eu\/\",\"https:\/\/www.youtube.com\/channel\/UCctSJmzO2z-hcz0J-goW25Q\"],\"publishingPrinciples\":\"https:\/\/www.gess365.com\/massage-products\/\",\"ownershipFundingInfo\":\"https:\/\/www.gess365.com\/massage-products\/\"}]}<\/script>\n<!-- \/ Yoast SEO Premium plugin. -->","yoast_head_json":{"title":"GESS SFERA Microcurrent Face Massager | EMS Facial Lifting","description":"GESS SFERA microcurrent face massager with EMS technology for facial lifting, skin tightening and wrinkle reduction at home.","robots":{"index":"index","follow":"follow","max-snippet":"max-snippet:-1","max-image-preview":"max-image-preview:large","max-video-preview":"max-video-preview:-1"},"canonical":"https:\/\/www.gess365.com\/de\/shop\/cosmetic-devices-and-products-gess\/gess-sfera-microcurrent-face-massager\/","og_locale":"de_DE","og_type":"article","og_title":"[:en]GESS SFERA Microcurrent Face Massager \u2013 EMS Facial Lifting & Skin Tightening Device[:de]GESS Sfera Mikrostrom-Gesichtslifting-Ger\u00e4t, 4 Intensit\u00e4tsmodi, wiederaufladbar[:ru]\u041c\u0438\u043a\u0440\u043e\u0442\u043e\u043a\u043e\u0432\u044b\u0439 \u043c\u0430\u0441\u0441\u0430\u0436\u0435\u0440 \u0434\u043b\u044f \u043b\u0438\u0446\u0430 GESS Sfera[:]","og_description":"GESS SFERA microcurrent face massager with EMS technology for facial lifting, skin tightening and wrinkle reduction at home.","og_url":"https:\/\/www.gess365.com\/de\/shop\/cosmetic-devices-and-products-gess\/gess-sfera-microcurrent-face-massager\/","og_site_name":"GESS&trade; | &nbsp;Official Online-Store, EU","article_publisher":"https:\/\/www.facebook.com\/gessmarket.eu","article_modified_time":"2026-05-01T14:19:09+00:00","og_image":[{"width":1500,"height":1500,"url":"https:\/\/www.gess365.com\/wp-content\/uploads\/2022\/11\/Sfera-1-\u043c\u043e\u0434\u0435\u043b\u044c-\u0431\u043b\u0438\u0436\u0435.jpg","type":"image\/jpeg"}],"twitter_card":"summary_large_image","twitter_misc":{"Gesch\u00e4tzte Lesezeit":"2\u00a0Minuten"},"schema":{"@context":"https:\/\/schema.org","@graph":[{"@type":["WebPage","ItemPage"],"@id":"https:\/\/www.gess365.com\/shop\/cosmetic-devices-and-products-gess\/gess-sfera-microcurrent-face-massager\/","url":"https:\/\/www.gess365.com\/shop\/cosmetic-devices-and-products-gess\/gess-sfera-microcurrent-face-massager\/","name":"GESS SFERA Microcurrent Face Massager | EMS Facial Lifting","isPartOf":{"@id":"https:\/\/www.gess365.com\/#website"},"primaryImageOfPage":{"@id":"https:\/\/www.gess365.com\/shop\/cosmetic-devices-and-products-gess\/gess-sfera-microcurrent-face-massager\/#primaryimage"},"image":{"@id":"https:\/\/www.gess365.com\/shop\/cosmetic-devices-and-products-gess\/gess-sfera-microcurrent-face-massager\/#primaryimage"},"thumbnailUrl":"https:\/\/www.gess365.com\/wp-content\/uploads\/2022\/11\/Sfera-1-\u043c\u043e\u0434\u0435\u043b\u044c-\u0431\u043b\u0438\u0436\u0435.jpg","datePublished":"2022-11-21T12:29:02+00:00","dateModified":"2026-05-01T14:19:09+00:00","description":"GESS SFERA microcurrent face massager with EMS technology for facial lifting, skin tightening and wrinkle reduction at home.","breadcrumb":{"@id":"https:\/\/www.gess365.com\/shop\/cosmetic-devices-and-products-gess\/gess-sfera-microcurrent-face-massager\/#breadcrumb"},"inLanguage":"de-DE","potentialAction":[{"@type":"ReadAction","target":["https:\/\/www.gess365.com\/shop\/cosmetic-devices-and-products-gess\/gess-sfera-microcurrent-face-massager\/"]}]},{"@type":"ImageObject","inLanguage":"de-DE","@id":"https:\/\/www.gess365.com\/shop\/cosmetic-devices-and-products-gess\/gess-sfera-microcurrent-face-massager\/#primaryimage","url":"https:\/\/www.gess365.com\/wp-content\/uploads\/2022\/11\/Sfera-1-\u043c\u043e\u0434\u0435\u043b\u044c-\u0431\u043b\u0438\u0436\u0435.jpg","contentUrl":"https:\/\/www.gess365.com\/wp-content\/uploads\/2022\/11\/Sfera-1-\u043c\u043e\u0434\u0435\u043b\u044c-\u0431\u043b\u0438\u0436\u0435.jpg","width":1500,"height":1500,"caption":"GESS sfera EMS face massage roller massage, GESS-083"},{"@type":"BreadcrumbList","@id":"https:\/\/www.gess365.com\/shop\/cosmetic-devices-and-products-gess\/gess-sfera-microcurrent-face-massager\/#breadcrumb","itemListElement":[{"@type":"ListItem","position":1,"name":"Home","item":"https:\/\/www.gess365.com\/"},{"@type":"ListItem","position":2,"name":"\u0418\u043d\u0442\u0435\u0440\u043d\u0435\u0442-\u043c\u0430\u0433\u0430\u0437\u0438\u043d","item":"https:\/\/www.gess365.com\/ru\/shop\/"},{"@type":"ListItem","position":3,"name":"GESS SFERA Microcurrent Face Massager \u2013 EMS Facial Lifting &#038; Skin Tightening Device"}]},{"@type":"WebSite","@id":"https:\/\/www.gess365.com\/#website","url":"https:\/\/www.gess365.com\/","name":"GESS Market","description":"GESS MARKET OU","publisher":{"@id":"https:\/\/www.gess365.com\/#organization"},"alternateName":"Heating Blanket, Massage and Health Care E Shop | GESS MARKET OU","potentialAction":[{"@type":"SearchAction","target":{"@type":"EntryPoint","urlTemplate":"https:\/\/www.gess365.com\/?s={search_term_string}"},"query-input":"required name=search_term_string"}],"inLanguage":"de-DE"},{"@type":"Organization","@id":"https:\/\/www.gess365.com\/#organization","name":"GESS MARKET OU","alternateName":"Heating Blanket, Massage and Health Care E Shop | GESS MARKET OU","url":"https:\/\/www.gess365.com\/","logo":{"@type":"ImageObject","inLanguage":"de-DE","@id":"https:\/\/www.gess365.com\/#\/schema\/logo\/image\/","url":"https:\/\/www.gess365.com\/wp-content\/uploads\/2014\/12\/GESS_na-prozrachnom-fone.png","contentUrl":"https:\/\/www.gess365.com\/wp-content\/uploads\/2014\/12\/GESS_na-prozrachnom-fone.png","width":283,"height":142,"caption":"GESS MARKET OU"},"image":{"@id":"https:\/\/www.gess365.com\/#\/schema\/logo\/image\/"},"sameAs":["https:\/\/www.facebook.com\/gessmarket.eu","https:\/\/www.instagram.com\/gessmarket.eu\/","https:\/\/www.youtube.com\/channel\/UCctSJmzO2z-hcz0J-goW25Q"],"publishingPrinciples":"https:\/\/www.gess365.com\/massage-products\/","ownershipFundingInfo":"https:\/\/www.gess365.com\/massage-products\/"}]}},"_links":{"self":[{"href":"https:\/\/www.gess365.com\/de\/wp-json\/wp\/v2\/product\/18478"}],"collection":[{"href":"https:\/\/www.gess365.com\/de\/wp-json\/wp\/v2\/product"}],"about":[{"href":"https:\/\/www.gess365.com\/de\/wp-json\/wp\/v2\/types\/product"}],"replies":[{"embeddable":true,"href":"https:\/\/www.gess365.com\/de\/wp-json\/wp\/v2\/comments?post=18478"}],"wp:featuredmedia":[{"embeddable":true,"href":"https:\/\/www.gess365.com\/de\/wp-json\/wp\/v2\/media\/19333"}],"wp:attachment":[{"href":"https:\/\/www.gess365.com\/de\/wp-json\/wp\/v2\/media?parent=18478"}],"wp:term":[{"taxonomy":"product_cat","embeddable":true,"href":"https:\/\/www.gess365.com\/de\/wp-json\/wp\/v2\/product_cat?post=18478"},{"taxonomy":"product_tag","embeddable":true,"href":"https:\/\/www.gess365.com\/de\/wp-json\/wp\/v2\/product_tag?post=18478"}],"curies":[{"name":"wp","href":"https:\/\/api.w.org\/{rel}","templated":true}]}}