{"id":18215,"date":"2021-06-04T11:51:50","date_gmt":"2021-06-04T09:51:50","guid":{"rendered":"https:\/\/gess365.com\/?post_type=product&#038;p=18215"},"modified":"2026-04-09T09:13:57","modified_gmt":"2026-04-09T07:13:57","slug":"ultrasonic-facial-cleansing-machine-gess-exotic","status":"publish","type":"product","link":"https:\/\/www.gess365.com\/de\/shop\/cosmetic-devices-and-products-gess\/ultrasonic-facial-cleansing-machine-gess-exotic\/","title":{"rendered":"GESS Exotic Ultraschallpeelingger\u00e4t f\u00fcr Gesichtsreinigung, 5 Modi Porenreiniger Skin Scrubber"},"content":{"rendered":"<p>Das <strong>Ultraschall-Peeling<\/strong> ist ein wirksames stimulierendes Verfahren zur Hautpflege in jedem Alter. Es reinigt und peelt sanft Ihr Gesicht, reduziert Akne und Mitesser, macht die Haut weich und gl\u00e4nzend.<\/p>\n<p><strong>Die Phonophorese<\/strong> hilft wertvolle N\u00e4hrstoffe in die oberste Hautschicht (<strong>Epidermis<\/strong>) zu bringen und erh\u00f6ht die Wirksamkeit von Kosmetika.<\/p>\n<p><strong>Die Ultraschall-Mikromassage-Therapie<\/strong> strafft die Haut, reduziert Falten und sorgt f\u00fcr feine Linien.<\/p>\n<p><strong>Die Ionenreinigung<\/strong> ist eine gute Wahl f\u00fcr fettige Hauttypen. Es reinigt die Haut und entfernt den \u00fcbersch\u00fcssigen Talg.<\/p>\n<p><strong>Die Iontophorese<\/strong> sorgt f\u00fcr Lymphdrainage, entz\u00fcndungshemmende und entgiftende Wirkungen, reduziert Schwellungen und normalisiert die Talgproduktion.<\/p>\n<p><strong>Die Farbtherapie<\/strong> (<strong>blaues Licht<\/strong>). Diese Funktion beruhigt und tonisiert die Haut sanft, entfernt Mitesser und behandelt vergr\u00f6\u00dferte Poren.<\/p>\n<p><strong>Die Desinkrustation<\/strong> reinigt gr\u00fcndlich effektiv die Haut vom \u00fcbersch\u00fcssigen Fett und von den Verunreinigungen. Das Ger\u00e4t ist f\u00fcr Behandlung mit einer Desinkrustationslotion geeignet.<\/p>\n<p>Bitte lesen Sie die Gebrauchsanleitung vor der Verwendung. Das Ger\u00e4t verf\u00fcgt \u00fcber 4 Grundmodi mit verschiedenen Verfahren und die Farbtherapie ist immer eingeschaltet ist.<\/p>\n<p>Es ist wichtig, den Spatel vor dem Gebrauch zu reinigen. Es wird empfohlen, das Gesicht vor der Pflege zu d\u00e4mpfen, um die Poren zu \u00f6ffnen. Dieses Ger\u00e4t muss auf nasser Haut verwendet werden. Tragen Sie zur Reinigung etwas <strong>Wasser oder Gel<\/strong> auf Ihre Haut auf. Verwenden Sie w\u00e4hrend der Phonophorese Serum oder Creme, damit die Wirkstoffe besser in die tiefsten Hautschichten eindringen.<\/p>\n<p>Wir empfehlen Ihnen, w\u00e4hrend und nach der Behandlung ein Tagebuch zu f\u00fchren und Fotos von Ihrer Haut zu machen, um die Ergebnisse zu verfolgen!<\/p>\n<p>Exotic Face Scrubber ist Teil der <strong>GESS Expert-Kollektion<\/strong>. Scannen Sie den <strong>QR-Code<\/strong> auf der Verpackung und erhalten Sie Zugang zu den exklusiven Video-Anleitungen. Unsere professionelle Kosmetikerin ber\u00e4t Sie, wie Sie das Ger\u00e4t effektiv nutzen k\u00f6nnen. Sehen Sie sich die Videos an und befolgen Sie einige einfache Schritte, um saubere Haut und unverstopfte Poren zu erreichen! Sie k\u00f6nnen das Ger\u00e4t auch auf Echtheit pr\u00fcfen: auf support.gessmarket.com geben Sie die Seriennummer ein.<\/p>\n<p>Das moderne Design des Ger\u00e4ts wird Ihre Aufmerksamkeit auf sich ziehen! <strong>GESS Exotic<\/strong> ist kabellos. Es ist einfach zu bedienen und bequem zu verstauen und \u00fcber ein <strong>USB-Kabel<\/strong> mit einem speziellen St\u00e4nder, der im Set geliefert wird, aufzuladen. In der Packung ist auch eine weiche Tasche dabei, falls Sie das Ger\u00e4t mitnehmen m\u00f6chten. Das automatisches Ausschalten schaltet das Ger\u00e4t nach 10 Minuten Betrieb aus.<\/p>\n<p class=\"impact-text\"><strong>Hauptvorteile:<\/strong><\/p>\n<ul>\n<li aria-level=\"1\">Professionelle Gesichtspflege zu Hause<\/li>\n<li aria-level=\"1\">7 Arten der Behandlung<\/li>\n<li aria-level=\"1\">exklusive Video-Anleitungen<\/li>\n<li aria-level=\"1\">Das verbesserte Verfahren mit Ionenreinigung und Farbtherapie<\/li>\n<li aria-level=\"1\">Ultraschallreinigung f\u00fcr nornale und fettige Haut<\/li>\n<li aria-level=\"1\">Phonophorese zur Versorgung der Haut mit Wirkstoffen<\/li>\n<li aria-level=\"1\">Desinkrustation zur Tiefenreinigung<\/li>\n<li aria-level=\"1\">Praktischer St\u00e4nder zum Aufbewahren und Aufladen<\/li>\n<li aria-level=\"1\">Modernes Design<\/li>\n<li aria-level=\"1\">Soft-Touch-Oberfl\u00e4che<\/li>\n<\/ul>\n<p><strong>Paket beinhaltet<\/strong>: 1x Ultraschallreiniger \/ Ultraschall-Reinigungsger\u00e4t Exotic, 1x St\u00e4nder (zum Aufladen), 1x USB-Kabel, 1x Tasche (zum Aufbewahren), 1x Gebruchsanleitung, 1x Garantiekarte, 1x Verpackungsbox, 1x Karton.<\/p>\n<p>&nbsp;<\/p>\n<p class=\"impact-text\"><strong>Technische Angaben:<\/strong><\/p>\n<ul>\n<li>Marke: GESS<\/li>\n<li>Modell: GESS 147<\/li>\n<li>Ultraschallfrequenz, kHz: 24<\/li>\n<li>Versorgungsspannung, V: 220<\/li>\n<li>Batteriekapazit\u00e4t, mAh: 600<\/li>\n<li>Ladestrom V\/A: 5\/1\u0410 (wiederaufladbar)<\/li>\n<li>Leistung, W: 2,2<\/li>\n<li>Blauelichtwellenl\u00e4nge, nm: 465+\/-3<\/li>\n<li>Ladeger\u00e4t: USB<\/li>\n<li>Volle Ladezeit: 2 Stunden<\/li>\n<li>automatisches Abschalten: nach 10 Minuten<\/li>\n<li>Netto\/brutto Gewicht, g: 100\/450<\/li>\n<li>Packungsgr\u00f6\u00dfe, cm: 21 \u0445 9 \u0445 8<\/li>\n<\/ul>\n","protected":false},"excerpt":{"rendered":"<h1>GESS Exotic ist ein professionelles kabelloses Ultraschall-Gesichtsreiniger mit 7 Modi. Es kann zur Tiefenreinigung und Tonisierung des Gesichts- und Halsausschnitt-Bereichs verwendet werden. Das Porenreinigungsger\u00e4t bietet 7 Arten der Gesichtspflege. Sie k\u00f6nnen das optimale Programm f\u00fcr Ihren Hauttyp ausw\u00e4hlen und professionelle Behandlungen zu Hause genie\u00dfen:<\/h1>\n","protected":false},"featured_media":18763,"comment_status":"open","ping_status":"closed","template":"","meta":[],"product_cat":[85],"product_tag":[663,265,717,573,360,266,574,572,571],"yoast_head":"<!-- This site is optimized with the Yoast SEO Premium plugin v21.9 (Yoast SEO v22.9) - https:\/\/yoast.com\/wordpress\/plugins\/seo\/ -->\n<title>Ultrasonic Facial Scrubber Professional 7in1 GESS Exotic<\/title>\n<meta name=\"description\" content=\"GESS Exotic is a professional Ultrasonic Facial SCRUBBER face scrubber 7 in 1. It can be used for the deep cleansing, Blackheads remover and anti-aging.\" \/>\n<meta name=\"robots\" content=\"index, follow, max-snippet:-1, max-image-preview:large, max-video-preview:-1\" \/>\n<link rel=\"canonical\" href=\"https:\/\/www.gess365.com\/de\/shop\/cosmetic-devices-and-products-gess\/ultrasonic-facial-cleansing-machine-gess-exotic\/\" \/>\n<meta property=\"og:locale\" content=\"de_DE\" \/>\n<meta property=\"og:locale:alternate\" content=\"en_GB\" \/>\n<meta property=\"og:locale:alternate\" content=\"ru_RU\" \/>\n<meta property=\"og:type\" content=\"article\" \/>\n<meta property=\"og:title\" content=\"GESS Exotic Ultraschallpeelingger\u00e4t f\u00fcr Gesichtsreinigung, 5 Modi Porenreiniger Skin Scrubber\" \/>\n<meta property=\"og:description\" content=\"GESS Exotic is a professional Ultrasonic Facial SCRUBBER face scrubber 7 in 1. It can be used for the deep cleansing, Blackheads remover and anti-aging.\" \/>\n<meta property=\"og:url\" content=\"https:\/\/www.gess365.com\/de\/shop\/cosmetic-devices-and-products-gess\/ultrasonic-facial-cleansing-machine-gess-exotic\/\" \/>\n<meta property=\"og:site_name\" content=\"GESS&trade; | &nbsp;Official Online-Store, EU\" \/>\n<meta property=\"article:publisher\" content=\"https:\/\/www.facebook.com\/gessmarket.eu\" \/>\n<meta property=\"article:modified_time\" content=\"2026-04-09T07:13:57+00:00\" \/>\n<meta property=\"og:image\" content=\"https:\/\/www.gess365.com\/wp-content\/uploads\/2021\/06\/Exotic-En.png\" \/>\n\t<meta property=\"og:image:width\" content=\"2250\" \/>\n\t<meta property=\"og:image:height\" content=\"2250\" \/>\n\t<meta property=\"og:image:type\" content=\"image\/png\" \/>\n<meta name=\"twitter:card\" content=\"summary_large_image\" \/>\n<meta name=\"twitter:label1\" content=\"Gesch\u00e4tzte Lesezeit\" \/>\n\t<meta name=\"twitter:data1\" content=\"2\u00a0Minuten\" \/>\n<script type=\"application\/ld+json\" class=\"yoast-schema-graph\">{\"@context\":\"https:\/\/schema.org\",\"@graph\":[{\"@type\":[\"WebPage\",\"ItemPage\"],\"@id\":\"https:\/\/www.gess365.com\/shop\/cosmetic-devices-and-products-gess\/ultrasonic-facial-cleansing-machine-gess-exotic\/\",\"url\":\"https:\/\/www.gess365.com\/shop\/cosmetic-devices-and-products-gess\/ultrasonic-facial-cleansing-machine-gess-exotic\/\",\"name\":\"Ultrasonic Facial Scrubber Professional 7in1 GESS Exotic\",\"isPartOf\":{\"@id\":\"https:\/\/www.gess365.com\/#website\"},\"primaryImageOfPage\":{\"@id\":\"https:\/\/www.gess365.com\/shop\/cosmetic-devices-and-products-gess\/ultrasonic-facial-cleansing-machine-gess-exotic\/#primaryimage\"},\"image\":{\"@id\":\"https:\/\/www.gess365.com\/shop\/cosmetic-devices-and-products-gess\/ultrasonic-facial-cleansing-machine-gess-exotic\/#primaryimage\"},\"thumbnailUrl\":\"https:\/\/www.gess365.com\/wp-content\/uploads\/2021\/06\/Main-GESS-banner.jpg\",\"datePublished\":\"2021-06-04T09:51:50+00:00\",\"dateModified\":\"2026-04-09T07:13:57+00:00\",\"description\":\"GESS Exotic is a professional Ultrasonic Facial SCRUBBER face scrubber 7 in 1. It can be used for the deep cleansing, Blackheads remover and anti-aging.\",\"breadcrumb\":{\"@id\":\"https:\/\/www.gess365.com\/shop\/cosmetic-devices-and-products-gess\/ultrasonic-facial-cleansing-machine-gess-exotic\/#breadcrumb\"},\"inLanguage\":\"de-DE\",\"potentialAction\":[{\"@type\":\"ReadAction\",\"target\":[\"https:\/\/www.gess365.com\/shop\/cosmetic-devices-and-products-gess\/ultrasonic-facial-cleansing-machine-gess-exotic\/\"]}]},{\"@type\":\"ImageObject\",\"inLanguage\":\"de-DE\",\"@id\":\"https:\/\/www.gess365.com\/shop\/cosmetic-devices-and-products-gess\/ultrasonic-facial-cleansing-machine-gess-exotic\/#primaryimage\",\"url\":\"https:\/\/www.gess365.com\/wp-content\/uploads\/2021\/06\/Main-GESS-banner.jpg\",\"contentUrl\":\"https:\/\/www.gess365.com\/wp-content\/uploads\/2021\/06\/Main-GESS-banner.jpg\",\"width\":1410,\"height\":1437,\"caption\":\"Ultrasonic Facial Cleansing BlackHeads Remover Machine with 7 programs GESS Exotic\"},{\"@type\":\"BreadcrumbList\",\"@id\":\"https:\/\/www.gess365.com\/shop\/cosmetic-devices-and-products-gess\/ultrasonic-facial-cleansing-machine-gess-exotic\/#breadcrumb\",\"itemListElement\":[{\"@type\":\"ListItem\",\"position\":1,\"name\":\"Home\",\"item\":\"https:\/\/www.gess365.com\/\"},{\"@type\":\"ListItem\",\"position\":2,\"name\":\"\u0418\u043d\u0442\u0435\u0440\u043d\u0435\u0442-\u043c\u0430\u0433\u0430\u0437\u0438\u043d\",\"item\":\"https:\/\/www.gess365.com\/ru\/shop\/\"},{\"@type\":\"ListItem\",\"position\":3,\"name\":\"GESS EXOTIC &#8211; 7 in1 Ultrasonic Facial Cleansing BlackHeads Remover Machine\"}]},{\"@type\":\"WebSite\",\"@id\":\"https:\/\/www.gess365.com\/#website\",\"url\":\"https:\/\/www.gess365.com\/\",\"name\":\"GESS Market\",\"description\":\"GESS MARKET OU\",\"publisher\":{\"@id\":\"https:\/\/www.gess365.com\/#organization\"},\"alternateName\":\"Heating Blanket, Massage and Health Care E Shop | GESS MARKET OU\",\"potentialAction\":[{\"@type\":\"SearchAction\",\"target\":{\"@type\":\"EntryPoint\",\"urlTemplate\":\"https:\/\/www.gess365.com\/?s={search_term_string}\"},\"query-input\":\"required name=search_term_string\"}],\"inLanguage\":\"de-DE\"},{\"@type\":\"Organization\",\"@id\":\"https:\/\/www.gess365.com\/#organization\",\"name\":\"GESS MARKET OU\",\"alternateName\":\"Heating Blanket, Massage and Health Care E Shop | GESS MARKET OU\",\"url\":\"https:\/\/www.gess365.com\/\",\"logo\":{\"@type\":\"ImageObject\",\"inLanguage\":\"de-DE\",\"@id\":\"https:\/\/www.gess365.com\/#\/schema\/logo\/image\/\",\"url\":\"https:\/\/www.gess365.com\/wp-content\/uploads\/2014\/12\/GESS_na-prozrachnom-fone.png\",\"contentUrl\":\"https:\/\/www.gess365.com\/wp-content\/uploads\/2014\/12\/GESS_na-prozrachnom-fone.png\",\"width\":283,\"height\":142,\"caption\":\"GESS MARKET OU\"},\"image\":{\"@id\":\"https:\/\/www.gess365.com\/#\/schema\/logo\/image\/\"},\"sameAs\":[\"https:\/\/www.facebook.com\/gessmarket.eu\",\"https:\/\/www.instagram.com\/gessmarket.eu\/\",\"https:\/\/www.youtube.com\/channel\/UCctSJmzO2z-hcz0J-goW25Q\"],\"publishingPrinciples\":\"https:\/\/www.gess365.com\/massage-products\/\",\"ownershipFundingInfo\":\"https:\/\/www.gess365.com\/massage-products\/\"}]}<\/script>\n<!-- \/ Yoast SEO Premium plugin. -->","yoast_head_json":{"title":"Ultrasonic Facial Scrubber Professional 7in1 GESS Exotic","description":"GESS Exotic is a professional Ultrasonic Facial SCRUBBER face scrubber 7 in 1. It can be used for the deep cleansing, Blackheads remover and anti-aging.","robots":{"index":"index","follow":"follow","max-snippet":"max-snippet:-1","max-image-preview":"max-image-preview:large","max-video-preview":"max-video-preview:-1"},"canonical":"https:\/\/www.gess365.com\/de\/shop\/cosmetic-devices-and-products-gess\/ultrasonic-facial-cleansing-machine-gess-exotic\/","og_locale":"de_DE","og_type":"article","og_title":"[:en]GESS EXOTIC - 7 in1 Ultrasonic Facial Cleansing BlackHeads Remover Machine[:de]GESS Exotic Ultraschallpeelingger\u00e4t f\u00fcr Gesichtsreinigung, 5 Modi Porenreiniger Skin Scrubber[:ru]\u0410\u043f\u043f\u0430\u0440\u0430\u0442 \u0434\u043b\u044f \u0443\u043b\u044c\u0442\u0440\u0430\u0437\u0432\u0443\u043a\u043e\u0432\u043e\u0439 \u0447\u0438\u0441\u0442\u043a\u0438 \u043b\u0438\u0446\u0430 GESS Exotic[:]","og_description":"GESS Exotic is a professional Ultrasonic Facial SCRUBBER face scrubber 7 in 1. It can be used for the deep cleansing, Blackheads remover and anti-aging.","og_url":"https:\/\/www.gess365.com\/de\/shop\/cosmetic-devices-and-products-gess\/ultrasonic-facial-cleansing-machine-gess-exotic\/","og_site_name":"GESS&trade; | &nbsp;Official Online-Store, EU","article_publisher":"https:\/\/www.facebook.com\/gessmarket.eu","article_modified_time":"2026-04-09T07:13:57+00:00","og_image":[{"width":2250,"height":2250,"url":"https:\/\/www.gess365.com\/wp-content\/uploads\/2021\/06\/Exotic-En.png","type":"image\/png"}],"twitter_card":"summary_large_image","twitter_misc":{"Gesch\u00e4tzte Lesezeit":"2\u00a0Minuten"},"schema":{"@context":"https:\/\/schema.org","@graph":[{"@type":["WebPage","ItemPage"],"@id":"https:\/\/www.gess365.com\/shop\/cosmetic-devices-and-products-gess\/ultrasonic-facial-cleansing-machine-gess-exotic\/","url":"https:\/\/www.gess365.com\/shop\/cosmetic-devices-and-products-gess\/ultrasonic-facial-cleansing-machine-gess-exotic\/","name":"Ultrasonic Facial Scrubber Professional 7in1 GESS Exotic","isPartOf":{"@id":"https:\/\/www.gess365.com\/#website"},"primaryImageOfPage":{"@id":"https:\/\/www.gess365.com\/shop\/cosmetic-devices-and-products-gess\/ultrasonic-facial-cleansing-machine-gess-exotic\/#primaryimage"},"image":{"@id":"https:\/\/www.gess365.com\/shop\/cosmetic-devices-and-products-gess\/ultrasonic-facial-cleansing-machine-gess-exotic\/#primaryimage"},"thumbnailUrl":"https:\/\/www.gess365.com\/wp-content\/uploads\/2021\/06\/Main-GESS-banner.jpg","datePublished":"2021-06-04T09:51:50+00:00","dateModified":"2026-04-09T07:13:57+00:00","description":"GESS Exotic is a professional Ultrasonic Facial SCRUBBER face scrubber 7 in 1. It can be used for the deep cleansing, Blackheads remover and anti-aging.","breadcrumb":{"@id":"https:\/\/www.gess365.com\/shop\/cosmetic-devices-and-products-gess\/ultrasonic-facial-cleansing-machine-gess-exotic\/#breadcrumb"},"inLanguage":"de-DE","potentialAction":[{"@type":"ReadAction","target":["https:\/\/www.gess365.com\/shop\/cosmetic-devices-and-products-gess\/ultrasonic-facial-cleansing-machine-gess-exotic\/"]}]},{"@type":"ImageObject","inLanguage":"de-DE","@id":"https:\/\/www.gess365.com\/shop\/cosmetic-devices-and-products-gess\/ultrasonic-facial-cleansing-machine-gess-exotic\/#primaryimage","url":"https:\/\/www.gess365.com\/wp-content\/uploads\/2021\/06\/Main-GESS-banner.jpg","contentUrl":"https:\/\/www.gess365.com\/wp-content\/uploads\/2021\/06\/Main-GESS-banner.jpg","width":1410,"height":1437,"caption":"Ultrasonic Facial Cleansing BlackHeads Remover Machine with 7 programs GESS Exotic"},{"@type":"BreadcrumbList","@id":"https:\/\/www.gess365.com\/shop\/cosmetic-devices-and-products-gess\/ultrasonic-facial-cleansing-machine-gess-exotic\/#breadcrumb","itemListElement":[{"@type":"ListItem","position":1,"name":"Home","item":"https:\/\/www.gess365.com\/"},{"@type":"ListItem","position":2,"name":"\u0418\u043d\u0442\u0435\u0440\u043d\u0435\u0442-\u043c\u0430\u0433\u0430\u0437\u0438\u043d","item":"https:\/\/www.gess365.com\/ru\/shop\/"},{"@type":"ListItem","position":3,"name":"GESS EXOTIC &#8211; 7 in1 Ultrasonic Facial Cleansing BlackHeads Remover Machine"}]},{"@type":"WebSite","@id":"https:\/\/www.gess365.com\/#website","url":"https:\/\/www.gess365.com\/","name":"GESS Market","description":"GESS MARKET OU","publisher":{"@id":"https:\/\/www.gess365.com\/#organization"},"alternateName":"Heating Blanket, Massage and Health Care E Shop | GESS MARKET OU","potentialAction":[{"@type":"SearchAction","target":{"@type":"EntryPoint","urlTemplate":"https:\/\/www.gess365.com\/?s={search_term_string}"},"query-input":"required name=search_term_string"}],"inLanguage":"de-DE"},{"@type":"Organization","@id":"https:\/\/www.gess365.com\/#organization","name":"GESS MARKET OU","alternateName":"Heating Blanket, Massage and Health Care E Shop | GESS MARKET OU","url":"https:\/\/www.gess365.com\/","logo":{"@type":"ImageObject","inLanguage":"de-DE","@id":"https:\/\/www.gess365.com\/#\/schema\/logo\/image\/","url":"https:\/\/www.gess365.com\/wp-content\/uploads\/2014\/12\/GESS_na-prozrachnom-fone.png","contentUrl":"https:\/\/www.gess365.com\/wp-content\/uploads\/2014\/12\/GESS_na-prozrachnom-fone.png","width":283,"height":142,"caption":"GESS MARKET OU"},"image":{"@id":"https:\/\/www.gess365.com\/#\/schema\/logo\/image\/"},"sameAs":["https:\/\/www.facebook.com\/gessmarket.eu","https:\/\/www.instagram.com\/gessmarket.eu\/","https:\/\/www.youtube.com\/channel\/UCctSJmzO2z-hcz0J-goW25Q"],"publishingPrinciples":"https:\/\/www.gess365.com\/massage-products\/","ownershipFundingInfo":"https:\/\/www.gess365.com\/massage-products\/"}]}},"_links":{"self":[{"href":"https:\/\/www.gess365.com\/de\/wp-json\/wp\/v2\/product\/18215"}],"collection":[{"href":"https:\/\/www.gess365.com\/de\/wp-json\/wp\/v2\/product"}],"about":[{"href":"https:\/\/www.gess365.com\/de\/wp-json\/wp\/v2\/types\/product"}],"replies":[{"embeddable":true,"href":"https:\/\/www.gess365.com\/de\/wp-json\/wp\/v2\/comments?post=18215"}],"wp:featuredmedia":[{"embeddable":true,"href":"https:\/\/www.gess365.com\/de\/wp-json\/wp\/v2\/media\/18763"}],"wp:attachment":[{"href":"https:\/\/www.gess365.com\/de\/wp-json\/wp\/v2\/media?parent=18215"}],"wp:term":[{"taxonomy":"product_cat","embeddable":true,"href":"https:\/\/www.gess365.com\/de\/wp-json\/wp\/v2\/product_cat?post=18215"},{"taxonomy":"product_tag","embeddable":true,"href":"https:\/\/www.gess365.com\/de\/wp-json\/wp\/v2\/product_tag?post=18215"}],"curies":[{"name":"wp","href":"https:\/\/api.w.org\/{rel}","templated":true}]}}