{"id":15678,"date":"2015-11-11T13:44:03","date_gmt":"2015-11-11T11:44:03","guid":{"rendered":"https:\/\/gess365.com\/shop\/uncategorized\/gess-impulse-massager-darsonval\/"},"modified":"2026-05-13T10:37:18","modified_gmt":"2026-05-13T08:37:18","slug":"gess-supernova-high-frequency-facial-wand","status":"publish","type":"product","link":"https:\/\/www.gess365.com\/de\/shop\/darsonvals-high-frequency-wand\/gess-supernova-high-frequency-facial-wand\/","title":{"rendered":"GESS SuperNova Darsonval Hochfrequenz Akne, Haarausfall, Faltenreduzierung"},"content":{"rendered":"<div class=\"product-description rte\">\n<h2><b><span lang=\"DE-AT\">Hochfrequenz-Gesichtsmassageger\u00e4t f\u00fcr Zuhause: Akne, Falten, Augenringe, Cellulite und mehr<\/span><\/b><\/h2>\n<p><span lang=\"DE-AT\">Das Hochfrequenz-Impulsmassageger\u00e4t wird zur Haarst\u00e4rkung und Wachstumsstimulation, zur Verj\u00fcngung der alternden Haut, zur Reduzierung von Akne, Cellulite und Krampfadern verwendet. Die Behandlung mit d\u2019Arsonval Str\u00f6men basiert auf der therapeutischen Wirkung von Wechselstrom-Impulse mit hoher Spannung durch eine gasgef\u00fcllte Glaselektrode. SuperNova passt f\u00fcr die Verwendung zu Hause.<\/span><\/p>\n<p><b><span lang=\"DE-AT\">SuperNova<\/span><\/b><span lang=\"DE-AT\">\u00a0ist Teil der GESS Expertenkollektion. Scannen Sie den QR-Code auf der Verpackung und erhalten Sie den Zugang zu den exklusiven Video-Anleitungen. Unsere professionelle Kosmetikerin ber\u00e4t Sie bei der Verwendung des Ger\u00e4ts und f\u00fchrt die Behandlungen zu Hause durch. Sehen Sie sich die Videos an und folgen Sie einige einfache Schritte zur sauberen Haut und zum kr\u00e4ftigen Haar! Sie k\u00f6nnen die Echtheit des Ger\u00e4ts \u00fcberpr\u00fcfen: geben Sie auf unserer Webseite support.gessmarket.com die Seriennummer zur \u00dcberpr\u00fcfung ein.<\/span><\/p>\n<p><b><span lang=\"EN-US\">4 Glaselektroden<\/span><\/b><span lang=\"EN-US\">\u00a0f\u00fcr verschiedene K\u00f6rperbereiche:\u00a0<\/span><\/p>\n<ol>\n<li><span lang=\"DE-AT\"><b>KAMM<\/b>, orange Beleuchtung (Neongas), wird h\u00e4ufig f\u00fcrs Haar und die Kopfhaut verwendet. Der Aufsatz st\u00e4rkt das Haar, bek\u00e4mpft Haarausfall und Schuppen.<\/span><\/li>\n<li><span lang=\"DE-AT\"><b>TROPF<\/b>, violette Beleuchtung (Argongas), wird bei lokalen Entz\u00fcndungen der Haut eingesetzt. Der Aufsatz reinigt die Poren, verbessert die Durchblutung und reduziert das Auftreten von Akne.<\/span><\/li>\n<li><span lang=\"DE-AT\"><b>GABEL<\/b>, orange Beleuchtung (Neongas), wird f\u00fcr den ganzen K\u00f6rper verwendet. Der Aufsatz hilft bei Krampfadern, Cellulite und Osteochondrose.<\/span><\/li>\n<li><span lang=\"DE-AT\"><b>PILZ,<\/b>\u00a0orange Beleuchtung (Neongas), ist ideal f\u00fcr K\u00f6rper- und Gesichtshaut. Der Aufsatz reduziert das Auftreten von Cellulite, strafft die Haut und sorgt f\u00fcr feine Linien.<\/span><\/li>\n<\/ol>\n<p><span lang=\"DE-AT\">Die Dauer der Behandlung kann sich je nach Verwendungszweck unterscheiden:<\/span><\/p>\n<p><b><span lang=\"DE-AT\">Haarst\u00e4rkung und Vorbeugung des Haarausfalls<\/span><\/b><span lang=\"DE-AT\">. Sie sollen 3-4 Mal pro Jahr 20-30 Einheiten durchf\u00fchren.<\/span><\/p>\n<p><b><span lang=\"DE-AT\">Reduzierung von Akne<\/span><\/b><span lang=\"DE-AT\">. Die gesamte Dauer betr\u00e4gt je nach Problembereich 10-20 Behandlungen. Sie k\u00f6nnen die Behandlung 3-4 Mal im Jahr wiederholen.<\/span><\/p>\n<ol>\n<li><b><span lang=\"DE-AT\">Schlafst\u00f6rung<\/span><\/b><span lang=\"DE-AT\">. Verwenden Sie das Ger\u00e4t t\u00e4glich oder jeden zweiten Tag 5-10 Minuten lang. Die gesamte Dauer betr\u00e4gt 10-15 Behandlungen.<\/span><\/li>\n<li><b><span lang=\"DE-AT\">Krampfadern<\/span><\/b><span lang=\"DE-AT\">. Die gesamte Dauer betr\u00e4gt 15 Behandlungen jeweils 5-10 Minuten pro Tag.<\/span><\/li>\n<li><b><span lang=\"DE-AT\">Cellulite-Reduzierung<\/span><\/b><span lang=\"DE-AT\">. Die gesamte Dauer betr\u00e4gt 10-15 Behandlungen.<\/span><\/li>\n<li><b><span lang=\"DE-AT\">Hautentz\u00fcndung<\/span><\/b><span lang=\"DE-AT\">. Die gesamte Dauer betr\u00e4gt 10-15 Behandlungen. Verwenden Sie das Ger\u00e4t 10 Minuten lang.<\/span><\/li>\n<\/ol>\n<p><span lang=\"DE-AT\">Wir empfehlen Ihnen, w\u00e4hrend des Kurses Fotos zu machen, um die Fortschritte zu verfolgen!<\/span><\/p>\n<p><b><span lang=\"DE-AT\">Das Hochfrequenz-Gesichtsbehandlungsger\u00e4t kann auf 2 verschiedene Arten verwendet:<br \/>\n<\/span><\/b><\/p>\n<ul>\n<li><b><span lang=\"DE-AT\">Kontakt (stille Entladung) &#8211;<\/span><\/b><span lang=\"DE-AT\"> Die Vakuumelektrode des Gesichtsstabs wirkt auf einen bestimmten Bereich der Haut, indem sie diesen direkt ber\u00fchrt. Die Methode wird bei alternder und Problemhaut, Cellulite, Krampfadern und zur Haarwuchsstimulation eingesetzt.<\/span><\/li>\n<li><span lang=\"DE-AT\"><b>Ber\u00fchrungslos (Funkenentladung) <\/b>&#8211; wenn die Elektrode von der Haut weg bewegt wird (1-4 mm), entsteht eine Funkenentladung, dabei wird Ozon freigesetzt und Sie werden ein leichtes Kribbeln sp\u00fcren. Diese Methode wird zur Schmerzlinderung, Behandlung von Erkrankungen neuralgischer Art, Resorption von H\u00e4matomen eingesetzt.<\/span><\/li>\n<\/ul>\n<p><b><span lang=\"DE-AT\">Bitte lesen Sie die Gebrauchsanleitung ganz genau durch, bevor Sie das Ger\u00e4t verwenden<\/span><\/b><\/p>\n<p>Paketliste:\u00a0<span lang=\"DE-AT\">1 x Super Nova d\u2019Arsonval Ger\u00e4t, 4 x Glaselektroden, 1 x Gebrauchsanleitung, 1 x Karton.<\/span><\/p>\n<p><b><span lang=\"EN-US\">Technische Angaben:<\/span><\/b><\/p>\n<ul>\n<li><span lang=\"DE-AT\">Marke: GESS<br \/>\n<\/span><\/li>\n<li><span lang=\"DE-AT\">Modell: GESS-623<br \/>\n<\/span><\/li>\n<li><span lang=\"DE-AT\">Signalform: Impuls mit hochfrequenter F\u00fcllung<br \/>\n<\/span><\/li>\n<li><span lang=\"DE-AT\">Impulswiederholrate: 100 Hz +- 10 Hz<br \/>\n<\/span><\/li>\n<li><span lang=\"DE-AT\">Frequenz der HF-F\u00fcllung: 110 +- 50 kHz<br \/>\n<\/span><\/li>\n<li><span lang=\"DE-AT\">durchschnittlicher Ausgangsstrom: 150 mkA<br \/>\n<\/span><\/li>\n<li><span lang=\"DE-AT\">Ausgangsspannung: min.: nicht mehr als 8 kW, bis zu max.: 16 &#8211; 25 kW<br \/>\n<\/span><\/li>\n<li><span lang=\"DE-AT\">Stromquelle: Netz 220 V +- 22V, 50 Hz +- 0,5 Hz<br \/>\n<\/span><\/li>\n<li><span lang=\"DE-AT\">Stromverbrauch: nicht mehr als 0,5 Hz<br \/>\n<\/span><\/li>\n<li><span lang=\"DE-AT\">Paketgr\u00f6\u00dfe: 280 x 60 x 232 mm<br \/>\n<\/span><\/li>\n<li><span lang=\"DE-AT\">Paketgewicht: 0.87 kg<\/span><\/li>\n<\/ul>\n<\/div>\n","protected":false},"excerpt":{"rendered":"<p><strong>Das Hochfrequenz-Haarbehandlungsstabger\u00e4t<\/strong> wird zur Behandlung alternder und problematischer Haut, zur Haarbehandlung, bei Cellulite, Krampfadern und zur Stimulierung des Haarwachstums eingesetzt. Die Darsonvalisation basiert auf der therapeutischen Wirkung eines Wechselstroms mit hoher Spannung auf den menschlichen K\u00f6rper durch eine gasgef\u00fcllte Glaselektrode. Das Hochfrequenzmassageger\u00e4t hilft, die Gehirngef\u00e4\u00dfe zu st\u00e4rken, Kopfschmerzen zu beseitigen, den Schlaf zu normalisieren, Haarausfall vorzubeugen und die Arbeitseffizienz zu steigern. Die regelm\u00e4\u00dfige Verwendung des Ger\u00e4ts verbessert den Gef\u00e4\u00dftonus, st\u00e4rkt das Immunsystem und normalisiert das zentrale Nervensystem.<\/p>\n","protected":false},"featured_media":19345,"comment_status":"open","ping_status":"closed","template":"","meta":[],"product_cat":[909],"product_tag":[1179,1176,1178,1183,1181,1180,1175,1177,1182,985,1007,217,424,689,144,146,214,147,687,148,215,216,218,266,139],"yoast_head":"<!-- This site is optimized with the Yoast SEO Premium plugin v21.9 (Yoast SEO v22.9) - https:\/\/yoast.com\/wordpress\/plugins\/seo\/ -->\n<title>GESS SuperNova High Frequency Facial &amp; Hair Wand | Darsonval<\/title>\n<meta name=\"description\" content=\"Professional GESS SuperNova high frequency facial &amp; hair wand. Darsonval device with 4 electrodes for skin care, acne support &amp; scalp stimulation.\" \/>\n<meta name=\"robots\" content=\"index, follow, max-snippet:-1, max-image-preview:large, max-video-preview:-1\" \/>\n<link rel=\"canonical\" href=\"https:\/\/www.gess365.com\/de\/shop\/darsonvals-high-frequency-wand\/gess-supernova-high-frequency-facial-wand\/\" \/>\n<meta property=\"og:locale\" content=\"de_DE\" \/>\n<meta property=\"og:locale:alternate\" content=\"en_GB\" \/>\n<meta property=\"og:locale:alternate\" content=\"ru_RU\" \/>\n<meta property=\"og:type\" content=\"article\" \/>\n<meta property=\"og:title\" content=\"https:\/\/www.facebook.com\/commerce\/products\/1186775774770134\/\" \/>\n<meta property=\"og:description\" content=\"GESS SuperNova High Frequency Facial Impulse Massager\" \/>\n<meta property=\"og:url\" content=\"https:\/\/www.gess365.com\/de\/shop\/darsonvals-high-frequency-wand\/gess-supernova-high-frequency-facial-wand\/\" \/>\n<meta property=\"og:site_name\" content=\"GESS&trade; | &nbsp;Official Online-Store, EU\" \/>\n<meta property=\"article:publisher\" content=\"https:\/\/www.facebook.com\/gessmarket.eu\" \/>\n<meta property=\"article:modified_time\" content=\"2026-05-13T08:37:18+00:00\" \/>\n<meta property=\"og:image\" content=\"https:\/\/www.gess365.com\/wp-content\/uploads\/2015\/11\/6-supernova-042023.jpg\" \/>\n\t<meta property=\"og:image:width\" content=\"1500\" \/>\n\t<meta property=\"og:image:height\" content=\"1500\" \/>\n\t<meta property=\"og:image:type\" content=\"image\/jpeg\" \/>\n<meta name=\"twitter:card\" content=\"summary_large_image\" \/>\n<meta name=\"twitter:title\" content=\"GESS SuperNova Darsonval Hochfrequenz Akne, Haarausfall, Faltenreduzierung\" \/>\n<meta name=\"twitter:label1\" content=\"Gesch\u00e4tzte Lesezeit\" \/>\n\t<meta name=\"twitter:data1\" content=\"2\u00a0Minuten\" \/>\n<script type=\"application\/ld+json\" class=\"yoast-schema-graph\">{\"@context\":\"https:\/\/schema.org\",\"@graph\":[{\"@type\":[\"WebPage\",\"ItemPage\"],\"@id\":\"https:\/\/www.gess365.com\/shop\/darsonvals-high-frequency-wand\/gess-supernova-high-frequency-facial-wand\/\",\"url\":\"https:\/\/www.gess365.com\/shop\/darsonvals-high-frequency-wand\/gess-supernova-high-frequency-facial-wand\/\",\"name\":\"GESS SuperNova High Frequency Facial & Hair Wand | Darsonval\",\"isPartOf\":{\"@id\":\"https:\/\/www.gess365.com\/#website\"},\"primaryImageOfPage\":{\"@id\":\"https:\/\/www.gess365.com\/shop\/darsonvals-high-frequency-wand\/gess-supernova-high-frequency-facial-wand\/#primaryimage\"},\"image\":{\"@id\":\"https:\/\/www.gess365.com\/shop\/darsonvals-high-frequency-wand\/gess-supernova-high-frequency-facial-wand\/#primaryimage\"},\"thumbnailUrl\":\"https:\/\/www.gess365.com\/wp-content\/uploads\/2015\/11\/1-supernova-042023-1.jpg\",\"datePublished\":\"2015-11-11T11:44:03+00:00\",\"dateModified\":\"2026-05-13T08:37:18+00:00\",\"description\":\"Professional GESS SuperNova high frequency facial & hair wand. Darsonval device with 4 electrodes for skin care, acne support & scalp stimulation.\",\"breadcrumb\":{\"@id\":\"https:\/\/www.gess365.com\/shop\/darsonvals-high-frequency-wand\/gess-supernova-high-frequency-facial-wand\/#breadcrumb\"},\"inLanguage\":\"de-DE\",\"potentialAction\":[{\"@type\":\"ReadAction\",\"target\":[\"https:\/\/www.gess365.com\/shop\/darsonvals-high-frequency-wand\/gess-supernova-high-frequency-facial-wand\/\"]}]},{\"@type\":\"ImageObject\",\"inLanguage\":\"de-DE\",\"@id\":\"https:\/\/www.gess365.com\/shop\/darsonvals-high-frequency-wand\/gess-supernova-high-frequency-facial-wand\/#primaryimage\",\"url\":\"https:\/\/www.gess365.com\/wp-content\/uploads\/2015\/11\/1-supernova-042023-1.jpg\",\"contentUrl\":\"https:\/\/www.gess365.com\/wp-content\/uploads\/2015\/11\/1-supernova-042023-1.jpg\",\"width\":1500,\"height\":1500,\"caption\":\"GESS SuperNova Darsonval High Frequency device Darsonval wand\"},{\"@type\":\"BreadcrumbList\",\"@id\":\"https:\/\/www.gess365.com\/shop\/darsonvals-high-frequency-wand\/gess-supernova-high-frequency-facial-wand\/#breadcrumb\",\"itemListElement\":[{\"@type\":\"ListItem\",\"position\":1,\"name\":\"Home\",\"item\":\"https:\/\/www.gess365.com\/\"},{\"@type\":\"ListItem\",\"position\":2,\"name\":\"\u0418\u043d\u0442\u0435\u0440\u043d\u0435\u0442-\u043c\u0430\u0433\u0430\u0437\u0438\u043d\",\"item\":\"https:\/\/www.gess365.com\/ru\/shop\/\"},{\"@type\":\"ListItem\",\"position\":3,\"name\":\"GESS SuperNova High Frequency Facial &#038; Hair Wand \u2013 Darsonval Device (4 Electrodes)\"}]},{\"@type\":\"WebSite\",\"@id\":\"https:\/\/www.gess365.com\/#website\",\"url\":\"https:\/\/www.gess365.com\/\",\"name\":\"GESS Market\",\"description\":\"GESS MARKET OU\",\"publisher\":{\"@id\":\"https:\/\/www.gess365.com\/#organization\"},\"alternateName\":\"Heating Blanket, Massage and Health Care E Shop | GESS MARKET OU\",\"potentialAction\":[{\"@type\":\"SearchAction\",\"target\":{\"@type\":\"EntryPoint\",\"urlTemplate\":\"https:\/\/www.gess365.com\/?s={search_term_string}\"},\"query-input\":\"required name=search_term_string\"}],\"inLanguage\":\"de-DE\"},{\"@type\":\"Organization\",\"@id\":\"https:\/\/www.gess365.com\/#organization\",\"name\":\"GESS MARKET OU\",\"alternateName\":\"Heating Blanket, Massage and Health Care E Shop | GESS MARKET OU\",\"url\":\"https:\/\/www.gess365.com\/\",\"logo\":{\"@type\":\"ImageObject\",\"inLanguage\":\"de-DE\",\"@id\":\"https:\/\/www.gess365.com\/#\/schema\/logo\/image\/\",\"url\":\"https:\/\/www.gess365.com\/wp-content\/uploads\/2014\/12\/GESS_na-prozrachnom-fone.png\",\"contentUrl\":\"https:\/\/www.gess365.com\/wp-content\/uploads\/2014\/12\/GESS_na-prozrachnom-fone.png\",\"width\":283,\"height\":142,\"caption\":\"GESS MARKET OU\"},\"image\":{\"@id\":\"https:\/\/www.gess365.com\/#\/schema\/logo\/image\/\"},\"sameAs\":[\"https:\/\/www.facebook.com\/gessmarket.eu\",\"https:\/\/www.instagram.com\/gessmarket.eu\/\",\"https:\/\/www.youtube.com\/channel\/UCctSJmzO2z-hcz0J-goW25Q\"],\"publishingPrinciples\":\"https:\/\/www.gess365.com\/massage-products\/\",\"ownershipFundingInfo\":\"https:\/\/www.gess365.com\/massage-products\/\"}]}<\/script>\n<!-- \/ Yoast SEO Premium plugin. -->","yoast_head_json":{"title":"GESS SuperNova High Frequency Facial & Hair Wand | Darsonval","description":"Professional GESS SuperNova high frequency facial & hair wand. Darsonval device with 4 electrodes for skin care, acne support & scalp stimulation.","robots":{"index":"index","follow":"follow","max-snippet":"max-snippet:-1","max-image-preview":"max-image-preview:large","max-video-preview":"max-video-preview:-1"},"canonical":"https:\/\/www.gess365.com\/de\/shop\/darsonvals-high-frequency-wand\/gess-supernova-high-frequency-facial-wand\/","og_locale":"de_DE","og_type":"article","og_title":"https:\/\/www.facebook.com\/commerce\/products\/1186775774770134\/","og_description":"GESS SuperNova High Frequency Facial Impulse Massager","og_url":"https:\/\/www.gess365.com\/de\/shop\/darsonvals-high-frequency-wand\/gess-supernova-high-frequency-facial-wand\/","og_site_name":"GESS&trade; | &nbsp;Official Online-Store, EU","article_publisher":"https:\/\/www.facebook.com\/gessmarket.eu","article_modified_time":"2026-05-13T08:37:18+00:00","og_image":[{"width":1500,"height":1500,"url":"https:\/\/www.gess365.com\/wp-content\/uploads\/2015\/11\/6-supernova-042023.jpg","type":"image\/jpeg"}],"twitter_card":"summary_large_image","twitter_title":"[:en]GESS SuperNova High Frequency Facial & Hair Wand \u2013 Darsonval Device (4 Electrodes)[:de]GESS SuperNova Darsonval Hochfrequenz Akne, Haarausfall, Faltenreduzierung[:ru]\u0414\u0430\u0440\u0441\u043e\u043d\u0432\u0430\u043b\u044c \u043c\u0435\u0434\u0438\u0446\u0438\u043d\u0441\u043a\u0438\u0439 GESS Super Nova[:]","twitter_misc":{"Gesch\u00e4tzte Lesezeit":"2\u00a0Minuten"},"schema":{"@context":"https:\/\/schema.org","@graph":[{"@type":["WebPage","ItemPage"],"@id":"https:\/\/www.gess365.com\/shop\/darsonvals-high-frequency-wand\/gess-supernova-high-frequency-facial-wand\/","url":"https:\/\/www.gess365.com\/shop\/darsonvals-high-frequency-wand\/gess-supernova-high-frequency-facial-wand\/","name":"GESS SuperNova High Frequency Facial & Hair Wand | Darsonval","isPartOf":{"@id":"https:\/\/www.gess365.com\/#website"},"primaryImageOfPage":{"@id":"https:\/\/www.gess365.com\/shop\/darsonvals-high-frequency-wand\/gess-supernova-high-frequency-facial-wand\/#primaryimage"},"image":{"@id":"https:\/\/www.gess365.com\/shop\/darsonvals-high-frequency-wand\/gess-supernova-high-frequency-facial-wand\/#primaryimage"},"thumbnailUrl":"https:\/\/www.gess365.com\/wp-content\/uploads\/2015\/11\/1-supernova-042023-1.jpg","datePublished":"2015-11-11T11:44:03+00:00","dateModified":"2026-05-13T08:37:18+00:00","description":"Professional GESS SuperNova high frequency facial & hair wand. Darsonval device with 4 electrodes for skin care, acne support & scalp stimulation.","breadcrumb":{"@id":"https:\/\/www.gess365.com\/shop\/darsonvals-high-frequency-wand\/gess-supernova-high-frequency-facial-wand\/#breadcrumb"},"inLanguage":"de-DE","potentialAction":[{"@type":"ReadAction","target":["https:\/\/www.gess365.com\/shop\/darsonvals-high-frequency-wand\/gess-supernova-high-frequency-facial-wand\/"]}]},{"@type":"ImageObject","inLanguage":"de-DE","@id":"https:\/\/www.gess365.com\/shop\/darsonvals-high-frequency-wand\/gess-supernova-high-frequency-facial-wand\/#primaryimage","url":"https:\/\/www.gess365.com\/wp-content\/uploads\/2015\/11\/1-supernova-042023-1.jpg","contentUrl":"https:\/\/www.gess365.com\/wp-content\/uploads\/2015\/11\/1-supernova-042023-1.jpg","width":1500,"height":1500,"caption":"GESS SuperNova Darsonval High Frequency device Darsonval wand"},{"@type":"BreadcrumbList","@id":"https:\/\/www.gess365.com\/shop\/darsonvals-high-frequency-wand\/gess-supernova-high-frequency-facial-wand\/#breadcrumb","itemListElement":[{"@type":"ListItem","position":1,"name":"Home","item":"https:\/\/www.gess365.com\/"},{"@type":"ListItem","position":2,"name":"\u0418\u043d\u0442\u0435\u0440\u043d\u0435\u0442-\u043c\u0430\u0433\u0430\u0437\u0438\u043d","item":"https:\/\/www.gess365.com\/ru\/shop\/"},{"@type":"ListItem","position":3,"name":"GESS SuperNova High Frequency Facial &#038; Hair Wand \u2013 Darsonval Device (4 Electrodes)"}]},{"@type":"WebSite","@id":"https:\/\/www.gess365.com\/#website","url":"https:\/\/www.gess365.com\/","name":"GESS Market","description":"GESS MARKET OU","publisher":{"@id":"https:\/\/www.gess365.com\/#organization"},"alternateName":"Heating Blanket, Massage and Health Care E Shop | GESS MARKET OU","potentialAction":[{"@type":"SearchAction","target":{"@type":"EntryPoint","urlTemplate":"https:\/\/www.gess365.com\/?s={search_term_string}"},"query-input":"required name=search_term_string"}],"inLanguage":"de-DE"},{"@type":"Organization","@id":"https:\/\/www.gess365.com\/#organization","name":"GESS MARKET OU","alternateName":"Heating Blanket, Massage and Health Care E Shop | GESS MARKET OU","url":"https:\/\/www.gess365.com\/","logo":{"@type":"ImageObject","inLanguage":"de-DE","@id":"https:\/\/www.gess365.com\/#\/schema\/logo\/image\/","url":"https:\/\/www.gess365.com\/wp-content\/uploads\/2014\/12\/GESS_na-prozrachnom-fone.png","contentUrl":"https:\/\/www.gess365.com\/wp-content\/uploads\/2014\/12\/GESS_na-prozrachnom-fone.png","width":283,"height":142,"caption":"GESS MARKET OU"},"image":{"@id":"https:\/\/www.gess365.com\/#\/schema\/logo\/image\/"},"sameAs":["https:\/\/www.facebook.com\/gessmarket.eu","https:\/\/www.instagram.com\/gessmarket.eu\/","https:\/\/www.youtube.com\/channel\/UCctSJmzO2z-hcz0J-goW25Q"],"publishingPrinciples":"https:\/\/www.gess365.com\/massage-products\/","ownershipFundingInfo":"https:\/\/www.gess365.com\/massage-products\/"}]}},"_links":{"self":[{"href":"https:\/\/www.gess365.com\/de\/wp-json\/wp\/v2\/product\/15678"}],"collection":[{"href":"https:\/\/www.gess365.com\/de\/wp-json\/wp\/v2\/product"}],"about":[{"href":"https:\/\/www.gess365.com\/de\/wp-json\/wp\/v2\/types\/product"}],"replies":[{"embeddable":true,"href":"https:\/\/www.gess365.com\/de\/wp-json\/wp\/v2\/comments?post=15678"}],"wp:featuredmedia":[{"embeddable":true,"href":"https:\/\/www.gess365.com\/de\/wp-json\/wp\/v2\/media\/19345"}],"wp:attachment":[{"href":"https:\/\/www.gess365.com\/de\/wp-json\/wp\/v2\/media?parent=15678"}],"wp:term":[{"taxonomy":"product_cat","embeddable":true,"href":"https:\/\/www.gess365.com\/de\/wp-json\/wp\/v2\/product_cat?post=15678"},{"taxonomy":"product_tag","embeddable":true,"href":"https:\/\/www.gess365.com\/de\/wp-json\/wp\/v2\/product_tag?post=15678"}],"curies":[{"name":"wp","href":"https:\/\/api.w.org\/{rel}","templated":true}]}}