{"id":14819,"date":"2015-09-08T10:22:16","date_gmt":"2015-09-08T10:22:16","guid":{"rendered":"https:\/\/gess365.com\/?page_id=14819"},"modified":"2025-05-28T10:59:14","modified_gmt":"2025-05-28T08:59:14","slug":"massage-products","status":"publish","type":"page","link":"https:\/\/www.gess365.com\/de\/massage-products\/","title":{"rendered":"Unternehmen"},"content":{"rendered":"<p>[spb_column col_sm=&#8221;12&#8243; padding_horizontal=&#8221;0&#8243; width=&#8221;1\/1&#8243; el_position=&#8221;first last&#8221;] [spb_text_block animation=&#8221;none&#8221; animation_delay=&#8221;0&#8243; simplified_controls=&#8221;yes&#8221; custom_css_percentage=&#8221;no&#8221; padding_vertical=&#8221;0&#8243; padding_horizontal=&#8221;0&#8243; margin_vertical=&#8221;0&#8243; custom_css=&#8221;margin-top: 0px;margin-bottom: 0px;&#8221; border_size=&#8221;0&#8243; border_styling_global=&#8221;default&#8221; width=&#8221;1\/1&#8243; el_position=&#8221;first last&#8221;]<\/p>\n<h2>Willkommen auf der Website der Marke GESS!<\/h2>\n<p>[\/spb_text_block] [spb_products asset_type=&#8221;selected-products&#8221; products=&#8221;15676,16279,15689,16301&#8243; display_type=&#8221;gallery&#8221; display_layout=&#8221;standard&#8221; multi_masonry=&#8221;no&#8221; carousel=&#8221;no&#8221; fullwidth=&#8221;no&#8221; columns=&#8221;2&#8243; item_count=&#8221;8&#8243; order_by=&#8221;rand&#8221; order=&#8221;DESC&#8221; button_enabled=&#8221;yes&#8221; width=&#8221;1\/2&#8243; el_position=&#8221;first&#8221;] [spb_text_block animation=&#8221;none&#8221; animation_delay=&#8221;0&#8243; simplified_controls=&#8221;yes&#8221; custom_css_percentage=&#8221;no&#8221; padding_vertical=&#8221;0&#8243; padding_horizontal=&#8221;0&#8243; margin_vertical=&#8221;0&#8243; custom_css=&#8221;margin-top: 0px;margin-bottom: 0px;&#8221; border_size=&#8221;0&#8243; border_styling_global=&#8221;default&#8221; width=&#8221;1\/2&#8243; el_position=&#8221;last&#8221;]<\/p>\n<p><strong>Verkauf von Massagen, Sch\u00f6nheit und Gesundheit seit 2006.<\/strong><\/p>\n<p>Heute bieten wir eine gro\u00dfe Auswahl an Massageger\u00e4ten (Massagetische, Massagest\u00fchle, Massageger\u00e4te f\u00fcr jeden Teil des menschlichen K\u00f6rpers), Gesichts- und K\u00f6rperpflegeger\u00e4ten und einfach interessanten Produkten, die sich perfekt als Geschenk f\u00fcr Ihre Familie oder Freunde eignen.<\/p>\n<p>Wenn Sie sich f\u00fcr ein Produkt der Marke GESS entscheiden, k\u00f6nnen Sie sicher sein, dass es sich durch bew\u00e4hrte Qualit\u00e4t, Effizienz und ein ansprechendes Erscheinungsbild auszeichnet.<\/p>\n<p>GESS ist eine deutsche Marke, daher haben Qualit\u00e4t und Sicherheit f\u00fcr unser Unternehmen h\u00f6chste Priorit\u00e4t. Es ist kein Zufall, dass GESS-Massageger\u00e4te zu jedem Feiertag als Geschenk verwendet werden, denn Gesundheitspflege ist das wichtigste Geschenk f\u00fcr Ihre Familie und Verwandten.<\/p>\n<p>Alle GESS-Ger\u00e4te sind einfach zu verwenden und jedes Produktset enth\u00e4lt sehr ausf\u00fchrliche mehrsprachige technische Informationen, Anweisungen und Anwendungsempfehlungen. Wenn Sie Produkte auf unserer Website erwerben, k\u00f6nnen Sie sicher sein, dass es sich um die aktuellen Modelle handelt, die derzeit auf dem internationalen Markt erh\u00e4ltlich sind. Unser Unternehmen folgt den neuesten Trends und bietet moderne L\u00f6sungen f\u00fcr alle Kategorien, in denen wir t\u00e4tig sind. Wir haben Vertretungen in mehreren L\u00e4ndern auf verschiedenen Kontinenten, die alle neuesten Technologien professionell verfolgen und testen, um unseren Kunden das Beste zu bieten. Wir streben eine langfristige Zusammenarbeit mit unseren Kunden an und bieten auch einen hochwertigen Kundendienst. Heute kommen etwa 50 % aller unserer Kunden f\u00fcr einen weiteren Kauf zu uns zur\u00fcck. Diese Tatsache zeigt, dass die Kunden unserem Unternehmen und unseren Produkten vertrauen. Es ist uns eine Freude, jeden Kunden zu bedienen, aber wir sch\u00e4tzen das Vertrauen wiederkehrender Kunden wirklich sehr!<\/p>\n<p>K\u00fcmmern Sie sich mit Hilfe von GESS um Ihre Gesundheit und Sch\u00f6nheit! Wir m\u00f6chten, dass Sie sorgenfrei leben und mit allen Gesundheitsproblemen leicht, angenehm und freudig fertig werden! Unsere Vertreter in ganz EUROPA sind rund um die Uhr f\u00fcr Sie da, um Ihnen bei Produktfragen zu helfen.<\/p>\n<p>Mit freundlichen Gr\u00fc\u00dfen,<\/p>\n<p>GESS-Team<\/p>\n<p>[\/spb_text_block] [\/spb_column]<\/p>\n","protected":false},"excerpt":{"rendered":"<p>[spb_column col_sm=&#8221;12&#8243; padding_horizontal=&#8221;0&#8243; width=&#8221;1\/1&#8243; el_position=&#8221;first last&#8221;] [spb_text_block animation=&#8221;none&#8221; animation_delay=&#8221;0&#8243; simplified_controls=&#8221;yes&#8221; custom_css_percentage=&#8221;no&#8221; padding_vertical=&#8221;0&#8243; padding_horizontal=&#8221;0&#8243; margin_vertical=&#8221;0&#8243; custom_css=&#8221;margin-top: 0px;margin-bottom: 0px;&#8221; border_size=&#8221;0&#8243; border_styling_global=&#8221;default&#8221; width=&#8221;1\/1&#8243; el_position=&#8221;first last&#8221;] Willkommen auf der Website der Marke GESS! [\/spb_text_block] [spb_products asset_type=&#8221;selected-products&#8221; products=&#8221;15676,16279,15689,16301&#8243; display_type=&#8221;gallery&#8221; display_layout=&#8221;standard&#8221; multi_masonry=&#8221;no&#8221; carousel=&#8221;no&#8221; fullwidth=&#8221;no&#8221; columns=&#8221;2&#8243; item_count=&#8221;8&#8243; order_by=&#8221;rand&#8221; order=&#8221;DESC&#8221; button_enabled=&#8221;yes&#8221; width=&#8221;1\/2&#8243; el_position=&#8221;first&#8221;] [spb_text_block animation=&#8221;none&#8221; animation_delay=&#8221;0&#8243; simplified_controls=&#8221;yes&#8221; custom_css_percentage=&#8221;no&#8221; padding_vertical=&#8221;0&#8243; padding_horizontal=&#8221;0&#8243; margin_vertical=&#8221;0&#8243; custom_css=&#8221;margin-top: 0px;margin-bottom: 0px;&#8221; border_size=&#8221;0&#8243; border_styling_global=&#8221;default&#8221; width=&#8221;1\/2&#8243; el_position=&#8221;last&#8221;] [&hellip;]<\/p>\n","protected":false},"author":1,"featured_media":0,"parent":0,"menu_order":0,"comment_status":"closed","ping_status":"closed","template":"","meta":{"footnotes":""},"yoast_head":"<!-- This site is optimized with the Yoast SEO Premium plugin v21.9 (Yoast SEO v22.9) - https:\/\/yoast.com\/wordpress\/plugins\/seo\/ -->\n<title>EU Suplier of Massage, Health &amp; Beauty Products | GESS<\/title>\n<meta name=\"description\" content=\"European supplier of massage, health &amp; beauty products. We offer partnership for working on dropship conditions with no MOQ.\" \/>\n<meta name=\"robots\" content=\"index, follow, max-snippet:-1, max-image-preview:large, max-video-preview:-1\" \/>\n<link rel=\"canonical\" href=\"https:\/\/www.gess365.com\/de\/massage-products\/\" \/>\n<meta property=\"og:locale\" content=\"de_DE\" \/>\n<meta property=\"og:locale:alternate\" content=\"en_GB\" \/>\n<meta property=\"og:locale:alternate\" content=\"ru_RU\" \/>\n<meta property=\"og:type\" content=\"article\" \/>\n<meta property=\"og:title\" content=\"Unternehmen\" \/>\n<meta property=\"og:description\" content=\"European supplier of massage, health &amp; beauty products. We offer partnership for working on dropship conditions with no MOQ.\" \/>\n<meta property=\"og:url\" content=\"https:\/\/www.gess365.com\/de\/massage-products\/\" \/>\n<meta property=\"og:site_name\" content=\"GESS&trade; | &nbsp;Official Online-Store, EU\" \/>\n<meta property=\"article:publisher\" content=\"https:\/\/www.facebook.com\/gessmarket.eu\" \/>\n<meta property=\"article:modified_time\" content=\"2025-05-28T08:59:14+00:00\" \/>\n<meta property=\"og:image\" content=\"https:\/\/www.gess365.com\/wp-content\/uploads\/2014\/12\/web_favicon2.jpg\" \/>\n\t<meta property=\"og:image:width\" content=\"516\" \/>\n\t<meta property=\"og:image:height\" content=\"516\" \/>\n\t<meta property=\"og:image:type\" content=\"image\/jpeg\" \/>\n<meta name=\"twitter:card\" content=\"summary_large_image\" \/>\n<meta name=\"twitter:label1\" content=\"Gesch\u00e4tzte Lesezeit\" \/>\n\t<meta name=\"twitter:data1\" content=\"2\u00a0Minuten\" \/>\n<script type=\"application\/ld+json\" class=\"yoast-schema-graph\">{\"@context\":\"https:\/\/schema.org\",\"@graph\":[{\"@type\":\"WebPage\",\"@id\":\"https:\/\/www.gess365.com\/massage-products\/\",\"url\":\"https:\/\/www.gess365.com\/massage-products\/\",\"name\":\"EU Suplier of Massage, Health & Beauty Products | GESS\",\"isPartOf\":{\"@id\":\"https:\/\/www.gess365.com\/#website\"},\"datePublished\":\"2015-09-08T10:22:16+00:00\",\"dateModified\":\"2025-05-28T08:59:14+00:00\",\"description\":\"European supplier of massage, health & beauty products. We offer partnership for working on dropship conditions with no MOQ.\",\"breadcrumb\":{\"@id\":\"https:\/\/www.gess365.com\/massage-products\/#breadcrumb\"},\"inLanguage\":\"de-DE\",\"potentialAction\":[{\"@type\":\"ReadAction\",\"target\":[\"https:\/\/www.gess365.com\/massage-products\/\"]}]},{\"@type\":\"BreadcrumbList\",\"@id\":\"https:\/\/www.gess365.com\/massage-products\/#breadcrumb\",\"itemListElement\":[{\"@type\":\"ListItem\",\"position\":1,\"name\":\"Home\",\"item\":\"https:\/\/www.gess365.com\/\"},{\"@type\":\"ListItem\",\"position\":2,\"name\":\"Company\"}]},{\"@type\":\"WebSite\",\"@id\":\"https:\/\/www.gess365.com\/#website\",\"url\":\"https:\/\/www.gess365.com\/\",\"name\":\"GESS Market\",\"description\":\"GESS MARKET OU\",\"publisher\":{\"@id\":\"https:\/\/www.gess365.com\/#organization\"},\"alternateName\":\"Heating Blanket, Massage and Health Care E Shop | GESS MARKET OU\",\"potentialAction\":[{\"@type\":\"SearchAction\",\"target\":{\"@type\":\"EntryPoint\",\"urlTemplate\":\"https:\/\/www.gess365.com\/?s={search_term_string}\"},\"query-input\":\"required name=search_term_string\"}],\"inLanguage\":\"de-DE\"},{\"@type\":\"Organization\",\"@id\":\"https:\/\/www.gess365.com\/#organization\",\"name\":\"GESS MARKET OU\",\"alternateName\":\"Heating Blanket, Massage and Health Care E Shop | GESS MARKET OU\",\"url\":\"https:\/\/www.gess365.com\/\",\"logo\":{\"@type\":\"ImageObject\",\"inLanguage\":\"de-DE\",\"@id\":\"https:\/\/www.gess365.com\/#\/schema\/logo\/image\/\",\"url\":\"https:\/\/www.gess365.com\/wp-content\/uploads\/2014\/12\/GESS_na-prozrachnom-fone.png\",\"contentUrl\":\"https:\/\/www.gess365.com\/wp-content\/uploads\/2014\/12\/GESS_na-prozrachnom-fone.png\",\"width\":283,\"height\":142,\"caption\":\"GESS MARKET OU\"},\"image\":{\"@id\":\"https:\/\/www.gess365.com\/#\/schema\/logo\/image\/\"},\"sameAs\":[\"https:\/\/www.facebook.com\/gessmarket.eu\",\"https:\/\/www.instagram.com\/gessmarket.eu\/\",\"https:\/\/www.youtube.com\/channel\/UCctSJmzO2z-hcz0J-goW25Q\"],\"publishingPrinciples\":\"https:\/\/www.gess365.com\/massage-products\/\",\"ownershipFundingInfo\":\"https:\/\/www.gess365.com\/massage-products\/\"}]}<\/script>\n<!-- \/ Yoast SEO Premium plugin. -->","yoast_head_json":{"title":"EU Suplier of Massage, Health & Beauty Products | GESS","description":"European supplier of massage, health & beauty products. We offer partnership for working on dropship conditions with no MOQ.","robots":{"index":"index","follow":"follow","max-snippet":"max-snippet:-1","max-image-preview":"max-image-preview:large","max-video-preview":"max-video-preview:-1"},"canonical":"https:\/\/www.gess365.com\/de\/massage-products\/","og_locale":"de_DE","og_type":"article","og_title":"[:en]Company[:de]Unternehmen[:ru]\u041a\u043e\u043c\u043f\u0430\u043d\u0438\u044f[:]","og_description":"European supplier of massage, health & beauty products. We offer partnership for working on dropship conditions with no MOQ.","og_url":"https:\/\/www.gess365.com\/de\/massage-products\/","og_site_name":"GESS&trade; | &nbsp;Official Online-Store, EU","article_publisher":"https:\/\/www.facebook.com\/gessmarket.eu","article_modified_time":"2025-05-28T08:59:14+00:00","og_image":[{"width":516,"height":516,"url":"https:\/\/www.gess365.com\/wp-content\/uploads\/2014\/12\/web_favicon2.jpg","type":"image\/jpeg"}],"twitter_card":"summary_large_image","twitter_misc":{"Gesch\u00e4tzte Lesezeit":"2\u00a0Minuten"},"schema":{"@context":"https:\/\/schema.org","@graph":[{"@type":"WebPage","@id":"https:\/\/www.gess365.com\/massage-products\/","url":"https:\/\/www.gess365.com\/massage-products\/","name":"EU Suplier of Massage, Health & Beauty Products | GESS","isPartOf":{"@id":"https:\/\/www.gess365.com\/#website"},"datePublished":"2015-09-08T10:22:16+00:00","dateModified":"2025-05-28T08:59:14+00:00","description":"European supplier of massage, health & beauty products. We offer partnership for working on dropship conditions with no MOQ.","breadcrumb":{"@id":"https:\/\/www.gess365.com\/massage-products\/#breadcrumb"},"inLanguage":"de-DE","potentialAction":[{"@type":"ReadAction","target":["https:\/\/www.gess365.com\/massage-products\/"]}]},{"@type":"BreadcrumbList","@id":"https:\/\/www.gess365.com\/massage-products\/#breadcrumb","itemListElement":[{"@type":"ListItem","position":1,"name":"Home","item":"https:\/\/www.gess365.com\/"},{"@type":"ListItem","position":2,"name":"Company"}]},{"@type":"WebSite","@id":"https:\/\/www.gess365.com\/#website","url":"https:\/\/www.gess365.com\/","name":"GESS Market","description":"GESS MARKET OU","publisher":{"@id":"https:\/\/www.gess365.com\/#organization"},"alternateName":"Heating Blanket, Massage and Health Care E Shop | GESS MARKET OU","potentialAction":[{"@type":"SearchAction","target":{"@type":"EntryPoint","urlTemplate":"https:\/\/www.gess365.com\/?s={search_term_string}"},"query-input":"required name=search_term_string"}],"inLanguage":"de-DE"},{"@type":"Organization","@id":"https:\/\/www.gess365.com\/#organization","name":"GESS MARKET OU","alternateName":"Heating Blanket, Massage and Health Care E Shop | GESS MARKET OU","url":"https:\/\/www.gess365.com\/","logo":{"@type":"ImageObject","inLanguage":"de-DE","@id":"https:\/\/www.gess365.com\/#\/schema\/logo\/image\/","url":"https:\/\/www.gess365.com\/wp-content\/uploads\/2014\/12\/GESS_na-prozrachnom-fone.png","contentUrl":"https:\/\/www.gess365.com\/wp-content\/uploads\/2014\/12\/GESS_na-prozrachnom-fone.png","width":283,"height":142,"caption":"GESS MARKET OU"},"image":{"@id":"https:\/\/www.gess365.com\/#\/schema\/logo\/image\/"},"sameAs":["https:\/\/www.facebook.com\/gessmarket.eu","https:\/\/www.instagram.com\/gessmarket.eu\/","https:\/\/www.youtube.com\/channel\/UCctSJmzO2z-hcz0J-goW25Q"],"publishingPrinciples":"https:\/\/www.gess365.com\/massage-products\/","ownershipFundingInfo":"https:\/\/www.gess365.com\/massage-products\/"}]}},"_links":{"self":[{"href":"https:\/\/www.gess365.com\/de\/wp-json\/wp\/v2\/pages\/14819"}],"collection":[{"href":"https:\/\/www.gess365.com\/de\/wp-json\/wp\/v2\/pages"}],"about":[{"href":"https:\/\/www.gess365.com\/de\/wp-json\/wp\/v2\/types\/page"}],"author":[{"embeddable":true,"href":"https:\/\/www.gess365.com\/de\/wp-json\/wp\/v2\/users\/1"}],"replies":[{"embeddable":true,"href":"https:\/\/www.gess365.com\/de\/wp-json\/wp\/v2\/comments?post=14819"}],"version-history":[{"count":34,"href":"https:\/\/www.gess365.com\/de\/wp-json\/wp\/v2\/pages\/14819\/revisions"}],"predecessor-version":[{"id":20123,"href":"https:\/\/www.gess365.com\/de\/wp-json\/wp\/v2\/pages\/14819\/revisions\/20123"}],"wp:attachment":[{"href":"https:\/\/www.gess365.com\/de\/wp-json\/wp\/v2\/media?parent=14819"}],"curies":[{"name":"wp","href":"https:\/\/api.w.org\/{rel}","templated":true}]}}